{"id":3383,"date":"2021-05-11T07:35:10","date_gmt":"2021-05-11T07:35:10","guid":{"rendered":"http:\/\/ludzie.fundacja-pih.pl\/?post_type=product&#038;p=3383"},"modified":"2025-05-16T14:21:55","modified_gmt":"2025-05-16T14:21:55","slug":"dulawski-lech-kazimierz-lubin","status":"publish","type":"product","link":"http:\/\/ludzie.fundacja-pih.pl\/index.php\/product\/dulawski-lech-kazimierz-lubin\/","title":{"rendered":"Du\u0142awski Lech Kazimierz (Lubin)"},"content":{"rendered":"<p>Urodzi\u0142 si\u0119 1 czerwca 1951 roku w K\u0142odzku.<\/p>\n<p>G\u00f3rnik. We wrze\u015bniu 1980 roku wst\u0105pi\u0142 do NSZZ \u201eSolidarno\u015b\u0107\u201d, by\u0142 cz\u0142onkiem Komisji Zak\u0142adowej NSZZ \u201eSolidarno\u015b\u0107\u201d w KGHM Zak\u0142ady G\u00f3rnicze \u201eLubin\u201d. Po wprowadzeniu stanu wojennego w dniach 14 &#8211; 16 grudnia 1981 roku organizowa\u0142 strajk okupacyjny i przewodniczy\u0142 Komitetowi Strajkowemu na Szybie w KGHM Zak\u0142ady G\u00f3rnicze \u201eLubin\u201d. Nast\u0119pnie zosta\u0142 zwolniony z pracy za udzia\u0142 w strajku. W latach 1982 \u2013 1989 by\u0142 dzia\u0142aczem lub wsp\u00f3\u0142pracownikiem nast\u0119puj\u0105cych struktur konspiracyjnych: Mi\u0119dzyzak\u0142adowej Komisji Koordynacyjnej NSZZ \u201eSolidarno\u015b\u0107\u201d Wojew\u00f3dztwa Legnickiego, \u201eSolidarno\u015bci Walcz\u0105cej\u201d, Tymczasowej Komisji Zak\u0142adowej NSZZ \u201eSolidarno\u015b\u0107\u201d Zak\u0142ad\u00f3w Rob\u00f3t G\u00f3rniczych w Lubinie. 31 stycznia 1983 roku zosta\u0142 aresztowany za dzia\u0142alno\u015b\u0107 w podziemnych strukturach NSZZ \u201eSolidarno\u015b\u0107\u201d. W dniu 8 pa\u017adziernika tego samego roku zwolniono go z Aresztu \u015aledczego we Wroc\u0142awiu. Po wyj\u015bciu na wolno\u015b\u0107 kontynuowa\u0142 dzia\u0142alno\u015b\u0107 konspiracyjn\u0105. W maju 1988 roku wsp\u00f3\u0142organizowa\u0142 strajk w Zak\u0142adzie Rob\u00f3t G\u00f3rniczych KGHM Lubin, w sierpniu 1988 roku wsp\u00f3\u0142organizowa\u0142 strajk w KGHM Lubin. W 1988 roku by\u0142 cz\u0142onkiem Komitetu Organizacyjnego NSZZ Solidarno\u015b\u0107 w Zak\u0142adzie Rob\u00f3t G\u00f3rniczych KGHM Lubin. W latach 1989 &#8211; 1997 nale\u017ca\u0142 do Komisji Zak\u0142adowej NSZZ Solidarno\u015b\u0107 Zak\u0142adu Rob\u00f3t G\u00f3rniczych KGHM Lubin. By\u0142 represjonowany za dzia\u0142alno\u015b\u0107 konspiracyjn\u0105. Zosta\u0142 odznaczony: Odznak\u0105 Honorow\u0105 \u201eDzia\u0142acza opozycji antykomunistycznej lub osoby represjonowanej z powod\u00f3w politycznych\u201d oraz Odznak\u0105 Honorow\u0105 za d\u0142ugoletni\u0105 prac\u0119 w g\u00f3rnictwie.<\/p>\n","protected":false},"excerpt":{"rendered":"<p>Urodzi\u0142 si\u0119 1 czerwca 1951 roku w K\u0142odzku. G\u00f3rnik. We wrze\u015bniu 1980 roku wst\u0105pi\u0142 do NSZZ \u201eSolidarno\u015b\u0107\u201d, by\u0142 cz\u0142onkiem Komisji Zak\u0142adowej NSZZ \u201eSolidarno\u015b\u0107\u201d w KGHM Zak\u0142ady G\u00f3rnicze \u201eLubin\u201d. Po wprowadzeniu stanu wojennego w dniach 14 &#8211; 16 grudnia 1981 roku organizowa\u0142 strajk okupacyjny i przewodniczy\u0142 Komitetowi Strajkowemu na Szybie w KGHM Zak\u0142ady G\u00f3rnicze \u201eLubin\u201d. Nast\u0119pnie [&hellip;]<\/p>\n","protected":false},"featured_media":906,"template":"","meta":[],"_links":{"self":[{"href":"http:\/\/ludzie.fundacja-pih.pl\/index.php\/wp-json\/wp\/v2\/product\/3383"}],"collection":[{"href":"http:\/\/ludzie.fundacja-pih.pl\/index.php\/wp-json\/wp\/v2\/product"}],"about":[{"href":"http:\/\/ludzie.fundacja-pih.pl\/index.php\/wp-json\/wp\/v2\/types\/product"}],"wp:featuredmedia":[{"embeddable":true,"href":"http:\/\/ludzie.fundacja-pih.pl\/index.php\/wp-json\/wp\/v2\/media\/906"}],"wp:attachment":[{"href":"http:\/\/ludzie.fundacja-pih.pl\/index.php\/wp-json\/wp\/v2\/media?parent=3383"}],"curies":[{"name":"wp","href":"https:\/\/api.w.org\/{rel}","templated":true}]}}