{"id":3394,"date":"2021-05-12T09:57:49","date_gmt":"2021-05-12T09:57:49","guid":{"rendered":"http:\/\/ludzie.fundacja-pih.pl\/?post_type=product&#038;p=3394"},"modified":"2025-05-16T14:21:57","modified_gmt":"2025-05-16T14:21:57","slug":"nisiewicz-wanda-pila","status":"publish","type":"product","link":"http:\/\/ludzie.fundacja-pih.pl\/index.php\/product\/nisiewicz-wanda-pila\/","title":{"rendered":"Nisiewicz Wanda (Pi\u0142a)"},"content":{"rendered":"<p>Urodzi\u0142a si\u0119 10 czerwca 1959 roku w Poznaniu.<\/p>\n<p>Krawcowa. 13 grudnia 1981 roku w mieszkaniu Wandy Nisiewicz  mia\u0142o miejsce spotkanie za\u0142o\u017cycielskie Tymczasowej Komisji Zak\u0142adowej NSZZ \u201eSolidarno\u015b\u0107\u201d Polam \u2013 Pi\u0142a. W kolejnych  miesi\u0105cach dostarcza\u0142a rodzinom os\u00f3b prze\u015bladowanych i opozycjonist\u00f3w z Pi\u0142y pomoc rzeczow\u0105 i finansow\u0105. Od kwietnia 1982 roku, po internowaniu m\u0119\u017ca, odwiedza\u0142a internowanych w ZK w G\u0119barzewie i w szpitalu w Gnie\u017anie. Po zwolnieniu m\u0119\u017ca z internowania, odwiedza\u0142a pozosta\u0142ych internowanych dzia\u0142aczy NSZZ \u201eS\u201d w ZK w Kwidzyniu i w szpitalu w Prabutach. W sierpniu 1982 roku, w dniu pacyfikacji internowanych w wi\u0119zieniu w Kwidzyniu wraz z E. Zydorek z innymi odwiedzaj\u0105cymi, protestowa\u0142a przed bram\u0105 kwidzy\u0144skiego wi\u0119zienia przeciw pobiciu os\u00f3b internowanych w tym o\u015brodku. W latach 1982 \u2013 1985 zawozi\u0142a ulotki i wydawnictwa bezdebitowe do Poznania i przywozi\u0142a do Pi\u0142y wydawnictwa z tzw. drugiego obiegu m.in. \u201eSolidarno\u015bci Walcz\u0105cej\u201d. W roku 1983 pomaga\u0142a w organizacji pomocy prawnej dla aresztowanych opozycjonist\u00f3w. W roku 1989 Wanda Nisiewicz zosta\u0142a cz\u0142onkiem Zarz\u0105du Regionu Wielkopolska NSZZ Solidarno\u015b\u0107 jako delegatka z firmy budowlanej Poz \u2013 Bulding Pozna\u0144 Oddzia\u0142 Pi\u0142a.<\/p>\n","protected":false},"excerpt":{"rendered":"<p>Urodzi\u0142a si\u0119 10 czerwca 1959 roku w Poznaniu. Krawcowa. 13 grudnia 1981 roku w mieszkaniu Wandy Nisiewicz mia\u0142o miejsce spotkanie za\u0142o\u017cycielskie Tymczasowej Komisji Zak\u0142adowej NSZZ \u201eSolidarno\u015b\u0107\u201d Polam \u2013 Pi\u0142a. W kolejnych miesi\u0105cach dostarcza\u0142a rodzinom os\u00f3b prze\u015bladowanych i opozycjonist\u00f3w z Pi\u0142y pomoc rzeczow\u0105 i finansow\u0105. Od kwietnia 1982 roku, po internowaniu m\u0119\u017ca, odwiedza\u0142a internowanych w ZK [&hellip;]<\/p>\n","protected":false},"featured_media":3395,"template":"","meta":[],"_links":{"self":[{"href":"http:\/\/ludzie.fundacja-pih.pl\/index.php\/wp-json\/wp\/v2\/product\/3394"}],"collection":[{"href":"http:\/\/ludzie.fundacja-pih.pl\/index.php\/wp-json\/wp\/v2\/product"}],"about":[{"href":"http:\/\/ludzie.fundacja-pih.pl\/index.php\/wp-json\/wp\/v2\/types\/product"}],"wp:featuredmedia":[{"embeddable":true,"href":"http:\/\/ludzie.fundacja-pih.pl\/index.php\/wp-json\/wp\/v2\/media\/3395"}],"wp:attachment":[{"href":"http:\/\/ludzie.fundacja-pih.pl\/index.php\/wp-json\/wp\/v2\/media?parent=3394"}],"curies":[{"name":"wp","href":"https:\/\/api.w.org\/{rel}","templated":true}]}}