{"id":3398,"date":"2021-05-12T10:04:30","date_gmt":"2021-05-12T10:04:30","guid":{"rendered":"http:\/\/ludzie.fundacja-pih.pl\/?post_type=product&#038;p=3398"},"modified":"2025-05-16T14:21:57","modified_gmt":"2025-05-16T14:21:57","slug":"jakubiak-robert","status":"publish","type":"product","link":"http:\/\/ludzie.fundacja-pih.pl\/index.php\/product\/jakubiak-robert\/","title":{"rendered":"Jakubiak Robert"},"content":{"rendered":"<p>Ur. 17\/07\/1968 r.<br \/>\nBy\u0142 cz\u0142onkiem Solidarno\u015bci Walcz\u0105cej Oddzia\u0142 Warszawa wywodz\u0105cej si\u0119 z Grupy &#8220;Alternatywa&#8221;.<br \/>\nBra\u0142 udzia\u0142 w kolporta\u017cu pism Solidarno\u015bci Walcz\u0105cej z Warszawy i Wroc\u0142awia oraz w akcjach specjalnych Grup Wykonawczych SW.<\/p>\n","protected":false},"excerpt":{"rendered":"<p>Ur. 17\/07\/1968 r. By\u0142 cz\u0142onkiem Solidarno\u015bci Walcz\u0105cej Oddzia\u0142 Warszawa wywodz\u0105cej si\u0119 z Grupy &#8220;Alternatywa&#8221;. Bra\u0142 udzia\u0142 w kolporta\u017cu pism Solidarno\u015bci Walcz\u0105cej z Warszawy i Wroc\u0142awia oraz w akcjach specjalnych Grup Wykonawczych SW.<\/p>\n","protected":false},"featured_media":3399,"template":"","meta":[],"_links":{"self":[{"href":"http:\/\/ludzie.fundacja-pih.pl\/index.php\/wp-json\/wp\/v2\/product\/3398"}],"collection":[{"href":"http:\/\/ludzie.fundacja-pih.pl\/index.php\/wp-json\/wp\/v2\/product"}],"about":[{"href":"http:\/\/ludzie.fundacja-pih.pl\/index.php\/wp-json\/wp\/v2\/types\/product"}],"wp:featuredmedia":[{"embeddable":true,"href":"http:\/\/ludzie.fundacja-pih.pl\/index.php\/wp-json\/wp\/v2\/media\/3399"}],"wp:attachment":[{"href":"http:\/\/ludzie.fundacja-pih.pl\/index.php\/wp-json\/wp\/v2\/media?parent=3398"}],"curies":[{"name":"wp","href":"https:\/\/api.w.org\/{rel}","templated":true}]}}