{"id":3404,"date":"2021-05-12T14:14:37","date_gmt":"2021-05-12T14:14:37","guid":{"rendered":"http:\/\/ludzie.fundacja-pih.pl\/?post_type=product&#038;p=3404"},"modified":"2025-05-16T14:21:59","modified_gmt":"2025-05-16T14:21:59","slug":"krokowska-maria-walbrzych","status":"publish","type":"product","link":"http:\/\/ludzie.fundacja-pih.pl\/index.php\/product\/krokowska-maria-walbrzych\/","title":{"rendered":"Krokowska Maria (Wa\u0142brzych)"},"content":{"rendered":"<p>Redaktor biuletynu \u201eW\u0119gielki Wa\u0142brzyskie\u201d. Kolporter podziemnych wydawnictw \u201eS\u201d i Solidarno\u015bci Walcz\u0105cej.<\/p>\n<p>Zarejestrowana jako TW ps. &#8220;Tarzan&#8221; (na podstawie ksi\u0105\u017cki Katarzyny Kaczorowskiej i W\u0142odzimierza Suleji &#8220;Najwa\u017cniejsza jest konsekwencja&#8221; Mieczys\u0142aw Tarnowski (1946-1991) wyd. &#8220;Profil&#8221;, Wroc\u0142aw 2012)<\/p>\n","protected":false},"excerpt":{"rendered":"<p>Redaktor biuletynu \u201eW\u0119gielki Wa\u0142brzyskie\u201d. Kolporter podziemnych wydawnictw \u201eS\u201d i Solidarno\u015bci Walcz\u0105cej. Zarejestrowana jako TW ps. &#8220;Tarzan&#8221; (na podstawie ksi\u0105\u017cki Katarzyny Kaczorowskiej i W\u0142odzimierza Suleji &#8220;Najwa\u017cniejsza jest konsekwencja&#8221; Mieczys\u0142aw Tarnowski (1946-1991) wyd. &#8220;Profil&#8221;, Wroc\u0142aw 2012)<\/p>\n","protected":false},"featured_media":906,"template":"","meta":[],"_links":{"self":[{"href":"http:\/\/ludzie.fundacja-pih.pl\/index.php\/wp-json\/wp\/v2\/product\/3404"}],"collection":[{"href":"http:\/\/ludzie.fundacja-pih.pl\/index.php\/wp-json\/wp\/v2\/product"}],"about":[{"href":"http:\/\/ludzie.fundacja-pih.pl\/index.php\/wp-json\/wp\/v2\/types\/product"}],"wp:featuredmedia":[{"embeddable":true,"href":"http:\/\/ludzie.fundacja-pih.pl\/index.php\/wp-json\/wp\/v2\/media\/906"}],"wp:attachment":[{"href":"http:\/\/ludzie.fundacja-pih.pl\/index.php\/wp-json\/wp\/v2\/media?parent=3404"}],"curies":[{"name":"wp","href":"https:\/\/api.w.org\/{rel}","templated":true}]}}