{"id":3405,"date":"2021-05-12T14:16:59","date_gmt":"2021-05-12T14:16:59","guid":{"rendered":"http:\/\/ludzie.fundacja-pih.pl\/?post_type=product&#038;p=3405"},"modified":"2025-05-16T14:21:59","modified_gmt":"2025-05-16T14:21:59","slug":"tercki-marian-leszek-walbrzych","status":"publish","type":"product","link":"http:\/\/ludzie.fundacja-pih.pl\/index.php\/product\/tercki-marian-leszek-walbrzych\/","title":{"rendered":"Tercki Marian Leszek (Wa\u0142brzych)"},"content":{"rendered":"<p>Urodzi\u0142 si\u0119 13 grudnia 1958 roku w Wa\u0142brzychu.<\/p>\n<p>W latach 1977 \u2013 1980 by\u0142 wsp\u00f3\u0142pracownikiem KOR\/KSS KOR oraz kolporterem niezale\u017cnego pisma \u201eRobotnik\u201d. W latach 1980 \u2013 1984 pracowa\u0142 jako malarz, spawacz i robotnik drogowy w Wa\u0142brzyskim Przedsi\u0119biorstwie Budowlanym. W dniach 30 &#8211; 31 sierpnia 1980 roku wsp\u00f3\u0142organizowa\u0142 strajk w zak\u0142adzie pracy. Dzie\u0144 po wprowadzeniu stanu wojennego, wsp\u00f3\u0142organizowa\u0142 strajk tam\u017ce. Od grudnia 1981 roku do roku 1989 nale\u017ca\u0142 podziemnej grupy w Wa\u0142brzychu, skupionej wok\u00f3\u0142 Ryszarda Mocka. Od grudnia 1981 roku do 1986 roku wchodzi\u0142 w sk\u0142ad Komitetu Pomocy Internowanym\/Komitetu Pomocy Wi\u0119zionym i ich Rodzinom w Wa\u0142brzychu. W latach 1982 \u2013 1989 by\u0142 w\u0142a\u015bcicielem i zarz\u0105dc\u0105 jednej z wi\u0119kszych podziemnych drukarni w Wa\u0142brzychu. Drukowano w niej m.in.: \u201eInformator G\u00f3rniczy\u201d, \u201eInformator Wa\u0142brzyski\u201d i \u201eNiezale\u017cne S\u0142owo\u201d. W latach 1982 \u2013 1989 by\u0142 zaanga\u017cowany w kolporta\u017c na terenie \u00f3wczesnego wojew\u00f3dztwa wa\u0142brzyskiego takich podziemnych wydawnictw jak: \u201eTygodnik Mazowsze\u201d, \u201eZ Dnia na Dzie\u0144\u201d, \u201eSolidarno\u015b\u0107 Walcz\u0105ca\u201d, \u201eBiuletyn Dolno\u015bl\u0105ski\u201d, \u201eNiezale\u017cne S\u0142owo\u201d, ksi\u0105\u017cek Instytutu Literackiego w Pary\u017cu i NOW-ej, ulotek i znaczk\u00f3w poczt podziemnych. 9 listopada 1982 roku zosta\u0142 aresztowany i osadzony w Areszcie \u015aledczym w \u015awidnicy. 23 grudnia 1982 roku zosta\u0142 zwolniony. 27 czerwca 1983 roku zosta\u0142 skazany przez S\u0105d Rejonowy w Wa\u0142brzychu z siedzib\u0105 w \u015awidnicy na kar\u0119 10 miesi\u0119cy pozbawienia wolno\u015bci w zawieszeniu. 17 sierpnia 1983 roku S\u0105d Wojew\u00f3dzki w Wa\u0142brzychu na mocy amnestii darowa\u0142 mu kar\u0119. W latach 1984 \u2013 1985 by\u0142 zatrudniony jako pracownik budowlany w Firmie Malarsko-Budowlanej w Wa\u0142brzychu. W latach 1984 \u2013 1988 nale\u017ca\u0142 do Duszpasterstwa Ludzi Pracy przy wa\u0142brzyskiej parafii \u015bw. J\u00f3zefa Robotnika, a w latach 1988 &#8211; 1989 przy parafii \u015bw. Jerzego w Wa\u0142brzychu. 31 sierpnia 1985 roku zosta\u0142 zatrzymany, 2 wrze\u015bnia ponownie aresztowany i osadzony w Areszcie \u015aledczym w \u015awidnicy. 23 grudnia 1985 roku zosta\u0142 skazany przez S\u0105d Rejonowy w Wa\u0142brzychu z siedzib\u0105 w \u015awidnicy na kar\u0119 jednego roku pozbawienia wolno\u015bci. 11 sierpnia 1986 roku zosta\u0142 zwolniony. W latach 1986 \u2013 1991 by\u0142 pracownikiem budowlanym w Zak\u0142adzie Remontowo-Budowlanym S\u0142u\u017cby Zdrowia w Wa\u0142brzychu. 1986 \u2013 1989 nale\u017ca\u0142 do TKZ S\u0142u\u017cby Zdrowia tam\u017ce. Od 1991 na rencie.<br \/>\nOd 19 sierpnia 1982 roku do 2 lutego 1987 roku by\u0142 rozpracowywany przez Wydz. V KW MO\/WUSW w Wa\u0142brzychu w ramach SOS\/SOR o kryptonimie \u201eKuter\u201d. Od 9 listopada 1982 do 2 marca 1983 roku przez Wydz. V KW MO w ramach SOR o kryptonimie \u201eInformator\u201d. Od 26 lipca 1983 roku do 17 sierpnia 1984 roku przez Wydz. V KW MO\/WUSW w ramach KE\/SOR o kryptonimie \u201eBetoniarz\u201d. Od 29 wrze\u015bnia 1986 roku do 23 marca 1987 roku przez Wydz. V WUSW w ramach KE o kryptonimie Kulas.<\/p>\n","protected":false},"excerpt":{"rendered":"<p>Urodzi\u0142 si\u0119 13 grudnia 1958 roku w Wa\u0142brzychu. W latach 1977 \u2013 1980 by\u0142 wsp\u00f3\u0142pracownikiem KOR\/KSS KOR oraz kolporterem niezale\u017cnego pisma \u201eRobotnik\u201d. W latach 1980 \u2013 1984 pracowa\u0142 jako malarz, spawacz i robotnik drogowy w Wa\u0142brzyskim Przedsi\u0119biorstwie Budowlanym. W dniach 30 &#8211; 31 sierpnia 1980 roku wsp\u00f3\u0142organizowa\u0142 strajk w zak\u0142adzie pracy. Dzie\u0144 po wprowadzeniu stanu [&hellip;]<\/p>\n","protected":false},"featured_media":3406,"template":"","meta":[],"_links":{"self":[{"href":"http:\/\/ludzie.fundacja-pih.pl\/index.php\/wp-json\/wp\/v2\/product\/3405"}],"collection":[{"href":"http:\/\/ludzie.fundacja-pih.pl\/index.php\/wp-json\/wp\/v2\/product"}],"about":[{"href":"http:\/\/ludzie.fundacja-pih.pl\/index.php\/wp-json\/wp\/v2\/types\/product"}],"wp:featuredmedia":[{"embeddable":true,"href":"http:\/\/ludzie.fundacja-pih.pl\/index.php\/wp-json\/wp\/v2\/media\/3406"}],"wp:attachment":[{"href":"http:\/\/ludzie.fundacja-pih.pl\/index.php\/wp-json\/wp\/v2\/media?parent=3405"}],"curies":[{"name":"wp","href":"https:\/\/api.w.org\/{rel}","templated":true}]}}