{"id":3407,"date":"2021-05-12T14:18:28","date_gmt":"2021-05-12T14:18:28","guid":{"rendered":"http:\/\/ludzie.fundacja-pih.pl\/?post_type=product&#038;p=3407"},"modified":"2025-05-16T14:22:00","modified_gmt":"2025-05-16T14:22:00","slug":"mocek-ryszard-walbrzych","status":"publish","type":"product","link":"http:\/\/ludzie.fundacja-pih.pl\/index.php\/product\/mocek-ryszard-walbrzych\/","title":{"rendered":"Mocek Ryszard (Wa\u0142brzych)"},"content":{"rendered":"<p>Urodzi\u0142 si\u0119 22 stycznia 1954 roku w Wa\u0142brzychu.<\/p>\n<p>W 1971 roku uko\u0144czy\u0142 Zasadnicz\u0105 Szko\u0142\u0119 G\u00f3rnicz\u0105 w Wa\u0142brzychu. W latach 1972 \u2013 1973 pracowa\u0142 jako spawacz w Przedsi\u0119biorstwie Urz\u0105dze\u0144 G\u00f3rniczych w Wa\u0142brzychu. W latach 1973 &#8211; 1979 by\u0142 zatrudniony jako elektromonter, spawacz i g\u00f3rnik w Przedsi\u0119biorstwie Elektromonta\u017cowym Przemys\u0142u G\u00f3rniczego Elkop Chorz\u00f3w Oddzia\u0142 w Wa\u0142brzychu. W latach 1979 &#8211; 2004 pracowa\u0142 jako g\u00f3rnik w wa\u0142brzyskiej Kopalni W\u0119gla Kamiennego \u201eThorez\u201d. W dniach 27 \u2013 31 sierpnia 1980 roku bra\u0142 udzia\u0142 w strajku w swoim zak\u0142adzie pracy. We wrze\u015bniu 1980 wst\u0105pi\u0142 do NSZZ \u201eSolidarno\u015b\u0107\u201d. W latach 1980 -1981 nale\u017ca\u0142 do KZ. Po wprowadzeniu stanu wojennego, w dniach 14 \u2013 16 grudnia 1981 roku, by\u0142 wsp\u00f3\u0142organizatorem strajku w zak\u0142adzie pracy. Od grudnia 1981 roku do roku 1983 organizowa\u0142 i nieformalnie szefowa\u0142 pierwszej podziemnej strukturze w Wa\u0142brzychu. W latach 1981\u20131989 uczestniczy\u0142 w akcjach ulotkowych, plakatowych i w akcjach malowania antyre\u017cimowych napis\u00f3w na murach. W 1982 roku by\u0142 wsp\u00f3\u0142organizatorem antyre\u017cimowych manifestacji w Wa\u0142brzychu. Od grudnia 1981 roku do roku 1983 wchodzi\u0142 w sk\u0142ad Komitetu Pomocy Internowanym\/Komitetu Pomocy Wi\u0119zionym i ich Rodzinom w Wa\u0142brzychu. W latach 1981 &#8211; 1989 zak\u0142ada\u0142 i koordynowa\u0142 dzia\u0142alno\u015b\u0107 dw\u00f3ch najwi\u0119kszych drukarni podziemnych w Wa\u0142brzychau, wydaj\u0105cej podziemne pisma takie jak: \u201eInformator G\u00f3rniczy\u201d i \u201eInformator Wa\u0142brzyski\u201d oraz przedruki \u201eNiezale\u017cnego S\u0142owa\u201d i \u201eZ Dnia na Dzie\u0144\u201d. W latach 1982 &#8211; 1983 by\u0142 za\u0142o\u017cycielem, redaktorem, autorem i organizatorem druku \u201eInformatora G\u00f3rniczego\u201d, a w roku 1983 \u201eInformatora Wa\u0142brzyskiego\u201d. W latach 1982 &#8211; 1985 organizowa\u0142 w Wa\u0142brzychu sie\u0107 kolporta\u017cu podziemnych pism w tym m.in. tytu\u0142\u00f3w takich jak: \u201eTygodnik Mazowsze\u201d, \u201eZ Dnia na Dzie\u0144\u201d, \u201eSolidarno\u015b\u0107 Walcz\u0105ca\u201d, \u201eBiuletyn Dolno\u015bl\u0105ski\u201d, \u201eNiezale\u017cne S\u0142owo\u201d, paryska \u201eKultura\u201d oraz ksi\u0105\u017cek Instytutu Literackiego w Pary\u017cu oraz NOW-ej. Kolportowa\u0142 ulotki, znaczki poczt podziemnych, kalendarze, banknoty i inne tego typu materia\u0142y. W latach 1982 &#8211; 1989 nale\u017ca\u0142 do KIK w Wa\u0142brzychu. Od lutego 1983 roku do roku 1989 pe\u0142ni\u0142 funkcj\u0119 wiceprzewodnicz\u0105cego Tajnej\/Tymczasowej Komisji Oddzia\u0142u \u201eS\u201d Wojew\u00f3dztwa Wa\u0142brzyskiego. W grudniu 1982 roku i pa\u017adzierniku 1984 roku Ryszard Mocek zosta\u0142 pobity. 21 grudnia 1983 roku zosta\u0142 aresztowany i osadzony w Areszcie \u015aledczym w Wa\u0142brzychu. Zwolniono go 20 stycznia 1984 roku i obj\u0119to dozorem milicyjnym. 6 kwietnia tego samego roku ponownie go aresztowany i osadzono w Areszcie \u015aledczym w Wa\u0142brzychu. 29 maja 1984 roku zwolniono ze wzgl\u0119du na sytuacj\u0119 rodzinn\u0105. 6 sierpnia 1984 roku post\u0119powanie wobe niego umorzono na mocy amnestii. W latach 1984 &#8211; 1988 nale\u017ca\u0142 do Duszpasterstwa Ludzi Pracy przy parafii \u015bw. J\u00f3zefa Robotnika w Wa\u0142brzychu. W latach 1988 \u2013 1989 do Duszpasterstwa Ludzi Pracy przy wa\u0142brzyskiej parafii \u015bw. Jerzego. Od marca do czerwca 1989 roku wchodzi\u0142 w sk\u0142ad KO przy Mieczys\u0142awie Tarnowskim\/KO w Wa\u0142brzychu. W kwietniu 1989 roku zosta\u0142  przewodnicz\u0105cym Komitetu Organizacyjnego w KWK \u201eThorez\u201d. W latach 1989 &#8211; 2000 cz\u0142onek KZ. Obecnie na emeryturze. W 1998 roku roku Ryszrad Mocek zosta\u0142 odznaczony Z\u0142otym Krzy\u017cem Zas\u0142ugi, a w roku 2016 Krzy\u017cem Wolno\u015bci i Solidarno\u015bci. Do 13 pa\u017adziernika 1986 roku by\u0142 rozpracowywany przez Wydz. V WUSW w Wa\u0142brzychu w ramach SOR.<\/p>\n","protected":false},"excerpt":{"rendered":"<p>Urodzi\u0142 si\u0119 22 stycznia 1954 roku w Wa\u0142brzychu. W 1971 roku uko\u0144czy\u0142 Zasadnicz\u0105 Szko\u0142\u0119 G\u00f3rnicz\u0105 w Wa\u0142brzychu. W latach 1972 \u2013 1973 pracowa\u0142 jako spawacz w Przedsi\u0119biorstwie Urz\u0105dze\u0144 G\u00f3rniczych w Wa\u0142brzychu. W latach 1973 &#8211; 1979 by\u0142 zatrudniony jako elektromonter, spawacz i g\u00f3rnik w Przedsi\u0119biorstwie Elektromonta\u017cowym Przemys\u0142u G\u00f3rniczego Elkop Chorz\u00f3w Oddzia\u0142 w Wa\u0142brzychu. W latach [&hellip;]<\/p>\n","protected":false},"featured_media":3408,"template":"","meta":[],"_links":{"self":[{"href":"http:\/\/ludzie.fundacja-pih.pl\/index.php\/wp-json\/wp\/v2\/product\/3407"}],"collection":[{"href":"http:\/\/ludzie.fundacja-pih.pl\/index.php\/wp-json\/wp\/v2\/product"}],"about":[{"href":"http:\/\/ludzie.fundacja-pih.pl\/index.php\/wp-json\/wp\/v2\/types\/product"}],"wp:featuredmedia":[{"embeddable":true,"href":"http:\/\/ludzie.fundacja-pih.pl\/index.php\/wp-json\/wp\/v2\/media\/3408"}],"wp:attachment":[{"href":"http:\/\/ludzie.fundacja-pih.pl\/index.php\/wp-json\/wp\/v2\/media?parent=3407"}],"curies":[{"name":"wp","href":"https:\/\/api.w.org\/{rel}","templated":true}]}}