{"id":3426,"date":"2021-05-12T23:46:04","date_gmt":"2021-05-12T23:46:04","guid":{"rendered":"http:\/\/ludzie.fundacja-pih.pl\/?post_type=product&#038;p=3426"},"modified":"2025-05-16T14:22:01","modified_gmt":"2025-05-16T14:22:01","slug":"czernik-mieczyslaw","status":"publish","type":"product","link":"http:\/\/ludzie.fundacja-pih.pl\/index.php\/product\/czernik-mieczyslaw\/","title":{"rendered":"Czernik Mieczys\u0142aw (Wa\u0142brzych-Bogusz\u00f3w Gorce)"},"content":{"rendered":"<p>Kolporter podziemnych wydawnictw \u201eS\u201d i Solidarno\u015bci Walcz\u0105cej.<\/p>\n","protected":false},"excerpt":{"rendered":"<p>Kolporter podziemnych wydawnictw \u201eS\u201d i Solidarno\u015bci Walcz\u0105cej.<\/p>\n","protected":false},"featured_media":3427,"template":"","meta":[],"_links":{"self":[{"href":"http:\/\/ludzie.fundacja-pih.pl\/index.php\/wp-json\/wp\/v2\/product\/3426"}],"collection":[{"href":"http:\/\/ludzie.fundacja-pih.pl\/index.php\/wp-json\/wp\/v2\/product"}],"about":[{"href":"http:\/\/ludzie.fundacja-pih.pl\/index.php\/wp-json\/wp\/v2\/types\/product"}],"wp:featuredmedia":[{"embeddable":true,"href":"http:\/\/ludzie.fundacja-pih.pl\/index.php\/wp-json\/wp\/v2\/media\/3427"}],"wp:attachment":[{"href":"http:\/\/ludzie.fundacja-pih.pl\/index.php\/wp-json\/wp\/v2\/media?parent=3426"}],"curies":[{"name":"wp","href":"https:\/\/api.w.org\/{rel}","templated":true}]}}