{"id":3440,"date":"2021-05-14T08:50:03","date_gmt":"2021-05-14T08:50:03","guid":{"rendered":"http:\/\/ludzie.fundacja-pih.pl\/?post_type=product&#038;p=3440"},"modified":"2025-05-16T14:22:03","modified_gmt":"2025-05-16T14:22:03","slug":"straga-sylwester-pila","status":"publish","type":"product","link":"http:\/\/ludzie.fundacja-pih.pl\/index.php\/product\/straga-sylwester-pila\/","title":{"rendered":"Straga Sylwester (Pi\u0142a)"},"content":{"rendered":"<p>Urodzi\u0142 si\u0119 29 grudnia 1938 roku w Gniewk\u00f3wcu.<\/p>\n<p>Kierowca. By\u0142 zatrudniony w Chodzieskich Zak\u0142adach Porcelany i Porcelitu. W 1980 roku wst\u0105pi\u0142 do NSZZ \u201eSolidarno\u015b\u0107\u201d.<br \/>\nBy\u0142em jednym z inicjator\u00f3w za\u0142o\u017cenia Zwi\u0105zku Zawodowego NSZZ Solidarno\u015b\u0107 w Ch.Z.P. i P. Pe\u0142ni\u0142 funkcje zast\u0119pcy przewodnicz\u0105cego, przewodnicz\u0105cego Komisji Wydzia\u0142owej oraz wiceprzewodnicz\u0105cego Komisji Zak\u0142adowej. Nale\u017ca\u0142 tak\u017ce do Zarz\u0105du Regionu w Pile. Po wprowadzeniu stanu wojennego 13 grudnia 1981 roku zosta\u0142 aresztowany, internowany i osadzony w O\u015brodkach Odosobnienia we Wronkach i G\u0119barzewie. Zosta\u0142 zwolniony 29 kwietnia 1982 roku. Po wyj\u015bciu na wolno\u015b\u0107 rozpocz\u0105\u0142 dzia\u0142alno\u015b\u0107 w strukturach podziemnych. 3 czerwca 1984 roku zosta\u0142 aresztowany w Chodzie\u017cy i przewieziony do Pi\u0142y. By\u0142 wielokrotnie przes\u0142uchiwany, zastraszany i nak\u0142aniany do wsp\u00f3\u0142pracy. W jego mieszkaniu przeprowadzono rewizj\u0119, rodzin\u0119 poddawano represjom. 26 lipca 1984 roku zosta\u0142 zwolniony na mocy amnestii. W lutym 1985 roku rozpocz\u0105\u0142 dzia\u0142alno\u015b\u0107 w strukturach pilskiego oddzia\u0142u \u201eSolidarno\u015bci Walcz\u0105cej\u201d. By\u0142 jej zaprzysi\u0119\u017conym cz\u0142onkiem. W 1986 roku przeszed\u0142 na rent\u0119 inwalidzk\u0105. Do 1989 roku kolportowa\u0142 wydawnictwa podziemne.<\/p>\n","protected":false},"excerpt":{"rendered":"<p>Urodzi\u0142 si\u0119 29 grudnia 1938 roku w Gniewk\u00f3wcu. Kierowca. By\u0142 zatrudniony w Chodzieskich Zak\u0142adach Porcelany i Porcelitu. W 1980 roku wst\u0105pi\u0142 do NSZZ \u201eSolidarno\u015b\u0107\u201d. By\u0142em jednym z inicjator\u00f3w za\u0142o\u017cenia Zwi\u0105zku Zawodowego NSZZ Solidarno\u015b\u0107 w Ch.Z.P. i P. Pe\u0142ni\u0142 funkcje zast\u0119pcy przewodnicz\u0105cego, przewodnicz\u0105cego Komisji Wydzia\u0142owej oraz wiceprzewodnicz\u0105cego Komisji Zak\u0142adowej. Nale\u017ca\u0142 tak\u017ce do Zarz\u0105du Regionu w Pile. [&hellip;]<\/p>\n","protected":false},"featured_media":3441,"template":"","meta":[],"_links":{"self":[{"href":"http:\/\/ludzie.fundacja-pih.pl\/index.php\/wp-json\/wp\/v2\/product\/3440"}],"collection":[{"href":"http:\/\/ludzie.fundacja-pih.pl\/index.php\/wp-json\/wp\/v2\/product"}],"about":[{"href":"http:\/\/ludzie.fundacja-pih.pl\/index.php\/wp-json\/wp\/v2\/types\/product"}],"wp:featuredmedia":[{"embeddable":true,"href":"http:\/\/ludzie.fundacja-pih.pl\/index.php\/wp-json\/wp\/v2\/media\/3441"}],"wp:attachment":[{"href":"http:\/\/ludzie.fundacja-pih.pl\/index.php\/wp-json\/wp\/v2\/media?parent=3440"}],"curies":[{"name":"wp","href":"https:\/\/api.w.org\/{rel}","templated":true}]}}