{"id":3473,"date":"2021-05-16T16:47:00","date_gmt":"2021-05-16T16:47:00","guid":{"rendered":"http:\/\/ludzie.fundacja-pih.pl\/?post_type=product&#038;p=3473"},"modified":"2025-05-16T14:22:04","modified_gmt":"2025-05-16T14:22:04","slug":"zelaskiewicz-henryk","status":"publish","type":"product","link":"http:\/\/ludzie.fundacja-pih.pl\/index.php\/product\/zelaskiewicz-henryk\/","title":{"rendered":"\u017bela\u015bkiewicz Henryk"},"content":{"rendered":"<p>Urodzi\u0142 si\u0119 21 lipca 1955 roku we Wroc\u0142awiu.<\/p>\n<p>Od 1982 roku by\u0142 zwi\u0105zany z \u201eSolidarno\u015bci\u0105 Walcz\u0105c\u0105\u201d. W ramach dzia\u0142alno\u015bci w tej organizacji zajmowa\u0142 si\u0119 pisaniem i kolportowaniem ulotek oraz kr\u00f3tkich tekst\u00f3w. Projektowa\u0142, odbija\u0142 przy u\u017cyciu tuszu i rozkleja\u0142 ulotki w budkach telefonicznych, na Politechnice Wroc\u0142awskiej, w szko\u0142ach i na murach. Wielokrotnie by\u0142 zatrzymywany przez MO i ZOMO. Kilka razy zosta\u0142 pobity. Gro\u017cono mu \u015bmierci\u0105. Mimo represji nie zaprzesta\u0142 dzia\u0142alno\u015bci opozycyjnej. W 2019 roku otrzyma\u0142 odznaczenie Za zas\u0142ugi dla Niepodleg\u0142o\u015bci.<\/p>\n","protected":false},"excerpt":{"rendered":"<p>Urodzi\u0142 si\u0119 21 lipca 1955 roku we Wroc\u0142awiu. Od 1982 roku by\u0142 zwi\u0105zany z \u201eSolidarno\u015bci\u0105 Walcz\u0105c\u0105\u201d. W ramach dzia\u0142alno\u015bci w tej organizacji zajmowa\u0142 si\u0119 pisaniem i kolportowaniem ulotek oraz kr\u00f3tkich tekst\u00f3w. Projektowa\u0142, odbija\u0142 przy u\u017cyciu tuszu i rozkleja\u0142 ulotki w budkach telefonicznych, na Politechnice Wroc\u0142awskiej, w szko\u0142ach i na murach. Wielokrotnie by\u0142 zatrzymywany przez MO [&hellip;]<\/p>\n","protected":false},"featured_media":906,"template":"","meta":[],"_links":{"self":[{"href":"http:\/\/ludzie.fundacja-pih.pl\/index.php\/wp-json\/wp\/v2\/product\/3473"}],"collection":[{"href":"http:\/\/ludzie.fundacja-pih.pl\/index.php\/wp-json\/wp\/v2\/product"}],"about":[{"href":"http:\/\/ludzie.fundacja-pih.pl\/index.php\/wp-json\/wp\/v2\/types\/product"}],"wp:featuredmedia":[{"embeddable":true,"href":"http:\/\/ludzie.fundacja-pih.pl\/index.php\/wp-json\/wp\/v2\/media\/906"}],"wp:attachment":[{"href":"http:\/\/ludzie.fundacja-pih.pl\/index.php\/wp-json\/wp\/v2\/media?parent=3473"}],"curies":[{"name":"wp","href":"https:\/\/api.w.org\/{rel}","templated":true}]}}