{"id":3482,"date":"2021-05-16T18:39:59","date_gmt":"2021-05-16T18:39:59","guid":{"rendered":"http:\/\/ludzie.fundacja-pih.pl\/?post_type=product&#038;p=3482"},"modified":"2025-05-16T14:22:05","modified_gmt":"2025-05-16T14:22:05","slug":"blachut-krzysztof","status":"publish","type":"product","link":"http:\/\/ludzie.fundacja-pih.pl\/index.php\/product\/blachut-krzysztof\/","title":{"rendered":"B\u0142achut Krzysztof"},"content":{"rendered":"<p>Urodzi\u0142 si\u0119 27 V 1958 w Poznaniu. Absolwent Politechniki Wroc\u0142awskiej, Wydz. In\u017cynierii Sanitarnej (1984).<\/p>\n<p>W X 1980 wsp\u00f3\u0142za\u0142o\u017cyciel NZS na PWr; w 1981 wsp\u00f3\u0142tw\u00f3rca i redaktor pisma NZS \u201eO co chodzi?\u201d; w 1981 cz\u0142onek KS na PWr.<\/p>\n<p>14 XII 1981 uczestnik strajku na PWr, spacyfikowanego w nocy z 14\/15 XII 1981; 18 XII 1981 internowany w O\u015br. Odosobnienia we Wroc\u0142awiu, w I 1982 zwolniony. Po wyj\u015bciu wsp\u00f3\u0142organizator Narodowej Organizacji Wyzwole\u0144czej Lechia, w IV 1982 aresztowany, przetrzymywany w A\u015a KW MO, w V 1982 skazany na 1 rok wi\u0119zienia w zawieszeniu na 3 lata. Po wyj\u015bciu wsp\u00f3\u0142tw\u00f3rca pisma podziemnego \u201eGoniec Polski\u201d; od XII 1982 wraz z NOW Lechia cz\u0142onek Solidarno\u015bci Walcz\u0105cej, tw\u00f3rca struktur zajmuj\u0105cych si\u0119 drukiem, wydawaniem ksi\u0105\u017cek, projektowaniem i drukiem znaczk\u00f3w poczt podziemnych. Wsp\u00f3\u0142organizator kilku TKZ \u201eS\u201d we wroc\u0142awskich zak\u0142adach pracy. 1984-1989 asystent projektanta, nast\u0119pnie projektant w Biurze Projektowym Biprowot. 1985-1988 tw\u00f3rca, szef struktury pn. Poczta Solidarno\u015bci Walcz\u0105cej; w 1988 za\u0142o\u017cyciel Towarzystwa Kurs\u00f3w Spo\u0142ecznych, redaktor naczelny pisma \u201eInformator TKS\u201d, autor (ps. Krzysztof Sudecki).<\/p>\n<p>1989-1996 pracownik wroc\u0142awskich sp\u00f3\u0142dzielni mieszkaniowych, od 1996 w\u0142asna dzia\u0142alno\u015b\u0107 gospodarcza.<\/p>\n<p>Od 28 XI 1985 rozpracowywany przez Wydz. III\/Insp. II WUSW we Wroc\u0142awiu w ramach SOR krypt. Kleks.<\/p>\n<p>&nbsp;<\/p>\n<p><em>Artur Adamski<\/em><\/p>\n","protected":false},"excerpt":{"rendered":"<p>Urodzi\u0142 si\u0119 27 V 1958 w Poznaniu. Absolwent Politechniki Wroc\u0142awskiej, Wydz. In\u017cynierii Sanitarnej (1984). W X 1980 wsp\u00f3\u0142za\u0142o\u017cyciel NZS na PWr; w 1981 wsp\u00f3\u0142tw\u00f3rca i redaktor pisma NZS \u201eO co chodzi?\u201d; w 1981 cz\u0142onek KS na PWr. 14 XII 1981 uczestnik strajku na PWr, spacyfikowanego w nocy z 14\/15 XII 1981; 18 XII 1981 internowany [&hellip;]<\/p>\n","protected":false},"featured_media":5165,"template":"","meta":[],"_links":{"self":[{"href":"http:\/\/ludzie.fundacja-pih.pl\/index.php\/wp-json\/wp\/v2\/product\/3482"}],"collection":[{"href":"http:\/\/ludzie.fundacja-pih.pl\/index.php\/wp-json\/wp\/v2\/product"}],"about":[{"href":"http:\/\/ludzie.fundacja-pih.pl\/index.php\/wp-json\/wp\/v2\/types\/product"}],"wp:featuredmedia":[{"embeddable":true,"href":"http:\/\/ludzie.fundacja-pih.pl\/index.php\/wp-json\/wp\/v2\/media\/5165"}],"wp:attachment":[{"href":"http:\/\/ludzie.fundacja-pih.pl\/index.php\/wp-json\/wp\/v2\/media?parent=3482"}],"curies":[{"name":"wp","href":"https:\/\/api.w.org\/{rel}","templated":true}]}}