{"id":3486,"date":"2021-05-16T19:04:26","date_gmt":"2021-05-16T19:04:26","guid":{"rendered":"http:\/\/ludzie.fundacja-pih.pl\/?post_type=product&#038;p=3486"},"modified":"2025-05-16T14:22:08","modified_gmt":"2025-05-16T14:22:08","slug":"jusis-zbigniew","status":"publish","type":"product","link":"http:\/\/ludzie.fundacja-pih.pl\/index.php\/product\/jusis-zbigniew\/","title":{"rendered":"Jusis Zbigniew"},"content":{"rendered":"<p>Wsp\u00f3\u0142prac\u0119 z SW nawi\u0105za\u0142 wsp\u00f3lnie z Adamem Borowskim, <span class=\"gwp491737c1_size\">Miros\u0142aw\u0105 \u0141\u0105tkowsk\u0105, Tadeuszem Markiewiczem, Jackiem Mejsakiem i <\/span><span class=\"gwp491737c1_size\">Krzysztofem Wolfem.\u00a0<\/span><\/p>\n<p>Dzia\u0142alno\u015b\u0107 przejawia\u0142a si\u0119 w druku i kolporta\u017cu wydawnictw podziemnych.<\/p>\n","protected":false},"excerpt":{"rendered":"<p>Wsp\u00f3\u0142prac\u0119 z SW nawi\u0105za\u0142 wsp\u00f3lnie z Adamem Borowskim, Miros\u0142aw\u0105 \u0141\u0105tkowsk\u0105, Tadeuszem Markiewiczem, Jackiem Mejsakiem i Krzysztofem Wolfem.\u00a0 Dzia\u0142alno\u015b\u0107 przejawia\u0142a si\u0119 w druku i kolporta\u017cu wydawnictw podziemnych.<\/p>\n","protected":false},"featured_media":0,"template":"","meta":[],"_links":{"self":[{"href":"http:\/\/ludzie.fundacja-pih.pl\/index.php\/wp-json\/wp\/v2\/product\/3486"}],"collection":[{"href":"http:\/\/ludzie.fundacja-pih.pl\/index.php\/wp-json\/wp\/v2\/product"}],"about":[{"href":"http:\/\/ludzie.fundacja-pih.pl\/index.php\/wp-json\/wp\/v2\/types\/product"}],"wp:attachment":[{"href":"http:\/\/ludzie.fundacja-pih.pl\/index.php\/wp-json\/wp\/v2\/media?parent=3486"}],"curies":[{"name":"wp","href":"https:\/\/api.w.org\/{rel}","templated":true}]}}