{"id":3493,"date":"2021-05-17T17:48:04","date_gmt":"2021-05-17T17:48:04","guid":{"rendered":"http:\/\/ludzie.fundacja-pih.pl\/?post_type=product&#038;p=3493"},"modified":"2025-05-16T14:22:10","modified_gmt":"2025-05-16T14:22:10","slug":"3493","status":"publish","type":"product","link":"http:\/\/ludzie.fundacja-pih.pl\/index.php\/product\/3493\/","title":{"rendered":"Biolik Grzegorz"},"content":{"rendered":"<p>Urodzi\u0142 si\u0119 w 1961 roku w m. Bielsko Bia\u0142a<\/p>\n<p>W 1980 roku jako student Akademii Rolniczej w Lublinie by\u0142 zaanga\u017cowany w kolporta\u017c wydawnictw bezdebitowych, kt\u00f3rych posiadanie i rozpowszechnianie by\u0142o w\u00f3wczas w Polsce prawnie zabronione. Wtedy r\u00f3wnie\u017c nawi\u0105za\u0142 kontakt ze \u015brodowiskiem lubelskiej opozycji antykomunistycznej. Po og\u0142oszeniu stanu wojennego nie zaniecha\u0142 dzia\u0142alno\u015bci opozycyjnej. Zajmowa\u0142 si\u0119 drukiem podziemnego pisma pt. \u201eInformator Nauczycielski\u201d oraz \u201eSolidarno\u015b\u0107 Nauczycielska\u201d. Pozyskiwa\u0142 tak\u017ce materia\u0142y poligraficzne oraz nielegalne wydawnictwa z innych region\u00f3w kraju m.in. z Krakowa i Warszawy. W 1983 roku rozpocz\u0105\u0142 wsp\u00f3\u0142prac\u0119 z redakcj\u0105 podziemnego wydawnictwa pt. \u201eBiblioteka Informatora\u201d, z redakcj\u0105 Niezale\u017cnego Pisma M\u0142odych Katolik\u00f3w pt. \u201eSpotkania\u201d i z lubelskim oddzia\u0142em \u201eSolidarno\u015bci Walcz\u0105cej\u201d. Jego dzia\u0142alno\u015b\u0107 opozycyjna trwa\u0142a nieprzerwanie do 1987 roku. Odznaczony Krzy\u017cem Wolno\u015bci i Solidarno\u015bci.<\/p>\n","protected":false},"excerpt":{"rendered":"<p>Urodzi\u0142 si\u0119 w 1961 roku w m. Bielsko Bia\u0142a W 1980 roku jako student Akademii Rolniczej w Lublinie by\u0142 zaanga\u017cowany w kolporta\u017c wydawnictw bezdebitowych, kt\u00f3rych posiadanie i rozpowszechnianie by\u0142o w\u00f3wczas w Polsce prawnie zabronione. Wtedy r\u00f3wnie\u017c nawi\u0105za\u0142 kontakt ze \u015brodowiskiem lubelskiej opozycji antykomunistycznej. Po og\u0142oszeniu stanu wojennego nie zaniecha\u0142 dzia\u0142alno\u015bci opozycyjnej. Zajmowa\u0142 si\u0119 drukiem podziemnego [&hellip;]<\/p>\n","protected":false},"featured_media":906,"template":"","meta":[],"_links":{"self":[{"href":"http:\/\/ludzie.fundacja-pih.pl\/index.php\/wp-json\/wp\/v2\/product\/3493"}],"collection":[{"href":"http:\/\/ludzie.fundacja-pih.pl\/index.php\/wp-json\/wp\/v2\/product"}],"about":[{"href":"http:\/\/ludzie.fundacja-pih.pl\/index.php\/wp-json\/wp\/v2\/types\/product"}],"wp:featuredmedia":[{"embeddable":true,"href":"http:\/\/ludzie.fundacja-pih.pl\/index.php\/wp-json\/wp\/v2\/media\/906"}],"wp:attachment":[{"href":"http:\/\/ludzie.fundacja-pih.pl\/index.php\/wp-json\/wp\/v2\/media?parent=3493"}],"curies":[{"name":"wp","href":"https:\/\/api.w.org\/{rel}","templated":true}]}}