{"id":3506,"date":"2021-05-18T12:47:06","date_gmt":"2021-05-18T12:47:06","guid":{"rendered":"http:\/\/ludzie.fundacja-pih.pl\/?post_type=product&#038;p=3506"},"modified":"2025-05-16T14:22:15","modified_gmt":"2025-05-16T14:22:15","slug":"piotrowski-stanislaw-jelenia-gora","status":"publish","type":"product","link":"http:\/\/ludzie.fundacja-pih.pl\/index.php\/product\/piotrowski-stanislaw-jelenia-gora\/","title":{"rendered":"Piotrowski Stanis\u0142aw (Jelenia G\u00f3ra)"},"content":{"rendered":"<p>Wchodzi\u0142 w sk\u0142ad redakcji \u201eCwiskoziak\u201d &#8211; pisma wydawanego nieregularnie  w latach 1984 &#8211; 1985 przez Tymczasow\u0105 Komisj\u0119 Robotnicz\u0105 \u201eSolidarno\u015bci\u201d w Zak\u0142adach W\u0142\u00f3kien Chemicznych Chemitex-Celwiskoza w Jeleniej G\u00f3rze. Redakcja prezentowa\u0142a te\u017c program \u201eSolidarno\u015bci Walcz\u0105cej\u201d. 22 maja 1985 roku, po rewizji mieszka\u0144 i znalezieniu m.in. numeru \u201eCwiskoziaka\u201d Stanis\u0142awa Piotrowskiego aresztowano i skazano na kar\u0119 6 miesi\u0119cy pozbawienia wolno\u015bci w zawieszeniu.<\/p>\n","protected":false},"excerpt":{"rendered":"<p>Wchodzi\u0142 w sk\u0142ad redakcji \u201eCwiskoziak\u201d &#8211; pisma wydawanego nieregularnie w latach 1984 &#8211; 1985 przez Tymczasow\u0105 Komisj\u0119 Robotnicz\u0105 \u201eSolidarno\u015bci\u201d w Zak\u0142adach W\u0142\u00f3kien Chemicznych Chemitex-Celwiskoza w Jeleniej G\u00f3rze. Redakcja prezentowa\u0142a te\u017c program \u201eSolidarno\u015bci Walcz\u0105cej\u201d. 22 maja 1985 roku, po rewizji mieszka\u0144 i znalezieniu m.in. numeru \u201eCwiskoziaka\u201d Stanis\u0142awa Piotrowskiego aresztowano i skazano na kar\u0119 6 miesi\u0119cy pozbawienia [&hellip;]<\/p>\n","protected":false},"featured_media":906,"template":"","meta":[],"_links":{"self":[{"href":"http:\/\/ludzie.fundacja-pih.pl\/index.php\/wp-json\/wp\/v2\/product\/3506"}],"collection":[{"href":"http:\/\/ludzie.fundacja-pih.pl\/index.php\/wp-json\/wp\/v2\/product"}],"about":[{"href":"http:\/\/ludzie.fundacja-pih.pl\/index.php\/wp-json\/wp\/v2\/types\/product"}],"wp:featuredmedia":[{"embeddable":true,"href":"http:\/\/ludzie.fundacja-pih.pl\/index.php\/wp-json\/wp\/v2\/media\/906"}],"wp:attachment":[{"href":"http:\/\/ludzie.fundacja-pih.pl\/index.php\/wp-json\/wp\/v2\/media?parent=3506"}],"curies":[{"name":"wp","href":"https:\/\/api.w.org\/{rel}","templated":true}]}}