{"id":3527,"date":"2021-05-19T08:05:02","date_gmt":"2021-05-19T08:05:02","guid":{"rendered":"http:\/\/ludzie.fundacja-pih.pl\/?post_type=product&#038;p=3527"},"modified":"2025-05-16T14:22:22","modified_gmt":"2025-05-16T14:22:22","slug":"mroz-stanislaw-nowa-sol","status":"publish","type":"product","link":"http:\/\/ludzie.fundacja-pih.pl\/index.php\/product\/mroz-stanislaw-nowa-sol\/","title":{"rendered":"Mr\u00f3z Stanis\u0142aw (Nowa S\u00f3l)"},"content":{"rendered":"<p>Urodzi\u0142 si\u0119 15 grudnia 1950 roku w Tomaszowie Lubelskim. <\/p>\n<p>Od 13 grudnia 1981 roku do 4 czerwca 1989 roku dzia\u0142a\u0142 w podziemnych strukturach \u201eSolidarno\u015bci\u201d. Pracowa\u0142 w fabryce mebli w Nowym Miasteczku i tam zawi\u0105za\u0142 pierwsze struktury podziemnej \u201eS\u201d. W latach 1986 &#8211; 1989 by\u0142 cz\u0142onkiem \u201eSolidarno\u015bci Walcz\u0105cej\u201d. Zajmowa\u0142 si\u0119 drukiem oraz kolporta\u017cem wydawnictw konspiracyjnych. By\u0142 r\u00f3wnie\u017c kurierem wydawnictw sygnowanych przez \u201eSolidarno\u015b\u0107 Walcz\u0105c\u0105\u201d mi\u0119dzy Wroc\u0142awiem a Now\u0105 Sol\u0105. <\/p>\n","protected":false},"excerpt":{"rendered":"<p>Urodzi\u0142 si\u0119 15 grudnia 1950 roku w Tomaszowie Lubelskim. Od 13 grudnia 1981 roku do 4 czerwca 1989 roku dzia\u0142a\u0142 w podziemnych strukturach \u201eSolidarno\u015bci\u201d. Pracowa\u0142 w fabryce mebli w Nowym Miasteczku i tam zawi\u0105za\u0142 pierwsze struktury podziemnej \u201eS\u201d. W latach 1986 &#8211; 1989 by\u0142 cz\u0142onkiem \u201eSolidarno\u015bci Walcz\u0105cej\u201d. Zajmowa\u0142 si\u0119 drukiem oraz kolporta\u017cem wydawnictw konspiracyjnych. By\u0142 [&hellip;]<\/p>\n","protected":false},"featured_media":3528,"template":"","meta":[],"_links":{"self":[{"href":"http:\/\/ludzie.fundacja-pih.pl\/index.php\/wp-json\/wp\/v2\/product\/3527"}],"collection":[{"href":"http:\/\/ludzie.fundacja-pih.pl\/index.php\/wp-json\/wp\/v2\/product"}],"about":[{"href":"http:\/\/ludzie.fundacja-pih.pl\/index.php\/wp-json\/wp\/v2\/types\/product"}],"wp:featuredmedia":[{"embeddable":true,"href":"http:\/\/ludzie.fundacja-pih.pl\/index.php\/wp-json\/wp\/v2\/media\/3528"}],"wp:attachment":[{"href":"http:\/\/ludzie.fundacja-pih.pl\/index.php\/wp-json\/wp\/v2\/media?parent=3527"}],"curies":[{"name":"wp","href":"https:\/\/api.w.org\/{rel}","templated":true}]}}