{"id":3541,"date":"2021-05-19T09:36:26","date_gmt":"2021-05-19T09:36:26","guid":{"rendered":"http:\/\/ludzie.fundacja-pih.pl\/?post_type=product&#038;p=3541"},"modified":"2025-05-16T14:22:24","modified_gmt":"2025-05-16T14:22:24","slug":"zalewski-krzysztof","status":"publish","type":"product","link":"http:\/\/ludzie.fundacja-pih.pl\/index.php\/product\/zalewski-krzysztof\/","title":{"rendered":"Zalewski Krzysztof (Toru\u0144)"},"content":{"rendered":"<p>Wsp\u00f3\u0142pracowa\u0142 z Solidarno\u015bci\u0105 Walcz\u0105c\u0105 odzia\u0142 Toru\u0144, g\u0142\u00f3wnie przy pi\u015bmie &#8220;Solidarno\u015b\u0107 Walcz\u0105ca\u201d.<\/p>\n<p>oprac. Grzegorz Walig\u00f3ra<\/p>\n","protected":false},"excerpt":{"rendered":"<p>Wsp\u00f3\u0142pracowa\u0142 z Solidarno\u015bci\u0105 Walcz\u0105c\u0105 odzia\u0142 Toru\u0144, g\u0142\u00f3wnie przy pi\u015bmie &#8220;Solidarno\u015b\u0107 Walcz\u0105ca\u201d. oprac. Grzegorz Walig\u00f3ra<\/p>\n","protected":false},"featured_media":906,"template":"","meta":[],"_links":{"self":[{"href":"http:\/\/ludzie.fundacja-pih.pl\/index.php\/wp-json\/wp\/v2\/product\/3541"}],"collection":[{"href":"http:\/\/ludzie.fundacja-pih.pl\/index.php\/wp-json\/wp\/v2\/product"}],"about":[{"href":"http:\/\/ludzie.fundacja-pih.pl\/index.php\/wp-json\/wp\/v2\/types\/product"}],"wp:featuredmedia":[{"embeddable":true,"href":"http:\/\/ludzie.fundacja-pih.pl\/index.php\/wp-json\/wp\/v2\/media\/906"}],"wp:attachment":[{"href":"http:\/\/ludzie.fundacja-pih.pl\/index.php\/wp-json\/wp\/v2\/media?parent=3541"}],"curies":[{"name":"wp","href":"https:\/\/api.w.org\/{rel}","templated":true}]}}