{"id":3543,"date":"2021-05-19T09:42:04","date_gmt":"2021-05-19T09:42:04","guid":{"rendered":"http:\/\/ludzie.fundacja-pih.pl\/?post_type=product&#038;p=3543"},"modified":"2025-05-16T14:22:25","modified_gmt":"2025-05-16T14:22:25","slug":"niedlich-piotr-torun","status":"publish","type":"product","link":"http:\/\/ludzie.fundacja-pih.pl\/index.php\/product\/niedlich-piotr-torun\/","title":{"rendered":"Niedlich Piotr (Toru\u0144)"},"content":{"rendered":"<p>Urodzi\u0142 si\u0119 14 pa\u017adziernika 1967 roku w Toruniu.<\/p>\n<p>W 2002 roku uko\u0144czy\u0142 Technikum Ekonomiczne w Toruniu. W latach 1982 \u2013 1990 pracowa\u0142 jako drukarz typograficzny i offsetowy w Zak\u0142adach Graficznych Toru\u0144. W 1990 roku zosta\u0142 zatrudniony w Soltor Sp. z.o.o. Od 1984 roku kolportowa\u0142, a nast\u0119pnie organizowa\u0142 kolporta\u017c podziemnej prasy, wydawnictw i ulotek. Rozprowadza\u0142 je w miejscu pracy i w \u015brodowiskach m\u0142odzie\u017cowych. By\u0142 pracownikiem biblioteki niezale\u017cnych wydawnictw. Od 1985 roku dzia\u0142a\u0142 w podziemnej TKZ \u201eS\u201d. W 1987 roku przy\u0142\u0105czy\u0142 si\u0119 do Ruchu WiP (odes\u0142a\u0142 kart\u0119 powo\u0142ania do wojska), organizowa\u0142 manifestacje, akcje ulotkowe, akcje malowania antyre\u017cimowych hase\u0142 na murach. By\u0142 te\u017c wsp\u00f3\u0142autorem petycji oraz uczestnikiem og\u00f3lnopolskich spotka\u0144 Ruchu. W 1988 roku wsp\u00f3\u0142zak\u0142ada\u0142 podziemne pisma \u201eImpuls\u201d i  \u201eNawa\u201d, zosta\u0142 ich redaktorem naczelnym i redaktorem technicznym. Pisa\u0142 te\u017c do nich artyku\u0142y. Wykonywa\u0142 prace introligatorskie, organizowa\u0142 lokale dla wydawnictwa \u201eKwadrat\u201d. Wsp\u00f3\u0142pracowa\u0142 z podziemnym pismem \u201eInicjatywy \u2013 Przegl\u0105d Pomorski\u201d, w kt\u00f3rym prowadzi\u0142 rubryk\u0119 po\u015bwi\u0119con\u0105 WiP. Publikacje podpisywa\u0142 w\u0142asnym nazwiskiem, jego mieszkanie by\u0142o oficjalnym lokalem kontaktowym toru\u0144skiego WiP i \u201eNawy\u201d. Dzia\u0142a\u0142 r\u00f3wnie\u017c w strukturach toru\u0144skiego oddzia\u0142u \u201eSolidarno\u015bci Walcz\u0105cej\u201d W 1989 roku zosta\u0142 przedstawicielem WiP w pierwszym toru\u0144skim KO. Prowadzi\u0142 akcje ulotkowe i plakatowe zwi\u0105zane z wyborami do Sejmu. <\/p>\n","protected":false},"excerpt":{"rendered":"<p>Urodzi\u0142 si\u0119 14 pa\u017adziernika 1967 roku w Toruniu. W 2002 roku uko\u0144czy\u0142 Technikum Ekonomiczne w Toruniu. W latach 1982 \u2013 1990 pracowa\u0142 jako drukarz typograficzny i offsetowy w Zak\u0142adach Graficznych Toru\u0144. W 1990 roku zosta\u0142 zatrudniony w Soltor Sp. z.o.o. Od 1984 roku kolportowa\u0142, a nast\u0119pnie organizowa\u0142 kolporta\u017c podziemnej prasy, wydawnictw i ulotek. Rozprowadza\u0142 je [&hellip;]<\/p>\n","protected":false},"featured_media":3561,"template":"","meta":[],"_links":{"self":[{"href":"http:\/\/ludzie.fundacja-pih.pl\/index.php\/wp-json\/wp\/v2\/product\/3543"}],"collection":[{"href":"http:\/\/ludzie.fundacja-pih.pl\/index.php\/wp-json\/wp\/v2\/product"}],"about":[{"href":"http:\/\/ludzie.fundacja-pih.pl\/index.php\/wp-json\/wp\/v2\/types\/product"}],"wp:featuredmedia":[{"embeddable":true,"href":"http:\/\/ludzie.fundacja-pih.pl\/index.php\/wp-json\/wp\/v2\/media\/3561"}],"wp:attachment":[{"href":"http:\/\/ludzie.fundacja-pih.pl\/index.php\/wp-json\/wp\/v2\/media?parent=3543"}],"curies":[{"name":"wp","href":"https:\/\/api.w.org\/{rel}","templated":true}]}}