{"id":3544,"date":"2021-05-19T09:43:30","date_gmt":"2021-05-19T09:43:30","guid":{"rendered":"http:\/\/ludzie.fundacja-pih.pl\/?post_type=product&#038;p=3544"},"modified":"2025-05-16T14:22:25","modified_gmt":"2025-05-16T14:22:25","slug":"witkowski-bernard-torun","status":"publish","type":"product","link":"http:\/\/ludzie.fundacja-pih.pl\/index.php\/product\/witkowski-bernard-torun\/","title":{"rendered":"Witkowski Bernard (Toru\u0144)"},"content":{"rendered":"<p>Tworzy\u0142 ekip\u0119 Radia ,,Solidarno\u015b\u0107\u2019\u2019 Toru\u0144, pierwsze radio stworzone w 1982 przez naukowc\u00f3w z Uniwersytetu Miko\u0142aja Kopernika. Jego pomys\u0142odawcami byli Andrzej Je\u015bmanowicz i Jerzy Wieczorek. Do emisji u\u017cyto 6 balon\u00f3w uszytych z d\u0119tek od pi\u0142ek pla\u017cowych i wype\u0142nionych wodorem. Balony te wynosi\u0142y w powietrze nadajnik i magnetofon samochodowy. W magnetofonie by\u0142a kaseta, kt\u00f3r\u0105 uruchamiano automatycznie po 10 min., a po audycji \u2013 wyrzucano. Anten\u0119 wykonano z folii miedzianej.  Balony w okolicach Torunia wypuszcza\u0142 m. in. Bernard Witkowski.<\/p>\n<p>Encyklopedia solidarno\u015bci<\/p>\n","protected":false},"excerpt":{"rendered":"<p>Tworzy\u0142 ekip\u0119 Radia ,,Solidarno\u015b\u0107\u2019\u2019 Toru\u0144, pierwsze radio stworzone w 1982 przez naukowc\u00f3w z Uniwersytetu Miko\u0142aja Kopernika. Jego pomys\u0142odawcami byli Andrzej Je\u015bmanowicz i Jerzy Wieczorek. Do emisji u\u017cyto 6 balon\u00f3w uszytych z d\u0119tek od pi\u0142ek pla\u017cowych i wype\u0142nionych wodorem. Balony te wynosi\u0142y w powietrze nadajnik i magnetofon samochodowy. W magnetofonie by\u0142a kaseta, kt\u00f3r\u0105 uruchamiano automatycznie po [&hellip;]<\/p>\n","protected":false},"featured_media":906,"template":"","meta":[],"_links":{"self":[{"href":"http:\/\/ludzie.fundacja-pih.pl\/index.php\/wp-json\/wp\/v2\/product\/3544"}],"collection":[{"href":"http:\/\/ludzie.fundacja-pih.pl\/index.php\/wp-json\/wp\/v2\/product"}],"about":[{"href":"http:\/\/ludzie.fundacja-pih.pl\/index.php\/wp-json\/wp\/v2\/types\/product"}],"wp:featuredmedia":[{"embeddable":true,"href":"http:\/\/ludzie.fundacja-pih.pl\/index.php\/wp-json\/wp\/v2\/media\/906"}],"wp:attachment":[{"href":"http:\/\/ludzie.fundacja-pih.pl\/index.php\/wp-json\/wp\/v2\/media?parent=3544"}],"curies":[{"name":"wp","href":"https:\/\/api.w.org\/{rel}","templated":true}]}}