{"id":3546,"date":"2021-05-19T09:46:09","date_gmt":"2021-05-19T09:46:09","guid":{"rendered":"http:\/\/ludzie.fundacja-pih.pl\/?post_type=product&#038;p=3546"},"modified":"2025-05-16T14:22:27","modified_gmt":"2025-05-16T14:22:27","slug":"koz-janusz-torun","status":"publish","type":"product","link":"http:\/\/ludzie.fundacja-pih.pl\/index.php\/product\/koz-janusz-torun\/","title":{"rendered":"K\u00f3\u017a Janusz (Toru\u0144)"},"content":{"rendered":"<p>Organizowa\u0142 druk, na pocz\u0105tku dzia\u0142alno\u015bci pisma ,,Solidarno\u015b\u0107 Walcz\u0105ca\u2019\u2019 w Toruniu. P\u00f3\u017aniej zaj\u0119\u0142a si\u0119 tym najwi\u0119ksza , podziemna oficyna Kwadrat.<\/p>\n","protected":false},"excerpt":{"rendered":"<p>Organizowa\u0142 druk, na pocz\u0105tku dzia\u0142alno\u015bci pisma ,,Solidarno\u015b\u0107 Walcz\u0105ca\u2019\u2019 w Toruniu. P\u00f3\u017aniej zaj\u0119\u0142a si\u0119 tym najwi\u0119ksza , podziemna oficyna Kwadrat.<\/p>\n","protected":false},"featured_media":906,"template":"","meta":[],"_links":{"self":[{"href":"http:\/\/ludzie.fundacja-pih.pl\/index.php\/wp-json\/wp\/v2\/product\/3546"}],"collection":[{"href":"http:\/\/ludzie.fundacja-pih.pl\/index.php\/wp-json\/wp\/v2\/product"}],"about":[{"href":"http:\/\/ludzie.fundacja-pih.pl\/index.php\/wp-json\/wp\/v2\/types\/product"}],"wp:featuredmedia":[{"embeddable":true,"href":"http:\/\/ludzie.fundacja-pih.pl\/index.php\/wp-json\/wp\/v2\/media\/906"}],"wp:attachment":[{"href":"http:\/\/ludzie.fundacja-pih.pl\/index.php\/wp-json\/wp\/v2\/media?parent=3546"}],"curies":[{"name":"wp","href":"https:\/\/api.w.org\/{rel}","templated":true}]}}