{"id":3548,"date":"2021-05-19T09:50:39","date_gmt":"2021-05-19T09:50:39","guid":{"rendered":"http:\/\/ludzie.fundacja-pih.pl\/?post_type=product&#038;p=3548"},"modified":"2025-05-16T14:22:28","modified_gmt":"2025-05-16T14:22:28","slug":"blaszczak-marianna-torun","status":"publish","type":"product","link":"http:\/\/ludzie.fundacja-pih.pl\/index.php\/product\/blaszczak-marianna-torun\/","title":{"rendered":"B\u0142aszczak Marianna (Toru\u0144)"},"content":{"rendered":"<p>Marianna B\u0142aszczak (obecnie Samlik) \u2013 powo\u0142a\u0142a wraz z El\u017cbiet\u0105 Mossakowsk\u0105 niewielki odzia\u0142 Solidarno\u015bci Walcz\u0105cej w Toruniu.<\/p>\n<p>W stanie wojennym zosta\u0142a skazana i osadzona w wi\u0119zieniu w Fordonie. Tam pozna\u0142a i nawi\u0105za\u0142a kontakt z Ew\u0105 Kubasiewicz, jedn\u0105 z czo\u0142owych dzia\u0142aczek SW Tr\u00f3jmiasto. Po wyj\u015bciu na wolno\u015b\u0107 rozpocz\u0119\u0142a wsp\u00f3\u0142prac\u0119 w SW. <\/p>\n<p>Podstawow\u0105 form\u0105 dzia\u0142alno\u015bci by\u0142o organizowanie przerzut\u00f3w wydawnictw SW (g\u0142ownie z Wroc\u0142awia) na teren wojew\u00f3dztwa toru\u0144skiego. W latach 1986-1988 ukazywa\u0142a si\u0119 r\u00f3wnie\u017c toru\u0144ska \u201eSolidarno\u015b\u0107 Walcz\u0105ca\u201d<\/p>\n","protected":false},"excerpt":{"rendered":"<p>Marianna B\u0142aszczak (obecnie Samlik) \u2013 powo\u0142a\u0142a wraz z El\u017cbiet\u0105 Mossakowsk\u0105 niewielki odzia\u0142 Solidarno\u015bci Walcz\u0105cej w Toruniu. W stanie wojennym zosta\u0142a skazana i osadzona w wi\u0119zieniu w Fordonie. Tam pozna\u0142a i nawi\u0105za\u0142a kontakt z Ew\u0105 Kubasiewicz, jedn\u0105 z czo\u0142owych dzia\u0142aczek SW Tr\u00f3jmiasto. Po wyj\u015bciu na wolno\u015b\u0107 rozpocz\u0119\u0142a wsp\u00f3\u0142prac\u0119 w SW. Podstawow\u0105 form\u0105 dzia\u0142alno\u015bci by\u0142o organizowanie przerzut\u00f3w [&hellip;]<\/p>\n","protected":false},"featured_media":906,"template":"","meta":[],"_links":{"self":[{"href":"http:\/\/ludzie.fundacja-pih.pl\/index.php\/wp-json\/wp\/v2\/product\/3548"}],"collection":[{"href":"http:\/\/ludzie.fundacja-pih.pl\/index.php\/wp-json\/wp\/v2\/product"}],"about":[{"href":"http:\/\/ludzie.fundacja-pih.pl\/index.php\/wp-json\/wp\/v2\/types\/product"}],"wp:featuredmedia":[{"embeddable":true,"href":"http:\/\/ludzie.fundacja-pih.pl\/index.php\/wp-json\/wp\/v2\/media\/906"}],"wp:attachment":[{"href":"http:\/\/ludzie.fundacja-pih.pl\/index.php\/wp-json\/wp\/v2\/media?parent=3548"}],"curies":[{"name":"wp","href":"https:\/\/api.w.org\/{rel}","templated":true}]}}