{"id":3586,"date":"2021-05-25T12:19:08","date_gmt":"2021-05-25T12:19:08","guid":{"rendered":"http:\/\/ludzie.fundacja-pih.pl\/?post_type=product&#038;p=3586"},"modified":"2025-05-16T14:22:30","modified_gmt":"2025-05-16T14:22:30","slug":"chwalewski-marek","status":"publish","type":"product","link":"http:\/\/ludzie.fundacja-pih.pl\/index.php\/product\/chwalewski-marek\/","title":{"rendered":"Chwalewski Marek"},"content":{"rendered":"<p>Urodzi\u0142 si\u0119 22 czerwca 1939 roku w Pabianicach.<\/p>\n<p>W marcu 1968 roku i w grudniu 1970 roku uczestniczy\u0142 w protestach antyre\u017cimowych. W latach 70. zaanga\u017cowa\u0142 si\u0119 w dzia\u0142alno\u015b\u0107 opozycyjn\u0105. Nale\u017ca\u0142 do Komitetu Obrony Robotnik\u00f3w, Ruchu Obrony Praw Cz\u0142owieka i Obywatela oraz do Ruchu Wolnych Demokrat\u00f3w. Wsp\u00f3\u0142pracowa\u0142 r\u00f3wnie\u017c z Wolnymi Zwi\u0105zkami Zawodowymi Wybrze\u017ca. Kolportowa\u0142 podziemne wydawnictwa m.in. \u201eRobotnika\u201d, \u201eOpini\u0119\u201d i \u201eRuch Zwi\u0105zkowy\u201d. Od 1980 roku do roku 1981 wydawa\u0142 pismo \u201eSolidarni z Gda\u0144skiem\u201d. W 1980 roku wst\u0105pi\u0142 do NSZZ \u201eSolidarno\u015b\u0107\u201d, pe\u0142ni\u0142 funkcj\u0119 m.in. przewodnicz\u0105cego jej struktury w Pabianicach, by\u0142 tak\u017ce cz\u0142onkiem Zarz\u0105du Regionu \u0141\u00f3dzkiego. W sierpniu 1981 roku organizowa\u0142 w Pabianicach tzw. marsz g\u0142odowy. Wielokrotnie by\u0142 poddawany represjom, aresztowany, skazywany za dzia\u0142alno\u015b\u0107 opozycyjn\u0105 i wi\u0119ziony. W 1974 zosta\u0142 aresztowany za \u201eszkalowanie ustroju\u201d i przesy\u0142anie krytycznych wiadomo\u015bci na ten temat do rozg\u0142o\u015bni Radia Wolna Europa. Nast\u0119pnie w ramach represji zosta\u0142 przymusowo umieszczony w szpitalu psychiatrycznym. Po wprowadzeniu stanu wojennego w grudniu 1981 roku zosta\u0142 internowany. Zwolniono go z internowania w grudniu 1982 roku. Po uwolnieniu dzia\u0142a\u0142 w podziemiu.<br \/>\nW 1988 roku wyst\u0105pi\u0142 z NSZZ \u201eSolidarno\u015b\u0107\u201d, po czym zwi\u0105za\u0142 si\u0119  zwi\u0105zany z \u201eSolidarno\u015bci\u0105 Walcz\u0105c\u0105\u201d i organizacj\u0105 \u201eSolidarno\u015b\u0107 \u201980\u201d. Po 1989 roku zosta\u0142 wydawc\u0105, wydawa\u0142 m.in. gazety lokalne w tym tytu\u0142 \u201eCo wy na to?\u201d. Od 1990 do 1991 nale\u017ca\u0142 do Partii Wolno\u015bci.<\/p>\n","protected":false},"excerpt":{"rendered":"<p>Urodzi\u0142 si\u0119 22 czerwca 1939 roku w Pabianicach. W marcu 1968 roku i w grudniu 1970 roku uczestniczy\u0142 w protestach antyre\u017cimowych. W latach 70. zaanga\u017cowa\u0142 si\u0119 w dzia\u0142alno\u015b\u0107 opozycyjn\u0105. Nale\u017ca\u0142 do Komitetu Obrony Robotnik\u00f3w, Ruchu Obrony Praw Cz\u0142owieka i Obywatela oraz do Ruchu Wolnych Demokrat\u00f3w. Wsp\u00f3\u0142pracowa\u0142 r\u00f3wnie\u017c z Wolnymi Zwi\u0105zkami Zawodowymi Wybrze\u017ca. Kolportowa\u0142 podziemne wydawnictwa [&hellip;]<\/p>\n","protected":false},"featured_media":3620,"template":"","meta":[],"_links":{"self":[{"href":"http:\/\/ludzie.fundacja-pih.pl\/index.php\/wp-json\/wp\/v2\/product\/3586"}],"collection":[{"href":"http:\/\/ludzie.fundacja-pih.pl\/index.php\/wp-json\/wp\/v2\/product"}],"about":[{"href":"http:\/\/ludzie.fundacja-pih.pl\/index.php\/wp-json\/wp\/v2\/types\/product"}],"wp:featuredmedia":[{"embeddable":true,"href":"http:\/\/ludzie.fundacja-pih.pl\/index.php\/wp-json\/wp\/v2\/media\/3620"}],"wp:attachment":[{"href":"http:\/\/ludzie.fundacja-pih.pl\/index.php\/wp-json\/wp\/v2\/media?parent=3586"}],"curies":[{"name":"wp","href":"https:\/\/api.w.org\/{rel}","templated":true}]}}