{"id":3587,"date":"2021-05-25T12:23:25","date_gmt":"2021-05-25T12:23:25","guid":{"rendered":"http:\/\/ludzie.fundacja-pih.pl\/?post_type=product&#038;p=3587"},"modified":"2025-05-16T14:22:31","modified_gmt":"2025-05-16T14:22:31","slug":"gabert-zygmunt","status":"publish","type":"product","link":"http:\/\/ludzie.fundacja-pih.pl\/index.php\/product\/gabert-zygmunt\/","title":{"rendered":"Gabert Zygmunt"},"content":{"rendered":"<p>Urodzi\u0142 si\u0119 23 marca 1943 roku w Kownie.<\/p>\n<p>W styczniu 1980 roku rozpocz\u0105\u0142 dzia\u0142alno\u015b\u0107 jako kolporter wydawnictw niezale\u017cnych w tym \u201eKultury Paryskiej\u201d oraz \u201eBiuletynu Dolno\u015bl\u0105skiego\u201d. Nale\u017ca\u0142 do NSZZ \u201eSolidarno\u015b\u0107\u201d. Po wprowadzeniu stanu wojennego, ju\u017c od 13 grudnia 1981 roku bra\u0142 udzia\u0142 w zorganizowanej przez Tadeusza \u015awierczewskiego grupie podziemnych radiowc\u00f3w, kt\u00f3rej szefem by\u0142 wsp\u00f3lnik Jacenty Lipi\u0144ski. Wraz z Jacentym Lipi\u0144skim skonstruowali odbiornik pods\u0142uchowy SB MO na bazie przywiezionej z wroc\u0142awskiej Akademii Medycznej przez Tadeusza \u015awierczewskiego radiostacji. Razem z Jacentym Lipi\u0144skim przystosowali r\u00f3wnie\u017c radioodbiornik marki Julia do nas\u0142uchu rozm\u00f3w S\u0142u\u017cby Bezpiecze\u0144stwa. Od 1986 roku obaj zajmowali si\u0119 produkcj\u0105 nadajnik\u00f3w, kt\u00f3re przekazywali Kornelowi Morawieckiemu i \u201eSolidarno\u015bci Walcz\u0105cej\u201d. 4 pa\u017adziernika 1987 roku po rewizji mieszkania, Zygmunt Gebert zosta\u0142 aresztowany, przez wiele godzin by\u0142 przes\u0142uchiwany. Od tego czasu a\u017c do roku 1989 jego dzia\u0142alno\u015b\u0107 ogranicza\u0142a si\u0119 do kolporta\u017cu wydawnictw \u201eSolidarno\u015bci Walcz\u0105cej\u201d i \u201eKultury Paryskiej\u201d.<\/p>\n","protected":false},"excerpt":{"rendered":"<p>Urodzi\u0142 si\u0119 23 marca 1943 roku w Kownie. W styczniu 1980 roku rozpocz\u0105\u0142 dzia\u0142alno\u015b\u0107 jako kolporter wydawnictw niezale\u017cnych w tym \u201eKultury Paryskiej\u201d oraz \u201eBiuletynu Dolno\u015bl\u0105skiego\u201d. Nale\u017ca\u0142 do NSZZ \u201eSolidarno\u015b\u0107\u201d. Po wprowadzeniu stanu wojennego, ju\u017c od 13 grudnia 1981 roku bra\u0142 udzia\u0142 w zorganizowanej przez Tadeusza \u015awierczewskiego grupie podziemnych radiowc\u00f3w, kt\u00f3rej szefem by\u0142 wsp\u00f3lnik Jacenty Lipi\u0144ski. [&hellip;]<\/p>\n","protected":false},"featured_media":0,"template":"","meta":[],"_links":{"self":[{"href":"http:\/\/ludzie.fundacja-pih.pl\/index.php\/wp-json\/wp\/v2\/product\/3587"}],"collection":[{"href":"http:\/\/ludzie.fundacja-pih.pl\/index.php\/wp-json\/wp\/v2\/product"}],"about":[{"href":"http:\/\/ludzie.fundacja-pih.pl\/index.php\/wp-json\/wp\/v2\/types\/product"}],"wp:attachment":[{"href":"http:\/\/ludzie.fundacja-pih.pl\/index.php\/wp-json\/wp\/v2\/media?parent=3587"}],"curies":[{"name":"wp","href":"https:\/\/api.w.org\/{rel}","templated":true}]}}