{"id":3589,"date":"2021-05-26T15:44:58","date_gmt":"2021-05-26T15:44:58","guid":{"rendered":"http:\/\/ludzie.fundacja-pih.pl\/?post_type=product&#038;p=3589"},"modified":"2025-05-16T14:22:31","modified_gmt":"2025-05-16T14:22:31","slug":"cupala-wieslaw","status":"publish","type":"product","link":"http:\/\/ludzie.fundacja-pih.pl\/index.php\/product\/cupala-wieslaw\/","title":{"rendered":"Cupa\u0142a Wies\u0142aw"},"content":{"rendered":"<p>Urodzi\u0142 si\u0119 27 sierpnia 1956 roku w Ostrowie Wielkopolskim.<\/p>\n<p>U\u017cywa\u0142 pseudonimu \u201eRotmistrz\u201d. Happener, jeden z lider\u00f3w \u201ePomara\u0144czowej Alternatywy\u201d, artysta, pisarz, matematyk, redaktor strony internetowej Ruchu Wolno\u015b\u0107 i Pok\u00f3j. W latach 1976 \u2013 1980 wsp\u00f3\u0142pracowa\u0142 z KOR i Komitetu Samoobrony Spo\u0142ecznej \u201eKOR\u201d oraz kolportowa\u0142 niezale\u017cne czasopisma wydawane przez te organizacje. W dniach 13 i 14 grudnia 1978 roku wsp\u00f3\u0142tworzy\u0142 struktury Studenckiego Komitetu Solidarno\u015bci we Wroc\u0142awiu. W listopadzie i w grudniu 1981 roku zosta\u0142 wsp\u00f3\u0142za\u0142o\u017cycielem, redaktorem, autorem i drukarzem pisma NZS \u201eNa strajku\u201d. W stanie wojennym  by\u0142 internowany w okresie 18 lutego \u2013 15 marca 1982 w obozie w Nysie. W latach 1982 \u2013 1989 by\u0142 zaanga\u017cowany w druk i kolporta\u017c wydawnictw \u201eSolidarno\u015bci Walcz\u0105cej\u201d. W latach 1983 \u20131987 z jego mieszkania, w kt\u00f3rym by\u0142 ulokowany tajny nadajnik, by\u0142y nadawane audycje Radia Solidarno\u015bci Walcz\u0105cej. W latach 1982\u20131988 Wies\u0142aw Cupa\u0142a sk\u0142ada\u0142 \u201eBiuletyn Dolno\u015bl\u0105ski\u201d. W latach 1990\u20131991 nale\u017ca\u0142 do Partii Wolno\u015bci. Za swoj\u0105 dzia\u0142alno\u015b\u0107 zosta\u0142 odznaczony Krzy\u017cem Solidarno\u015bci Walcz\u0105cej.<\/p>\n","protected":false},"excerpt":{"rendered":"<p>Urodzi\u0142 si\u0119 27 sierpnia 1956 roku w Ostrowie Wielkopolskim. U\u017cywa\u0142 pseudonimu \u201eRotmistrz\u201d. Happener, jeden z lider\u00f3w \u201ePomara\u0144czowej Alternatywy\u201d, artysta, pisarz, matematyk, redaktor strony internetowej Ruchu Wolno\u015b\u0107 i Pok\u00f3j. W latach 1976 \u2013 1980 wsp\u00f3\u0142pracowa\u0142 z KOR i Komitetu Samoobrony Spo\u0142ecznej \u201eKOR\u201d oraz kolportowa\u0142 niezale\u017cne czasopisma wydawane przez te organizacje. W dniach 13 i 14 grudnia [&hellip;]<\/p>\n","protected":false},"featured_media":3590,"template":"","meta":[],"_links":{"self":[{"href":"http:\/\/ludzie.fundacja-pih.pl\/index.php\/wp-json\/wp\/v2\/product\/3589"}],"collection":[{"href":"http:\/\/ludzie.fundacja-pih.pl\/index.php\/wp-json\/wp\/v2\/product"}],"about":[{"href":"http:\/\/ludzie.fundacja-pih.pl\/index.php\/wp-json\/wp\/v2\/types\/product"}],"wp:featuredmedia":[{"embeddable":true,"href":"http:\/\/ludzie.fundacja-pih.pl\/index.php\/wp-json\/wp\/v2\/media\/3590"}],"wp:attachment":[{"href":"http:\/\/ludzie.fundacja-pih.pl\/index.php\/wp-json\/wp\/v2\/media?parent=3589"}],"curies":[{"name":"wp","href":"https:\/\/api.w.org\/{rel}","templated":true}]}}