{"id":3613,"date":"2021-05-29T19:01:29","date_gmt":"2021-05-29T19:01:29","guid":{"rendered":"http:\/\/ludzie.fundacja-pih.pl\/?post_type=product&#038;p=3613"},"modified":"2025-05-16T14:22:34","modified_gmt":"2025-05-16T14:22:34","slug":"przystawa-czeslaw","status":"publish","type":"product","link":"http:\/\/ludzie.fundacja-pih.pl\/index.php\/product\/przystawa-czeslaw\/","title":{"rendered":"Przystawa Czes\u0142aw"},"content":{"rendered":"<p>Urodzi\u0142 si\u0119 16 sierpnia 1960 roku w Jeleniej G\u00f3rze.<\/p>\n<p>Jako ucze\u0144 II LO im. Piast\u00f3w \u015al\u0105skich we Wroc\u0142awiu, nale\u017ca\u0142 do Duszpasterstwa Akademickiego \u201ePod Czw\u00f3rk\u0105\u201d. Prowadzi\u0142 kolporta\u017c pism bezdebitowych takich jak: \u201eKultura\u201d, \u201eRobotnik\u201d, \u201eBiuletyn Informacyjny\u201d KORu, \u201eBiuletyn Dolno\u015bl\u0105ski\u201d.<br \/>\nOrganizowa\u0142 pomoc dla rodzin os\u00f3b uwi\u0119zionych. Zorganizowa\u0142 \u201eszlak kurierski\u201d Wroc\u0142aw \u2013 Warszawa, kt\u00f3rym przewo\u017cono wydawnictwa podziemne. We Wroc\u0142awiu wsp\u00f3\u0142tworzy\u0142 wydawnictwo \u201eOficyna Niepokornych\u201d, w kt\u00f3rym organizowa\u0142 ca\u0142y proces produkcji. Odpowiada\u0142 za wsp\u00f3\u0142prac\u0119 techniczn\u0105 z wydawnictwem Aspekt z Wroc\u0142awia oraz utrzymywa\u0142 \u0142\u0105czno\u015b\u0107 z \u201eSolidarno\u015bci\u0105 Walcz\u0105c\u0105\u201d (wsp\u00f3\u0142praca z Romkiem Lazarowiczem oraz Piotrem Bielawskim). <\/p>\n","protected":false},"excerpt":{"rendered":"<p>Urodzi\u0142 si\u0119 16 sierpnia 1960 roku w Jeleniej G\u00f3rze. Jako ucze\u0144 II LO im. Piast\u00f3w \u015al\u0105skich we Wroc\u0142awiu, nale\u017ca\u0142 do Duszpasterstwa Akademickiego \u201ePod Czw\u00f3rk\u0105\u201d. Prowadzi\u0142 kolporta\u017c pism bezdebitowych takich jak: \u201eKultura\u201d, \u201eRobotnik\u201d, \u201eBiuletyn Informacyjny\u201d KORu, \u201eBiuletyn Dolno\u015bl\u0105ski\u201d. Organizowa\u0142 pomoc dla rodzin os\u00f3b uwi\u0119zionych. Zorganizowa\u0142 \u201eszlak kurierski\u201d Wroc\u0142aw \u2013 Warszawa, kt\u00f3rym przewo\u017cono wydawnictwa podziemne. We Wroc\u0142awiu [&hellip;]<\/p>\n","protected":false},"featured_media":3614,"template":"","meta":[],"_links":{"self":[{"href":"http:\/\/ludzie.fundacja-pih.pl\/index.php\/wp-json\/wp\/v2\/product\/3613"}],"collection":[{"href":"http:\/\/ludzie.fundacja-pih.pl\/index.php\/wp-json\/wp\/v2\/product"}],"about":[{"href":"http:\/\/ludzie.fundacja-pih.pl\/index.php\/wp-json\/wp\/v2\/types\/product"}],"wp:featuredmedia":[{"embeddable":true,"href":"http:\/\/ludzie.fundacja-pih.pl\/index.php\/wp-json\/wp\/v2\/media\/3614"}],"wp:attachment":[{"href":"http:\/\/ludzie.fundacja-pih.pl\/index.php\/wp-json\/wp\/v2\/media?parent=3613"}],"curies":[{"name":"wp","href":"https:\/\/api.w.org\/{rel}","templated":true}]}}