{"id":3634,"date":"2021-06-01T21:25:22","date_gmt":"2021-06-01T21:25:22","guid":{"rendered":"http:\/\/ludzie.fundacja-pih.pl\/?post_type=product&#038;p=3634"},"modified":"2025-05-16T14:22:36","modified_gmt":"2025-05-16T14:22:36","slug":"czerwinska-aleksandra","status":"publish","type":"product","link":"http:\/\/ludzie.fundacja-pih.pl\/index.php\/product\/czerwinska-aleksandra\/","title":{"rendered":"Czerwi\u0144ska Aleksandra"},"content":{"rendered":"<p>Urodzi\u0142a si\u0119 28 marca 1940 roku w Pabianicach.<\/p>\n<p>Uko\u0144czy\u0142a polonistyk\u0119 na Uniwersytecie Wroc\u0142awskim. W 1980 roku wst\u0105pi\u0142a do NSZZ \u201eSolidarno\u015b\u0107\u201d i zosta\u0142a cz\u0142onkiem Komisji Zak\u0142adowej, wcze\u015bniej nie wiedz\u0105c o istanieniu ruch\u00f3w niepodleg\u0142o\u015bciowych w Polsce. Uczestniczy\u0142a w strajkach zak\u0142adowych. Bra\u0142a udzia\u0142 w tzw. Mszach za Ojczyzn\u0119. W stanie wojennym wst\u0105pi\u0142a do struktur \u201eSolidarno\u015bci Walcz\u0105cej\u201d. Dzia\u0142aj\u0105c w jej ramach prowadzi\u0142a w\u0142asn\u0105 grup\u0119 konspiracyjn\u0105 oraz podziemn\u0105 drukarni\u0119. Do 1990 roku wydawa\u0142a pismo \u201eJedno\u015bci\u0105 silni\u201d, w jej mieszkaniu mia\u0142a siedzib\u0119 redakcja tego tytu\u0142u. Aleksandra Czerwi\u0144ski zajmowa\u0142a r\u00f3wnie\u017c kolporta\u017cem prasy podziemnej.<\/p>\n","protected":false},"excerpt":{"rendered":"<p>Urodzi\u0142a si\u0119 28 marca 1940 roku w Pabianicach. Uko\u0144czy\u0142a polonistyk\u0119 na Uniwersytecie Wroc\u0142awskim. W 1980 roku wst\u0105pi\u0142a do NSZZ \u201eSolidarno\u015b\u0107\u201d i zosta\u0142a cz\u0142onkiem Komisji Zak\u0142adowej, wcze\u015bniej nie wiedz\u0105c o istanieniu ruch\u00f3w niepodleg\u0142o\u015bciowych w Polsce. Uczestniczy\u0142a w strajkach zak\u0142adowych. Bra\u0142a udzia\u0142 w tzw. Mszach za Ojczyzn\u0119. W stanie wojennym wst\u0105pi\u0142a do struktur \u201eSolidarno\u015bci Walcz\u0105cej\u201d. Dzia\u0142aj\u0105c w [&hellip;]<\/p>\n","protected":false},"featured_media":3635,"template":"","meta":[],"_links":{"self":[{"href":"http:\/\/ludzie.fundacja-pih.pl\/index.php\/wp-json\/wp\/v2\/product\/3634"}],"collection":[{"href":"http:\/\/ludzie.fundacja-pih.pl\/index.php\/wp-json\/wp\/v2\/product"}],"about":[{"href":"http:\/\/ludzie.fundacja-pih.pl\/index.php\/wp-json\/wp\/v2\/types\/product"}],"wp:featuredmedia":[{"embeddable":true,"href":"http:\/\/ludzie.fundacja-pih.pl\/index.php\/wp-json\/wp\/v2\/media\/3635"}],"wp:attachment":[{"href":"http:\/\/ludzie.fundacja-pih.pl\/index.php\/wp-json\/wp\/v2\/media?parent=3634"}],"curies":[{"name":"wp","href":"https:\/\/api.w.org\/{rel}","templated":true}]}}