{"id":3636,"date":"2021-06-01T21:27:33","date_gmt":"2021-06-01T21:27:33","guid":{"rendered":"http:\/\/ludzie.fundacja-pih.pl\/?post_type=product&#038;p=3636"},"modified":"2025-05-16T14:22:37","modified_gmt":"2025-05-16T14:22:37","slug":"jakubiec-zbigniew","status":"publish","type":"product","link":"http:\/\/ludzie.fundacja-pih.pl\/index.php\/product\/jakubiec-zbigniew\/","title":{"rendered":"Jakubiec Zbigniew"},"content":{"rendered":"<p>Urodzi\u0142 si\u0119 28 pa\u017adziernika 1941 roku w Tarnobrzegu.<\/p>\n<p>W 1964 roku uko\u0144czy\u0142 studia na Wydziale Nauk Przyrodniczych  Uniwersytetu Wroc\u0142awskiego. W 1987 roku uzyska\u0142 stopie\u0144 doktora, w 2003 roku habilitacj\u0119. W latach 1964 &#8211; 1965 by\u0142 pracownikiem Le\u015bnego Zak\u0142adu Do\u015bwiadczalnego Akademii Rolniczej w Poznaniu z siedzib\u0105 w Siemianowicach. W latach 1965 &#8211; 1972 by\u0142 zatrudniony w Instytucie Zoologii i Muzeum Przyrodniczego Uniwersytetu Wroc\u0142awskiego, a od 1972 roku w Instytucie Ochrony Przyrody PAN w Krakowie, Stacja we Wroc\u0142awiu\/Dolno\u015bl\u0105ska. Od 1970 roku nale\u017ca\u0142 do Polskiego Towarzystwa Zoologicznego. W marcu 1968 roku uczestniczy\u0142 w strajku na Uniwersyetcie Wroc\u0142awskim i w antykomunistycznej demonstracji we Wroc\u0142awiu. We wrze\u015bniu 1980 roku wst\u0105pi\u0142 do \u201eSolidarno\u015bci\u201d. Wsp\u00f3\u0142organizowa\u0142 jej struktury w Oddziale PAN, wchodzi\u0142 w sk\u0142ad KZ. Od 1981 roku pe\u0142ni\u0142 funkcj\u0119 wiceprzewodnicz\u0105cego. We wrze\u015bniu roku zosta\u0142 doradc\u0105 za\u0142\u00f3g pracowniczych przy zak\u0142adaniu NSZZ jako cz\u0142onek tzw. grupy prelegent\u00f3w (kierowanej przez Barbar\u0119 Labud\u0119), nast\u0119pnie doradza\u0142 w ramach Biura Interwencyjnego MKZ\/ZR Dolny \u015al\u0105sk. W pa\u017adzierniku 1981 roku by\u0142 autorem \u201eTygodnika Solidarno\u015b\u0107\u201d, bra\u0142 r\u00f3wnie\u017c udzia\u0142 w pracach Og\u00f3lnopolskiego Komitetu Porozumiewawczego Nauki. Po wprowadzeniu stanu wojennego, 14 grudnia 1981 roku, uczestniczy\u0142 w wiecu na Politechnice Wroc\u0142awskiej. W latach 1982 &#8211; 1989 wsp\u00f3\u0142pracowa\u0142 z \u201eSolidarno\u015bci\u0105 Walcz\u0105c\u0105\u201d. W ramach tej wsp\u00f3\u0142pracy m.in. udost\u0119pnia\u0142 mieszkanie na emisje Radia SW oraz druk. Kolportowa\u0142 czasopisma podziemne w tym m.in. tytu\u0142y takie jak: \u201eSolidarno\u015b\u0107 Walcz\u0105ca\u201d, \u201eZ Dnia na Dzie\u0144\u201d, \u201eWiadomo\u015bci Bie\u017c\u0105ce\u201d, \u201eSamarytanka\u201d, \u201eJanosik\u201d, \u201eTygodnik Mazowsze\u201d, \u201eReplika\u201d, \u201eNiepodleg\u0142o\u015b\u0107\u201d, \u201eOgniwo\u201d. Od 1982 roku dzia\u0142a\u0142 w Arcybiskupim Komitecie Charytatywnym we Wroc\u0142awiu. W 1989 roku zosta\u0142 cz\u0142onkiem Komitetu Organizacyjnego \u201eS\u201d przy wroc\u0142awskim Oddziale PAN. <\/p>\n","protected":false},"excerpt":{"rendered":"<p>Urodzi\u0142 si\u0119 28 pa\u017adziernika 1941 roku w Tarnobrzegu. W 1964 roku uko\u0144czy\u0142 studia na Wydziale Nauk Przyrodniczych Uniwersytetu Wroc\u0142awskiego. W 1987 roku uzyska\u0142 stopie\u0144 doktora, w 2003 roku habilitacj\u0119. W latach 1964 &#8211; 1965 by\u0142 pracownikiem Le\u015bnego Zak\u0142adu Do\u015bwiadczalnego Akademii Rolniczej w Poznaniu z siedzib\u0105 w Siemianowicach. W latach 1965 &#8211; 1972 by\u0142 zatrudniony w [&hellip;]<\/p>\n","protected":false},"featured_media":3637,"template":"","meta":[],"_links":{"self":[{"href":"http:\/\/ludzie.fundacja-pih.pl\/index.php\/wp-json\/wp\/v2\/product\/3636"}],"collection":[{"href":"http:\/\/ludzie.fundacja-pih.pl\/index.php\/wp-json\/wp\/v2\/product"}],"about":[{"href":"http:\/\/ludzie.fundacja-pih.pl\/index.php\/wp-json\/wp\/v2\/types\/product"}],"wp:featuredmedia":[{"embeddable":true,"href":"http:\/\/ludzie.fundacja-pih.pl\/index.php\/wp-json\/wp\/v2\/media\/3637"}],"wp:attachment":[{"href":"http:\/\/ludzie.fundacja-pih.pl\/index.php\/wp-json\/wp\/v2\/media?parent=3636"}],"curies":[{"name":"wp","href":"https:\/\/api.w.org\/{rel}","templated":true}]}}