{"id":3638,"date":"2021-06-01T21:29:48","date_gmt":"2021-06-01T21:29:48","guid":{"rendered":"http:\/\/ludzie.fundacja-pih.pl\/?post_type=product&#038;p=3638"},"modified":"2025-05-16T14:22:38","modified_gmt":"2025-05-16T14:22:38","slug":"jakubiec-marek","status":"publish","type":"product","link":"http:\/\/ludzie.fundacja-pih.pl\/index.php\/product\/jakubiec-marek\/","title":{"rendered":"Jakubiec Marek"},"content":{"rendered":"<p>Urodzi\u0142 si\u0119 1 lipca 1947 roku we Wroc\u0142awiu.<\/p>\n<p>W 1967 roku uko\u0144czy\u0142 Technikum Budowy Silnik\u00f3w Lotniczych we Wroc\u0142awiu. W tym samym roku rozpocz\u0105\u0142 studia na Politechnice Wroc\u0142awskiej. W marcu 1968 roku wzi\u0105\u0142 udzia\u0142 w strajku okupacyjnym na Politechnice Wroc\u0142awskiej. Nast\u0119pnie zosta\u0142 relegowany ze studi\u00f3w i zmuszony do odbycia zasadniczej s\u0142u\u017cby wojskowej. W latach 1971 &#8211; 1983 by\u0142 pracownikiem technicznym w Instytucie Immunologii i Terapii Do\u015bwiadczalnej PAN we Wroc\u0142awiu. W latach 1977 &#8211; 1980 kolportowa\u0142 parysk\u0105 \u201eKultur\u0119\u201d, \u201eBiuletyn Informacyjny\u201d KSS KOR oraz \u201eBiuletyn Dolno\u015bl\u0105ski\u201d.<br \/>\nWe wrze\u015bniu 1980 roku wst\u0105pi\u0142 do NSZZ \u201eSolidarno\u015b\u0107\u201d. Pe\u0142ni\u0142 funkcj\u0119 przewodnicz\u0105cego KZ w IIiTD PAN.<br \/>\nPo wprowadzeniu stanu wojennego, od 13 do 15 grudnia 1981 roku, uczestniczy\u0142 w strajku tam\u017ce. By\u0142 cz\u0142onkiem KS, a nast\u0119pnie, do 1983 roku, tajnej Tymczasowej KZ \u201eS\u201d. Do 1989 roku kolportowa\u0142 wydawnictwa podziemne w tym m.in. czasopisma \u201eKOS\u201d, \u201eOdrodzenie\u201d, \u201eSolidarno\u015b\u0107 Walcz\u0105ca\u201d, \u201eTygodnik Mazowsze\u201d, \u201eZ Dnia na Dzie\u0144\u201d. W latach 1982 &#8211; 1984 dostarcza\u0142 ww. czasopisma do punkt\u00f3w kolporta\u017cu w Nysie, Otmuchowie i Jeleniej G\u00f3rze. 28 lutego 1982 roku, po rewizji w mieszkaniu, zosta\u0142 zatrzymany i by\u0142 przes\u0142uchiwany w KW MO we Wroc\u0142awiu. 2 marca 1982 roku zosta\u0142  internowany i osadzony w O\u015brodku Odosobnienia w Nysie. Zwolniono go 28 czerwca 1982 roku. W tym samym roku zosta\u0142 wsp\u00f3\u0142pracownikiem \u201eSolidarno\u015bci Walcz\u0105cej\u201d, w ramach tej wsp\u00f3\u0142pracy zajmowa\u0142 si\u0119 m.in. transportem materia\u0142\u00f3w i wynajmem mieszka\u0144 dla cel\u00f3w konspiracyjnych. W 1983 roku zosta\u0142 zwolniony z pracy po weryfikacji kadr. W latach 1984 &#8211; 1986 pracowa\u0142 jako \u015blusarz-spawacz we wroc\u0142awskiej Sp\u00f3\u0142dzielni Inwalid\u00f3w Odra. 3 stycznia 1984 roku zosta\u0142 aresztowany. By\u0142 przetrzymywany w Areszcie \u015aledczym we Wroc\u0142awiu. 29 maja 1984 roku zosta\u0142 zwolniony. 28 lipca 1984 roku S\u0105d Rejonowy Wroc\u0142aw-Fabryczna umorzy\u0142 post\u0119powanie wobec niego na mocy amnestii. W tym samym okresie straci\u0142 zatrudnienie. W latach 1987 &#8211; 1989 pracowa\u0142 jako technolog w Instytucie Ochrony \u015arodowiska Oddzia\u0142 we Wroc\u0142awiu. W tym samym okresie pe\u0142ni\u0142 funkcj\u0119 rzecznika KIiP \u201eS\u201d Regionu Dolny \u015al\u0105sk. W latach 1982 &#8211; 1989 dzia\u0142a\u0142 w Arcybiskupim Komitecie Charytatywnym we Wroc\u0142awiu. Kilkana\u015bcie razy by\u0142 zatrzymywany na 48 godzin. Kilkakrotnie zosta\u0142 pobity. W 1989 roku nale\u017ca\u0142 do wroc\u0142awskiego KO \u201eS\u201d, uczestniczy\u0142 w kampanii wyborczej KO \u201eS\u201d. W 1995 roku Marek Jakubiec zosta\u0142 odznaczony Krzy\u017cem Wi\u0119\u017ania Politycznego, w 2006 roku Krzy\u017cem Kawalerskim Orderu Odrodzenia Polski.<\/p>\n","protected":false},"excerpt":{"rendered":"<p>Urodzi\u0142 si\u0119 1 lipca 1947 roku we Wroc\u0142awiu. W 1967 roku uko\u0144czy\u0142 Technikum Budowy Silnik\u00f3w Lotniczych we Wroc\u0142awiu. W tym samym roku rozpocz\u0105\u0142 studia na Politechnice Wroc\u0142awskiej. W marcu 1968 roku wzi\u0105\u0142 udzia\u0142 w strajku okupacyjnym na Politechnice Wroc\u0142awskiej. Nast\u0119pnie zosta\u0142 relegowany ze studi\u00f3w i zmuszony do odbycia zasadniczej s\u0142u\u017cby wojskowej. W latach 1971 &#8211; [&hellip;]<\/p>\n","protected":false},"featured_media":3639,"template":"","meta":[],"_links":{"self":[{"href":"http:\/\/ludzie.fundacja-pih.pl\/index.php\/wp-json\/wp\/v2\/product\/3638"}],"collection":[{"href":"http:\/\/ludzie.fundacja-pih.pl\/index.php\/wp-json\/wp\/v2\/product"}],"about":[{"href":"http:\/\/ludzie.fundacja-pih.pl\/index.php\/wp-json\/wp\/v2\/types\/product"}],"wp:featuredmedia":[{"embeddable":true,"href":"http:\/\/ludzie.fundacja-pih.pl\/index.php\/wp-json\/wp\/v2\/media\/3639"}],"wp:attachment":[{"href":"http:\/\/ludzie.fundacja-pih.pl\/index.php\/wp-json\/wp\/v2\/media?parent=3638"}],"curies":[{"name":"wp","href":"https:\/\/api.w.org\/{rel}","templated":true}]}}