{"id":3645,"date":"2021-06-02T08:11:01","date_gmt":"2021-06-02T08:11:01","guid":{"rendered":"http:\/\/ludzie.fundacja-pih.pl\/?post_type=product&#038;p=3645"},"modified":"2025-05-16T14:22:38","modified_gmt":"2025-05-16T14:22:38","slug":"szymonik-jadwiga","status":"publish","type":"product","link":"http:\/\/ludzie.fundacja-pih.pl\/index.php\/product\/szymonik-jadwiga\/","title":{"rendered":"Szymonik Jadwiga"},"content":{"rendered":"<p>Urodzi\u0142a si\u0119 w 1948 roku w m. \u0141osice.<\/p>\n<p>We wrze\u015bniu 1980 roku wst\u0105pi\u0142a do struktur NSZZ \u201eSolidarno\u015b\u0107\u201d dzia\u0142aj\u0105cych przy Politechnice Wroc\u0142awskiej. Po wprowadzeniu stanu wojennego, od 13 do 15 grudnia 1981 roku, bra\u0142a udzia\u0142 w strajku okupacyjnym na Politechnice Wroc\u0142awskiej. Po pacyfikacji strajku kontynuowa\u0142a dzia\u0142alno\u015b\u0107 w konspiracji. Przygotowywa\u0142a matryce do nielegalnych publikacji i czasopism m.in. \u201eZ Dnia na Dzie\u0144\u201d. Zajmowa\u0142a si\u0119 ich drukiem i kolporta\u017cem. Organizowa\u0142a pomoc finansow\u0105 i materialn\u0105 dla os\u00f3b represjonowanych. W latach 1982 &#8211; 1989 aktywnie wsp\u00f3\u0142pracowa\u0142a z Uczelnian\u0105 Komisj\u0105 Koordynacyjn\u0105 przy Politechnice Wroc\u0142awskiej, Regionalnym Komitetem Strajkowym oraz z Solidarno\u015bci\u0105 Walcz\u0105c\u0105. Zosta\u0142a odznaczona Krzy\u017cem Wolno\u015bci i Solidarno\u015bci.<\/p>\n","protected":false},"excerpt":{"rendered":"<p>Urodzi\u0142a si\u0119 w 1948 roku w m. \u0141osice. We wrze\u015bniu 1980 roku wst\u0105pi\u0142a do struktur NSZZ \u201eSolidarno\u015b\u0107\u201d dzia\u0142aj\u0105cych przy Politechnice Wroc\u0142awskiej. Po wprowadzeniu stanu wojennego, od 13 do 15 grudnia 1981 roku, bra\u0142a udzia\u0142 w strajku okupacyjnym na Politechnice Wroc\u0142awskiej. Po pacyfikacji strajku kontynuowa\u0142a dzia\u0142alno\u015b\u0107 w konspiracji. Przygotowywa\u0142a matryce do nielegalnych publikacji i czasopism m.in. [&hellip;]<\/p>\n","protected":false},"featured_media":3646,"template":"","meta":[],"_links":{"self":[{"href":"http:\/\/ludzie.fundacja-pih.pl\/index.php\/wp-json\/wp\/v2\/product\/3645"}],"collection":[{"href":"http:\/\/ludzie.fundacja-pih.pl\/index.php\/wp-json\/wp\/v2\/product"}],"about":[{"href":"http:\/\/ludzie.fundacja-pih.pl\/index.php\/wp-json\/wp\/v2\/types\/product"}],"wp:featuredmedia":[{"embeddable":true,"href":"http:\/\/ludzie.fundacja-pih.pl\/index.php\/wp-json\/wp\/v2\/media\/3646"}],"wp:attachment":[{"href":"http:\/\/ludzie.fundacja-pih.pl\/index.php\/wp-json\/wp\/v2\/media?parent=3645"}],"curies":[{"name":"wp","href":"https:\/\/api.w.org\/{rel}","templated":true}]}}