{"id":3670,"date":"2021-06-07T15:56:49","date_gmt":"2021-06-07T15:56:49","guid":{"rendered":"http:\/\/ludzie.fundacja-pih.pl\/?post_type=product&#038;p=3670"},"modified":"2025-05-16T14:22:39","modified_gmt":"2025-05-16T14:22:39","slug":"tyszkiewicz-iwona-bogumila","status":"publish","type":"product","link":"http:\/\/ludzie.fundacja-pih.pl\/index.php\/product\/tyszkiewicz-iwona-bogumila\/","title":{"rendered":"Tyszkiewicz Iwona Bogumi\u0142a"},"content":{"rendered":"<p>Urodzi\u0142a si\u0119 ?, a zmar\u0142a 19 sierpnia 2018 roku we Wroc\u0142awiu.<\/p>\n<p>W 1982 roku jeszcze jako uczennica jednej z elbl\u0105skich szk\u00f3\u0142 \u015brednich, zosta\u0142a skazana  na kar\u0119 trzech lat pozbawienia wolno\u015bci w zawieszeniu na 5 lat za kolporta\u017c ulotek i wydawnictw podziemnych. By\u0142a inwigilowana i szanta\u017cowana przez SB. Zwalniano j\u0105 z kolejnych zak\u0142ad\u00f3w pracy. Wsp\u00f3\u0142pracowa\u0142a z wroc\u0142awskim oddzia\u0142em \u201eSolidarno\u015bci Walcz\u0105cej\u201d, dzia\u0142a\u0142a aktywnie w strukturach \u201ePomara\u0144czowej Alternatywy\u201d. Wielokrotnie by\u0142a zatrzymywana na 48 godzin. W 1988 roku za dzia\u0142alno\u015b\u0107 opozycyjn\u0105 zosta\u0142a skazana na kar\u0119 grzywny w wysoko\u015bci 10000 z\u0142otych. Kar\u0119 t\u0119 zamieniono na 3 dni aresztu. <\/p>\n","protected":false},"excerpt":{"rendered":"<p>Urodzi\u0142a si\u0119 ?, a zmar\u0142a 19 sierpnia 2018 roku we Wroc\u0142awiu. W 1982 roku jeszcze jako uczennica jednej z elbl\u0105skich szk\u00f3\u0142 \u015brednich, zosta\u0142a skazana na kar\u0119 trzech lat pozbawienia wolno\u015bci w zawieszeniu na 5 lat za kolporta\u017c ulotek i wydawnictw podziemnych. By\u0142a inwigilowana i szanta\u017cowana przez SB. Zwalniano j\u0105 z kolejnych zak\u0142ad\u00f3w pracy. Wsp\u00f3\u0142pracowa\u0142a z [&hellip;]<\/p>\n","protected":false},"featured_media":3671,"template":"","meta":[],"_links":{"self":[{"href":"http:\/\/ludzie.fundacja-pih.pl\/index.php\/wp-json\/wp\/v2\/product\/3670"}],"collection":[{"href":"http:\/\/ludzie.fundacja-pih.pl\/index.php\/wp-json\/wp\/v2\/product"}],"about":[{"href":"http:\/\/ludzie.fundacja-pih.pl\/index.php\/wp-json\/wp\/v2\/types\/product"}],"wp:featuredmedia":[{"embeddable":true,"href":"http:\/\/ludzie.fundacja-pih.pl\/index.php\/wp-json\/wp\/v2\/media\/3671"}],"wp:attachment":[{"href":"http:\/\/ludzie.fundacja-pih.pl\/index.php\/wp-json\/wp\/v2\/media?parent=3670"}],"curies":[{"name":"wp","href":"https:\/\/api.w.org\/{rel}","templated":true}]}}