{"id":3674,"date":"2021-06-07T16:02:56","date_gmt":"2021-06-07T16:02:56","guid":{"rendered":"http:\/\/ludzie.fundacja-pih.pl\/?post_type=product&#038;p=3674"},"modified":"2025-05-16T14:22:40","modified_gmt":"2025-05-16T14:22:40","slug":"mielczarek-grzegorz","status":"publish","type":"product","link":"http:\/\/ludzie.fundacja-pih.pl\/index.php\/product\/mielczarek-grzegorz\/","title":{"rendered":"Mielczarek Grzegorz"},"content":{"rendered":"<p>By\u0142 jednym z za\u0142o\u017cycieli Niezale\u017cnego Zrzeszenia Student\u00f3w, a od jesieni 1980 rokuwiceprzewodnicz\u0105cym NZS w Instytucie Matematyki Uniwersytetu Wroc\u0142awskiego. Po wprowadzeniu stanu wojennego uczestniczy\u0142 w strajku na Uniwersytecie Wroc\u0142awskim. Bra\u0142 r\u00f3wnie\u017c udzia\u0142 w manifestacjach ulicznych, organizowanych w obronie NSZZ \u201eSolidarno\u015b\u0107\u201d oraz b\u0119d\u0105cych wyrazem sprzeciwu wobec wprowadzonego stanu wojennego. W latach 1986 \u2013 1989 uczestniczy\u0142 w akcjach Ruchu \u201eWolno\u015b\u0107 i Pok\u00f3j\u201d. W latach 1987 \u2013 1988 by\u0142 kilkakrotnie zatrzymywany i karany za udzia\u0142 w protestach w obronie os\u00f3b skazanych za odmow\u0119 s\u0142u\u017cby lub przysi\u0119gi wojskowej, jak r\u00f3wnie\u017c za udzia\u0142 w zebraniu sympatyk\u00f3w Ruchu \u201eWolno\u015b\u0107 i Pok\u00f3j\u201d oraz za rozpowszechnianie nielegalnych ulotek na ulicach Wroc\u0142awia. W latach 1984 \u2013 1985 drukowa\u0142 pisma \u201eSolidarno\u015bci Walcz\u0105cej\u201d oraz pe\u0142ni\u0142 rol\u0119 kuriera przewo\u017c\u0105cego prywatnym samochodem wydawnictwa niezale\u017cne do Warszawy. W swoim mieszkaniu zorganizowa\u0142 magazyn prasy podziemnej.<\/p>\n","protected":false},"excerpt":{"rendered":"<p>By\u0142 jednym z za\u0142o\u017cycieli Niezale\u017cnego Zrzeszenia Student\u00f3w, a od jesieni 1980 rokuwiceprzewodnicz\u0105cym NZS w Instytucie Matematyki Uniwersytetu Wroc\u0142awskiego. Po wprowadzeniu stanu wojennego uczestniczy\u0142 w strajku na Uniwersytecie Wroc\u0142awskim. Bra\u0142 r\u00f3wnie\u017c udzia\u0142 w manifestacjach ulicznych, organizowanych w obronie NSZZ \u201eSolidarno\u015b\u0107\u201d oraz b\u0119d\u0105cych wyrazem sprzeciwu wobec wprowadzonego stanu wojennego. W latach 1986 \u2013 1989 uczestniczy\u0142 w akcjach [&hellip;]<\/p>\n","protected":false},"featured_media":3675,"template":"","meta":[],"_links":{"self":[{"href":"http:\/\/ludzie.fundacja-pih.pl\/index.php\/wp-json\/wp\/v2\/product\/3674"}],"collection":[{"href":"http:\/\/ludzie.fundacja-pih.pl\/index.php\/wp-json\/wp\/v2\/product"}],"about":[{"href":"http:\/\/ludzie.fundacja-pih.pl\/index.php\/wp-json\/wp\/v2\/types\/product"}],"wp:featuredmedia":[{"embeddable":true,"href":"http:\/\/ludzie.fundacja-pih.pl\/index.php\/wp-json\/wp\/v2\/media\/3675"}],"wp:attachment":[{"href":"http:\/\/ludzie.fundacja-pih.pl\/index.php\/wp-json\/wp\/v2\/media?parent=3674"}],"curies":[{"name":"wp","href":"https:\/\/api.w.org\/{rel}","templated":true}]}}