{"id":3681,"date":"2021-06-09T08:54:45","date_gmt":"2021-06-09T08:54:45","guid":{"rendered":"http:\/\/ludzie.fundacja-pih.pl\/?post_type=product&#038;p=3681"},"modified":"2025-05-16T14:22:42","modified_gmt":"2025-05-16T14:22:42","slug":"hendzel-jerzy-zgorzelec","status":"publish","type":"product","link":"http:\/\/ludzie.fundacja-pih.pl\/index.php\/product\/hendzel-jerzy-zgorzelec\/","title":{"rendered":"Hendzel Jerzy (Zgorzelec)"},"content":{"rendered":"<p>Urodzi\u0142 si\u0119 1 lipca 1949 roku w Zawidowie.<\/p>\n<p>W 1967 roku uko\u0144czy\u0142 LO w Zgorzelcu. Egzamin dojrza\u0142o\u015bci zda\u0142 w roku 1999. W latach 1967 \u2013 1970 by\u0142 zatrudniony jako \u015blusarz i tokarz w zgorzeleckiej Sp\u00f3\u0142dzielni Wielobran\u017cowej Zak\u0142ad Metalowy. W latach 1970 \u2013 1972 odby\u0142 zasadnicz\u0105 s\u0142u\u017cb\u0119 wojskow\u0105. W okresie 1972 \u2013 1975 pracowa\u0142 w Sp\u00f3\u0142dzielni Wielobran\u017cowej 22 Lipca Zwijki \u2013 Zak\u0142ad nr 3 Kondensatory w Zgorzelcu. W latach 1975 \u2013 1977 pe\u0142ni\u0142 funkcj\u0119 mistrza \u015blusarza maszynowego w Zgorzeleckich Zak\u0142adach Naprawczych\/Fabryce Maszyn G\u00f3rnictwa Odkrywkowego Famago. W 1977 roku by\u0142 kierownikiem magazynierem w Hucie Szk\u0142a Lucyna w Pie\u0144sku. W latach 1977 \u2013 1978 pracowa\u0142 w Zak\u0142adzie Remontowym Energetyki Wroc\u0142aw Od 1978 roku do stycznia 1998 roku zatrudniony by\u0142 jako mistrz \u015blusarz narz\u0119dziowy, spawacz w Famago w Zgorzelcu. We wrze\u015bniu 1980 roku wst\u0105pi\u0142 do NSZZ \u201eSolidarno\u015b\u0107\u201d. Od lutego 1982 roku do roku 1987 nale\u017ca\u0142 do TKZ w Famago. W 1982 roku zbiera\u0142 sk\u0142adki na pomoc dla represjonowanych dzia\u0142aczy \u201eS\u201d. 31 sierpnia 1982 roku wsp\u00f3\u0142organizowa\u0142 i uczestniczy\u0142 w antyre\u017cimowej demonstracji w Zgorzelcu. W latach 1982 \u2013 1987 by\u0142 zaprzysi\u0119\u017conym cz\u0142onkiem zgorzeleckiego oddzia\u0142u \u201eSolidarno\u015bci Walcz\u0105cej\u201d. W latach 1982 \u2013 1985 by\u0142 wsp\u00f3\u0142za\u0142o\u017cycielem, autorem (ps. \u201eFid\u017ci\u201d) oraz drukarzem podziemnego zak\u0142adowego pisma \u201eFama\u201d. W latach 1982 \u2013 1985 kolportowa\u0142 wydawnictwa podziemne, kt\u00f3re sprowadza\u0142 do Zgorzelca z Wroc\u0142awia i Bielska-Bia\u0142ej. Kolportowa\u0142 w Famago i na terenie Zgorzelca takie tytu\u0142y jak m.in. \u201eZ Dnia na Dzie\u0144\u201d, \u201eSolidarno\u015b\u0107 Walcz\u0105ca\u201d, \u201eFama\u201d, \u201eZgorzelina\u201d, \u201eTygodnik Mazowsze\u201d, \u201eCDN\u201d, \u201eWiadomo\u015bci Bie\u017c\u0105ce\u201d, \u201eZeszyty Literackie\u201d, \u201eWiadomo\u015bci. Biuletyn NSZZ \u00bbSolidarno\u015b\u0107\u00ab Regionu Mazowsze\u201d. 24 kwietnia 1985 roku zosta\u0142 aresztowany i osadzony w Areszcie \u015aledczym w Zgorzelcu, a nast\u0119pnie w Lubaniu \u015al\u0105skim. 22 maja 1985 roku zosta\u0142 zwolniony. 19 sierpnia 1985 roku zosta\u0142 skazany w trybie nakazowym przez S\u0105d Rejonowy w Zgorzelcu na kar\u0119 dw\u00f3ch lat pozbawienia wolno\u015bci (w wyniku odwo\u0142a\u0144 nie trafi\u0142 do wi\u0119zienia), w lipcu 1986 roku zosta\u0142 obj\u0119ty amnesti\u0105. W latach 1983 \u2013 1986 bra\u0142 udzia\u0142 w Mszach za Ojczyzn\u0119 w ko\u015bciele \u015bw. Bonifacego w Zgorzelcu. W 2017 roku zosta\u0142 odznaczony Krzy\u017cem Wolno\u015bci i Solidarno\u015bci. Do 20 listopada 1985 roku by\u0142 rozpracowywany przez pion III RUSW w Zgorzelcu w ramach SOR o kryptonimie \u201eMaj\u201d.<\/p>\n","protected":false},"excerpt":{"rendered":"<p>Urodzi\u0142 si\u0119 1 lipca 1949 roku w Zawidowie. W 1967 roku uko\u0144czy\u0142 LO w Zgorzelcu. Egzamin dojrza\u0142o\u015bci zda\u0142 w roku 1999. W latach 1967 \u2013 1970 by\u0142 zatrudniony jako \u015blusarz i tokarz w zgorzeleckiej Sp\u00f3\u0142dzielni Wielobran\u017cowej Zak\u0142ad Metalowy. W latach 1970 \u2013 1972 odby\u0142 zasadnicz\u0105 s\u0142u\u017cb\u0119 wojskow\u0105. W okresie 1972 \u2013 1975 pracowa\u0142 w Sp\u00f3\u0142dzielni [&hellip;]<\/p>\n","protected":false},"featured_media":906,"template":"","meta":[],"_links":{"self":[{"href":"http:\/\/ludzie.fundacja-pih.pl\/index.php\/wp-json\/wp\/v2\/product\/3681"}],"collection":[{"href":"http:\/\/ludzie.fundacja-pih.pl\/index.php\/wp-json\/wp\/v2\/product"}],"about":[{"href":"http:\/\/ludzie.fundacja-pih.pl\/index.php\/wp-json\/wp\/v2\/types\/product"}],"wp:featuredmedia":[{"embeddable":true,"href":"http:\/\/ludzie.fundacja-pih.pl\/index.php\/wp-json\/wp\/v2\/media\/906"}],"wp:attachment":[{"href":"http:\/\/ludzie.fundacja-pih.pl\/index.php\/wp-json\/wp\/v2\/media?parent=3681"}],"curies":[{"name":"wp","href":"https:\/\/api.w.org\/{rel}","templated":true}]}}