{"id":3687,"date":"2021-06-09T09:10:26","date_gmt":"2021-06-09T09:10:26","guid":{"rendered":"http:\/\/ludzie.fundacja-pih.pl\/?post_type=product&#038;p=3687"},"modified":"2025-05-16T14:22:46","modified_gmt":"2025-05-16T14:22:46","slug":"berner-zofia","status":"publish","type":"product","link":"http:\/\/ludzie.fundacja-pih.pl\/index.php\/product\/berner-zofia\/","title":{"rendered":"Berner Zofia"},"content":{"rendered":"<p>Urodzi\u0142a si\u0119 23 marca 1941 roku w \u0141odzi, a zmar\u0142a 1 lutego 2010 roku w \u0141odzi.<\/p>\n<p>W latach 1958 &#8211; 1959 by\u0142a zatrudniona w Fabryce Ko\u0142der w \u0141odzi. W okresie od 1960 do 1962 pracowa\u0142a w Ch\u0142odni \u0141\u00f3d\u017a. W latach 1962 &#8211; 1979 by\u0142a pracownikiem \u0142\u00f3dzkiej Sp\u00f3\u0142dzielni Pracy Inwalid\u00f3w Pok\u00f3j. W 1979 roku przesz\u0142a na rent\u0119. We wrze\u015bniu 1980 roku wst\u0105pi\u0142a do NSZZ \u201eSolidarno\u015b\u0107\u201d i wesz\u0142a w sk\u0142ad KZ \u201eS\u201d w Sp\u00f3\u0142dzielni Pracy Inwalid\u00f3w Pok\u00f3j w \u0141odzi. Po wprowadzeniu stanu wojennego uczestniczy\u0142a 13 grudnia 1981 roku w demonstracji przed siedzib\u0105 ZR Ziemi \u0141\u00f3dzkiej. W 1982 roku wsp\u00f3\u0142pracowa\u0142a z O\u015brodkiem Pomocy Uwi\u0119zionym, Internowanym i ich Rodzinom przy parafii oo. Jezuit\u00f3w w \u0141odzi. Dostarcza\u0142a \u017cywno\u015b\u0107 z w\u0142asnych zapas\u00f3w. W latach 1982 &#8211; 1988 kolportowa\u0142a wydawnictwa podziemne, w tym ksi\u0105\u017cki wydawnictw: \u201eKr\u0105g\u201d, \u201eMy\u015bl\u201d, \u201eCDN\u201d, \u201eNOWa\u201d, Officyna Libera\u0142\u00f3w, Gryf Publications Ltd a tak\u017ce ulotki, znaczki poczt podziemnych, kalendarze, karty \u015bwi\u0105teczne (we wsp\u00f3\u0142pracy z Zygmuntem Ciecha\u0144skim, Marianem Juraszczykiem, Helen\u0105 Pryczek, J\u00f3zefem Krygielem, W\u0142adys\u0142aw\u0105 Stolarczyk, Urszul\u0105 Jasi\u0144sk\u0105, Ilon\u0105 Ogi\u0144sk\u0105 i Janin\u0105 Pietrzak) oraz pism podziemnych: \u201eTygodnik Mazowsze\u201d, \u201eWolna Solidarno\u015b\u0107\u201d, \u201eBiuletyn \u0141\u00f3dzki\u201d, \u201eSolidarni. Wiadomo\u015bci Wojenne\u201d, \u201eG\u0142os \u0141odzi\u201d, \u201eGotowo\u015b\u0107 \u00abS\u00bb\u201d, \u201eSenior \u00abS\u00bb\u201d. Bra\u0142a udzia\u0142 w antyre\u017cimowych demonstracjach w \u0141odzi. W styczniu 1982 roku zosta\u0142a zatrzymana przez funkcjonariuszy MO na 48 godzin w KD MO \u0141\u00f3d\u017a-\u015ar\u00f3dmie\u015bcie. Zosta\u0142a skazana przez kolegium ds. wykrocze\u0144 na kar\u0119 grzywny w wysoko\u015bci 12000 z\u0142. 12 listopada 1982 roku ponownie zosta\u0142a skazana na kar\u0119 grzywny w wysoko\u015bci 15000 z\u0142. 1 maja 1984 roku zn\u00f3w j\u0105 zatrzymano podczas demonstracji. Zosta\u0142a w\u00f3wczas pobita i przewieziona do szpitala \u015bw. Rodziny w \u0141odzi. 14 maja 1984 roku zosta\u0142a przes\u0142uchana w Prokuraturze Rejonowej \u0141\u00f3d\u017a-\u015ar\u00f3dmie\u015bcie. W 1987 roku nale\u017ca\u0142a do zespo\u0142u redakcyjnego (z Z. Ciecha\u0144skim i Halin\u0105 Mili\u0144sk\u0105) \u0142\u00f3dzkiego podziemnego pisma \u201eSenior \u00abS\u00bb\u201d. Wsp\u00f3\u0142pracowa\u0142a z \u0142\u00f3dzk\u0105 Solidarno\u015bci\u0105 Walcz\u0105c\u0105. W 2007 roku otrzyma\u0142a medal O Niepodleg\u0142o\u015b\u0107 Polski i Prawa Cz\u0142owieka 13 XII 1981 \u2013 4 VI 1989. <\/p>\n","protected":false},"excerpt":{"rendered":"<p>Urodzi\u0142a si\u0119 23 marca 1941 roku w \u0141odzi, a zmar\u0142a 1 lutego 2010 roku w \u0141odzi. W latach 1958 &#8211; 1959 by\u0142a zatrudniona w Fabryce Ko\u0142der w \u0141odzi. W okresie od 1960 do 1962 pracowa\u0142a w Ch\u0142odni \u0141\u00f3d\u017a. W latach 1962 &#8211; 1979 by\u0142a pracownikiem \u0142\u00f3dzkiej Sp\u00f3\u0142dzielni Pracy Inwalid\u00f3w Pok\u00f3j. W 1979 roku przesz\u0142a na [&hellip;]<\/p>\n","protected":false},"featured_media":906,"template":"","meta":[],"_links":{"self":[{"href":"http:\/\/ludzie.fundacja-pih.pl\/index.php\/wp-json\/wp\/v2\/product\/3687"}],"collection":[{"href":"http:\/\/ludzie.fundacja-pih.pl\/index.php\/wp-json\/wp\/v2\/product"}],"about":[{"href":"http:\/\/ludzie.fundacja-pih.pl\/index.php\/wp-json\/wp\/v2\/types\/product"}],"wp:featuredmedia":[{"embeddable":true,"href":"http:\/\/ludzie.fundacja-pih.pl\/index.php\/wp-json\/wp\/v2\/media\/906"}],"wp:attachment":[{"href":"http:\/\/ludzie.fundacja-pih.pl\/index.php\/wp-json\/wp\/v2\/media?parent=3687"}],"curies":[{"name":"wp","href":"https:\/\/api.w.org\/{rel}","templated":true}]}}