{"id":3688,"date":"2021-06-09T09:11:00","date_gmt":"2021-06-09T09:11:00","guid":{"rendered":"http:\/\/ludzie.fundacja-pih.pl\/?post_type=product&#038;p=3688"},"modified":"2025-05-16T14:22:46","modified_gmt":"2025-05-16T14:22:46","slug":"checinski-tadeusz","status":"publish","type":"product","link":"http:\/\/ludzie.fundacja-pih.pl\/index.php\/product\/checinski-tadeusz\/","title":{"rendered":"Ch\u0119ci\u0144ski Tadeusz"},"content":{"rendered":"<p>Oczekujemy na uzupe\u0142nienie tre\u015bci.<\/p>\n","protected":false},"excerpt":{"rendered":"<p>Oczekujemy na uzupe\u0142nienie tre\u015bci.<\/p>\n","protected":false},"featured_media":906,"template":"","meta":[],"_links":{"self":[{"href":"http:\/\/ludzie.fundacja-pih.pl\/index.php\/wp-json\/wp\/v2\/product\/3688"}],"collection":[{"href":"http:\/\/ludzie.fundacja-pih.pl\/index.php\/wp-json\/wp\/v2\/product"}],"about":[{"href":"http:\/\/ludzie.fundacja-pih.pl\/index.php\/wp-json\/wp\/v2\/types\/product"}],"wp:featuredmedia":[{"embeddable":true,"href":"http:\/\/ludzie.fundacja-pih.pl\/index.php\/wp-json\/wp\/v2\/media\/906"}],"wp:attachment":[{"href":"http:\/\/ludzie.fundacja-pih.pl\/index.php\/wp-json\/wp\/v2\/media?parent=3688"}],"curies":[{"name":"wp","href":"https:\/\/api.w.org\/{rel}","templated":true}]}}