{"id":3695,"date":"2021-06-09T09:16:27","date_gmt":"2021-06-09T09:16:27","guid":{"rendered":"http:\/\/ludzie.fundacja-pih.pl\/?post_type=product&#038;p=3695"},"modified":"2025-05-16T14:22:50","modified_gmt":"2025-05-16T14:22:50","slug":"herburt-andrzej","status":"publish","type":"product","link":"http:\/\/ludzie.fundacja-pih.pl\/index.php\/product\/herburt-andrzej\/","title":{"rendered":"Herburt Andrzej"},"content":{"rendered":"<p>Urodzi\u0142 si\u0119 16 stycznia 1943 roku w Sochaczewie.<\/p>\n<p>Absolwent Wydzia\u0142u Architektury Politechniki Wroc\u0142awskiej. W latach 1967-1982 by\u0142 zatrudniony w Inwestprojekcie we Wroc\u0142awiu. Od wrze\u015bnia 1980 roku wst\u0105pi\u0142 do NSZZ \u201eSolidarno\u015b\u0107\u201d Inwestprojekcie. Kolportowa\u0142 wydawnictwa niezale\u017cne. Po wprowadzeniu stanu wojennego, 13 grudnia 1981 roku, wsp\u00f3\u0142organizowa\u0142 (razem z Barbar\u0105 Gruszczy\u0144sk\u0105 i \u017con\u0105 Mart\u0105) pomoc dla rodzin os\u00f3b internowanych i wi\u0119zionych. Wraz z \u017con\u0105 zajmowa\u0142 si\u0119 hurtowym kolporta\u017cem wydawnictw niezale\u017cnych. Organizowa\u0142 sta\u0142e dostawy z Warszawy, Lublina i Wroc\u0142awia, takich tytu\u0142\u00f3w prasy podziemnej jak m.in. \u201eTygodnik Mazowsze\u201d, \u201eWola\u201d, \u201ePWA\u201d, \u201eZ Dnia na Dzie\u0144\u201d, wroc\u0142awsk\u0105 \u201eSolidarno\u015b\u0107 Walcz\u0105c\u0105\u201d. W sk\u0142ad dostaw wchodzi\u0142a r\u00f3wnie\u017c prasa \u0142\u00f3dzka, ksi\u0105\u017cki bezdebitowe (m.in. \u201eKr\u0119gu\u201d, \u201eNOW\u201dej, Oficyny Libera\u0142\u00f3w, Wydawnictwa \u201eAntyk\u201d), znaczk\u00f3w, poczt\u00f3wek czy kalendarzy. W latach 1986 &#8211; 1989 wsp\u00f3\u0142pracowa\u0142 w zakresie kolporta\u017cu z \u0142\u00f3dzkim oddzia\u0142em \u201eSolidarno\u015bci Walcz\u0105cej\u201d. W czerwcu 1987 roku, wraz z \u017con\u0105, projektowa\u0142 winiety pism \u0142\u00f3dzkich, znaczki, kalendarze, poczt\u00f3wki, transparenty dla KPN oraz sztandar \u0142\u00f3dzkiej \u201eSolidarno\u015bci\u201d. W roku 1982 roku zosta\u0142 w\u0142a\u015bcicielem firmy architektonicznej.<\/p>\n","protected":false},"excerpt":{"rendered":"<p>Urodzi\u0142 si\u0119 16 stycznia 1943 roku w Sochaczewie. Absolwent Wydzia\u0142u Architektury Politechniki Wroc\u0142awskiej. W latach 1967-1982 by\u0142 zatrudniony w Inwestprojekcie we Wroc\u0142awiu. Od wrze\u015bnia 1980 roku wst\u0105pi\u0142 do NSZZ \u201eSolidarno\u015b\u0107\u201d Inwestprojekcie. Kolportowa\u0142 wydawnictwa niezale\u017cne. Po wprowadzeniu stanu wojennego, 13 grudnia 1981 roku, wsp\u00f3\u0142organizowa\u0142 (razem z Barbar\u0105 Gruszczy\u0144sk\u0105 i \u017con\u0105 Mart\u0105) pomoc dla rodzin os\u00f3b internowanych [&hellip;]<\/p>\n","protected":false},"featured_media":906,"template":"","meta":[],"_links":{"self":[{"href":"http:\/\/ludzie.fundacja-pih.pl\/index.php\/wp-json\/wp\/v2\/product\/3695"}],"collection":[{"href":"http:\/\/ludzie.fundacja-pih.pl\/index.php\/wp-json\/wp\/v2\/product"}],"about":[{"href":"http:\/\/ludzie.fundacja-pih.pl\/index.php\/wp-json\/wp\/v2\/types\/product"}],"wp:featuredmedia":[{"embeddable":true,"href":"http:\/\/ludzie.fundacja-pih.pl\/index.php\/wp-json\/wp\/v2\/media\/906"}],"wp:attachment":[{"href":"http:\/\/ludzie.fundacja-pih.pl\/index.php\/wp-json\/wp\/v2\/media?parent=3695"}],"curies":[{"name":"wp","href":"https:\/\/api.w.org\/{rel}","templated":true}]}}