{"id":3722,"date":"2021-06-09T09:34:51","date_gmt":"2021-06-09T09:34:51","guid":{"rendered":"http:\/\/ludzie.fundacja-pih.pl\/?post_type=product&#038;p=3722"},"modified":"2025-05-16T14:23:06","modified_gmt":"2025-05-16T14:23:06","slug":"skibinski-jerzy","status":"publish","type":"product","link":"http:\/\/ludzie.fundacja-pih.pl\/index.php\/product\/skibinski-jerzy\/","title":{"rendered":"Skibi\u0144ski Jerzy"},"content":{"rendered":"<p>Urodzi\u0142 si\u0119 28 sierpnia 1923 roku w Kutnie, zm. w 2013 roku w Kutnie.<\/p>\n<p>W 1960 roku uko\u0144czy\u0142 Technikum Ministerstwa Komunikacji im. J. Rabanowskiego w Warszawie. W latach 1946 \u2013 1981 by\u0142 pracownikiem PKP w Kutnie, pracuj\u0105c na r\u00f3\u017cnych stanowiskach. We wrze\u015bniu 1980 roku by\u0142 inicjatorem utworzenia NSZZ \u201eSolidarno\u015b\u0107\u201d na terenie Lokomotywowni w Kutnie. W 1981 roku wsp\u00f3\u0142organizowa\u0142 MKZ \u201eS\u201d Ziemi Kutnowskiej. W tym samym roku przeszed\u0142 na emerytur\u0119. W latach 1985 \u2013 1989 by\u0142 zwi\u0105zany z nieformaln\u0105 grup\u0105 skupion\u0105 wok\u00f3\u0142 ks. Mariana Lipskiego, proboszcza Sanktuarium Matki Bo\u017cej w G\u0142ogowcu. W 1986 roku zosta\u0142 wsp\u00f3\u0142inicjatorem powo\u0142ania i skarbnikiem RKW \u201eS\u201d Ziemi Kutnowskiej. Kolportowa\u0142 podziemne wydawnictwa m.in. \u201eGazet\u0119 Podziemn\u0105\u201d czy \u201eSolidarno\u015b\u0107 Walcz\u0105c\u0105\u201d. W 1989 roku organizowa\u0142 KO w Kutnie, a nast\u0119pnie Obywatelski Ruch Samorz\u0105dno\u015bci Terytorialnej. W 2001 roku zosta\u0142 wyr\u00f3\u017cniony odznak\u0105 Zas\u0142u\u017conego Dzia\u0142acza Kultury, w 2014 roku zosta\u0142 odznaczony po\u015bmiertnie Krzy\u017cem Wolno\u015bci i Solidarno\u015bci. W latach 1981 \u2013 1983 by\u0142 rozpracowywany przez Wydzia\u0142  IIIA KW MO w P\u0142ocku w ramach SO o kryptonimie \u201eKolejarz\u201d.<\/p>\n","protected":false},"excerpt":{"rendered":"<p>Urodzi\u0142 si\u0119 28 sierpnia 1923 roku w Kutnie, zm. w 2013 roku w Kutnie. W 1960 roku uko\u0144czy\u0142 Technikum Ministerstwa Komunikacji im. J. Rabanowskiego w Warszawie. W latach 1946 \u2013 1981 by\u0142 pracownikiem PKP w Kutnie, pracuj\u0105c na r\u00f3\u017cnych stanowiskach. We wrze\u015bniu 1980 roku by\u0142 inicjatorem utworzenia NSZZ \u201eSolidarno\u015b\u0107\u201d na terenie Lokomotywowni w Kutnie. W [&hellip;]<\/p>\n","protected":false},"featured_media":906,"template":"","meta":[],"_links":{"self":[{"href":"http:\/\/ludzie.fundacja-pih.pl\/index.php\/wp-json\/wp\/v2\/product\/3722"}],"collection":[{"href":"http:\/\/ludzie.fundacja-pih.pl\/index.php\/wp-json\/wp\/v2\/product"}],"about":[{"href":"http:\/\/ludzie.fundacja-pih.pl\/index.php\/wp-json\/wp\/v2\/types\/product"}],"wp:featuredmedia":[{"embeddable":true,"href":"http:\/\/ludzie.fundacja-pih.pl\/index.php\/wp-json\/wp\/v2\/media\/906"}],"wp:attachment":[{"href":"http:\/\/ludzie.fundacja-pih.pl\/index.php\/wp-json\/wp\/v2\/media?parent=3722"}],"curies":[{"name":"wp","href":"https:\/\/api.w.org\/{rel}","templated":true}]}}