{"id":3755,"date":"2021-06-17T07:30:29","date_gmt":"2021-06-17T07:30:29","guid":{"rendered":"http:\/\/ludzie.fundacja-pih.pl\/?post_type=product&#038;p=3755"},"modified":"2025-05-16T14:23:15","modified_gmt":"2025-05-16T14:23:15","slug":"winciorek-wojciech-eugeniusz","status":"publish","type":"product","link":"http:\/\/ludzie.fundacja-pih.pl\/index.php\/product\/winciorek-wojciech-eugeniusz\/","title":{"rendered":"Winciorek Wojciech Eugeniusz"},"content":{"rendered":"<p>Urodzi\u0142 si\u0119 4 wrze\u015bnia 1950 roku w Trzebnicy.<\/p>\n<p>W latach 1977 &#8211; 1980 by\u0142 wsp\u00f3\u0142pracownikiem Komitetu Samoobrony Spo\u0142ecznej \u201eKOR\u201d i Ruchu Obrony Praw Cz\u0142owieka i Obywatela. Bra\u0142 udzia\u0142 w licznych akcjach ulotkowych i plakatowych. W latach 1977 &#8211; 1981 zajmowa\u0142 si\u0119 kolporta\u017cem i drukiem niezale\u017cnych pism takich jak \u201eRobotnik\u201d, \u201eBiuletyn Informacyjny\u201d KSS \u201eKOR\u201d, \u201eOpinia\u201d, \u201eInterrum\u201d, \u201ePodaj Dalej\u201d, \u201eBiuletyn Dolno\u015bl\u0105ski\u201d. Od  1982 roku by\u0142 dzia\u0142aczem Regionalnego Komitetu Strajkowego NSZZ \u201eSolidarno\u015b\u0107\u201d Dolny \u015al\u0105sk odpowiedzialnym za kontakty z podziemnym NZS. W 1985 roku zosta\u0142 zaprzysi\u0119\u017conym cz\u0142onkiem \u201eSolidarno\u015bci Walcz\u0105cej\u201d. W ramach tej dzia\u0142alno\u015bci kierowa\u0142 Biurem Zagranicznym. W latach 1982 &#8211; 1989 by\u0142 wsp\u00f3\u0142pracownikiem redakcji podziemnego pisma \u201eReplika\u201d.<\/p>\n","protected":false},"excerpt":{"rendered":"<p>Urodzi\u0142 si\u0119 4 wrze\u015bnia 1950 roku w Trzebnicy. W latach 1977 &#8211; 1980 by\u0142 wsp\u00f3\u0142pracownikiem Komitetu Samoobrony Spo\u0142ecznej \u201eKOR\u201d i Ruchu Obrony Praw Cz\u0142owieka i Obywatela. Bra\u0142 udzia\u0142 w licznych akcjach ulotkowych i plakatowych. W latach 1977 &#8211; 1981 zajmowa\u0142 si\u0119 kolporta\u017cem i drukiem niezale\u017cnych pism takich jak \u201eRobotnik\u201d, \u201eBiuletyn Informacyjny\u201d KSS \u201eKOR\u201d, \u201eOpinia\u201d, \u201eInterrum\u201d, [&hellip;]<\/p>\n","protected":false},"featured_media":3756,"template":"","meta":[],"_links":{"self":[{"href":"http:\/\/ludzie.fundacja-pih.pl\/index.php\/wp-json\/wp\/v2\/product\/3755"}],"collection":[{"href":"http:\/\/ludzie.fundacja-pih.pl\/index.php\/wp-json\/wp\/v2\/product"}],"about":[{"href":"http:\/\/ludzie.fundacja-pih.pl\/index.php\/wp-json\/wp\/v2\/types\/product"}],"wp:featuredmedia":[{"embeddable":true,"href":"http:\/\/ludzie.fundacja-pih.pl\/index.php\/wp-json\/wp\/v2\/media\/3756"}],"wp:attachment":[{"href":"http:\/\/ludzie.fundacja-pih.pl\/index.php\/wp-json\/wp\/v2\/media?parent=3755"}],"curies":[{"name":"wp","href":"https:\/\/api.w.org\/{rel}","templated":true}]}}