{"id":3798,"date":"2022-01-09T11:34:49","date_gmt":"2022-01-09T11:34:49","guid":{"rendered":"http:\/\/ludzie.fundacja-pih.pl\/?post_type=product&#038;p=3798"},"modified":"2025-05-16T14:23:19","modified_gmt":"2025-05-16T14:23:19","slug":"dwojak-jozef","status":"publish","type":"product","link":"http:\/\/ludzie.fundacja-pih.pl\/index.php\/product\/dwojak-jozef\/","title":{"rendered":"Dwojak J\u00f3zef (Lubin)"},"content":{"rendered":"<p>Urodzi\u0142 si\u0119 1 lutego 1940 roku w Mogilnie, zm. 18 marca 2015 roku w Lubinie<\/p>\n<p>W 1980 roku wst\u0105pi\u0142 do NSZZ \u201eSolidarno\u015b\u0107\u201d w ZG Lubin. W 1983 roku zosta\u0142 cz\u0142onkiem \u201eSolidarno\u015bci Walcz\u0105cej\u201d. Po wprowadzeniu stanu wojennego zaanga\u017cowa\u0142 si\u0119 w druk i kolporta\u017c ulotek podziemnej \u201eSolidarno\u015bci\u201d, a tak\u017ce wielu pism i wydawnictw podziemnych z ca\u0142ego Zag\u0142\u0119bia Miedziowego z \u201eSolidarno\u015bci\u0105 Walcz\u0105c\u0105\u201d na czele. Po utworzeniu Tymczasowej Komisji Zak\u0142adowej \u201eS\u201d kolportowa\u0142 te\u017c pisma \u201eUskok\u201d. Rozprowadza\u0142 pras\u0119 z r\u00f3\u017cnych stron Polski. By\u0142 najbli\u017cszym wsp\u00f3\u0142pracownikiem Jana Ko\u0142odzieja. W 1982 roku zosta\u0142 aresztowany razem z synem Miros\u0142awem. Bezpo\u015brednim powodem ich zatrzymania by\u0142 udzia\u0142 w uroczysto\u015bci upami\u0119tniaj\u0105cej ofiary stanu wojennego. W 2007 roku zosta\u0142 odznaczony Krzy\u017cem Oficerskim Orderu Odrodzenia Polski. <\/p>\n","protected":false},"excerpt":{"rendered":"<p>Urodzi\u0142 si\u0119 1 lutego 1940 roku w Mogilnie, zm. 18 marca 2015 roku w Lubinie W 1980 roku wst\u0105pi\u0142 do NSZZ \u201eSolidarno\u015b\u0107\u201d w ZG Lubin. W 1983 roku zosta\u0142 cz\u0142onkiem \u201eSolidarno\u015bci Walcz\u0105cej\u201d. Po wprowadzeniu stanu wojennego zaanga\u017cowa\u0142 si\u0119 w druk i kolporta\u017c ulotek podziemnej \u201eSolidarno\u015bci\u201d, a tak\u017ce wielu pism i wydawnictw podziemnych z ca\u0142ego Zag\u0142\u0119bia [&hellip;]<\/p>\n","protected":false},"featured_media":3799,"template":"","meta":[],"_links":{"self":[{"href":"http:\/\/ludzie.fundacja-pih.pl\/index.php\/wp-json\/wp\/v2\/product\/3798"}],"collection":[{"href":"http:\/\/ludzie.fundacja-pih.pl\/index.php\/wp-json\/wp\/v2\/product"}],"about":[{"href":"http:\/\/ludzie.fundacja-pih.pl\/index.php\/wp-json\/wp\/v2\/types\/product"}],"wp:featuredmedia":[{"embeddable":true,"href":"http:\/\/ludzie.fundacja-pih.pl\/index.php\/wp-json\/wp\/v2\/media\/3799"}],"wp:attachment":[{"href":"http:\/\/ludzie.fundacja-pih.pl\/index.php\/wp-json\/wp\/v2\/media?parent=3798"}],"curies":[{"name":"wp","href":"https:\/\/api.w.org\/{rel}","templated":true}]}}