{"id":505,"date":"2020-12-02T11:13:50","date_gmt":"2020-12-02T11:13:50","guid":{"rendered":"http:\/\/ludzie.fundacja-pih.pl\/?post_type=product&#038;p=505"},"modified":"2025-05-16T14:10:20","modified_gmt":"2025-05-16T14:10:20","slug":"barelkowski-piotr","status":"publish","type":"product","link":"http:\/\/ludzie.fundacja-pih.pl\/index.php\/product\/barelkowski-piotr\/","title":{"rendered":"Bare\u0142kowski Piotr"},"content":{"rendered":"<p>Urodzi\u0142 si\u0119 21 kwietnia w 1971 roku w Poznaniu.<\/p>\n<p>Dziennikarz, producent filmowy, realizator i mened\u017cer telewizyjny.<br \/>\nUko\u0144czy\u0142 Pa\u0144stwow\u0105 Wy\u017csz\u0105 Szko\u0142\u0119 Filmow\u0105, Telewizyjn\u0105 i Teatraln\u0105 im. Leona Schillera w \u0141odzi. Samodzielnie zrealizowa\u0142 wiele film\u00f3w dokumentalnych oraz program\u00f3w telewizyjnych. Jest za\u0142o\u017cycielem m.in. TV Biznes, TV Republika i wPolsce.pl oraz autorem wielu film\u00f3w i program\u00f3w telewizyjnych. W latach 1986 \u2013 1990 by\u0142 wsp\u00f3\u0142pracownikiem Macieja Frankiewicza i pozna\u0144skiej \u201eSolidarno\u015bci Walcz\u0105cej\u201d. W tym samym czasie aktywnie uczestniczy\u0142 w wielu protestach oraz akcjach kolporta\u017cowych. By\u0142 wydawc\u0105 czasopisma m\u0142odzie\u017cy \u201eKPN\u201d i \u201eSW WARTA\u201d, a tak\u017ce organizatorem wielu konspiracyjnych spotka\u0144 edukacyjnych. Organizowa\u0142 liczne happeningi w Poznaniu m.in. \u201ePo\u017cegnanie wiosny\u201d i \u201eWkroczenie Armii Czerwonej\u201d. W 1987 roku i 1988 roku uczestniczy\u0142 w krakowskich Marszach Szlakiem I Kompanii Kadrowej.<\/p>\n","protected":false},"excerpt":{"rendered":"<p>Urodzi\u0142 si\u0119 21 kwietnia w 1971 roku w Poznaniu. Dziennikarz, producent filmowy, realizator i mened\u017cer telewizyjny. Uko\u0144czy\u0142 Pa\u0144stwow\u0105 Wy\u017csz\u0105 Szko\u0142\u0119 Filmow\u0105, Telewizyjn\u0105 i Teatraln\u0105 im. Leona Schillera w \u0141odzi. Samodzielnie zrealizowa\u0142 wiele film\u00f3w dokumentalnych oraz program\u00f3w telewizyjnych. Jest za\u0142o\u017cycielem m.in. TV Biznes, TV Republika i wPolsce.pl oraz autorem wielu film\u00f3w i program\u00f3w telewizyjnych. W latach [&hellip;]<\/p>\n","protected":false},"featured_media":506,"template":"","meta":[],"_links":{"self":[{"href":"http:\/\/ludzie.fundacja-pih.pl\/index.php\/wp-json\/wp\/v2\/product\/505"}],"collection":[{"href":"http:\/\/ludzie.fundacja-pih.pl\/index.php\/wp-json\/wp\/v2\/product"}],"about":[{"href":"http:\/\/ludzie.fundacja-pih.pl\/index.php\/wp-json\/wp\/v2\/types\/product"}],"wp:featuredmedia":[{"embeddable":true,"href":"http:\/\/ludzie.fundacja-pih.pl\/index.php\/wp-json\/wp\/v2\/media\/506"}],"wp:attachment":[{"href":"http:\/\/ludzie.fundacja-pih.pl\/index.php\/wp-json\/wp\/v2\/media?parent=505"}],"curies":[{"name":"wp","href":"https:\/\/api.w.org\/{rel}","templated":true}]}}