{"id":5086,"date":"2022-01-12T12:33:35","date_gmt":"2022-01-12T12:33:35","guid":{"rendered":"http:\/\/ludzie.fundacja-pih.pl\/?post_type=product&#038;p=5086"},"modified":"2025-05-16T14:23:19","modified_gmt":"2025-05-16T14:23:19","slug":"chachula-tomasz-andrzej","status":"publish","type":"product","link":"http:\/\/ludzie.fundacja-pih.pl\/index.php\/product\/chachula-tomasz-andrzej\/","title":{"rendered":"Chachu\u0142a Tomasz Andrzej"},"content":{"rendered":"<p>Urodzi\u0142 si\u0119 29 listopad1954 roku w m. Warszawa.<\/p>\n<p>Do Solidarno\u015bci Walcz\u0105cej trafi\u0142 przez Seweryna Jaworskiego, kt\u00f3ry mia\u0142 lokal przy ul. Smolnej, gdzie otwarcie zaprasza\u0142 wszystkich ch\u0119tnych i ciekawych odno\u015bnie dzia\u0142alno\u015bci. Po pierwszym otwartym spotkaniu Tomasz Chachu\u0142a by\u0142 wielokrotnie zapraszany na spotkania bardziej konspiracyjne poznaj\u0105c \u015brodowisko SW.<\/p>\n<p>By\u0142 absolwentem Wydzia\u0142u Zarz\u0105dzania Uniwersytetu Warszawskiego. Od 1981 wsp\u00f3\u0142pracowa\u0142 z O\u015brodkiem Bada\u0144 Spo\u0142ecznych Regionu Mazowsze. Od pocz\u0105tku stanu wojennego do 1989 roku kolporter prasy oraz wydawnictw podziemnych.<\/p>\n<p>W 1990 aktywny uczestnik kampanii prezydenckiej Kornela Morawieckiego.<\/p>\n<p>Od 1993 w Partii Wolno\u015b\u0107- wiceprzewodnicz\u0105cy Oddzia\u0142u Mazowsze.<\/p>\n<p>Krzy\u017c Wolno\u015bci i Solidarno\u015bci w 2012 roku.<\/p>\n","protected":false},"excerpt":{"rendered":"<p>Urodzi\u0142 si\u0119 29 listopad1954 roku w m. Warszawa. Do Solidarno\u015bci Walcz\u0105cej trafi\u0142 przez Seweryna Jaworskiego, kt\u00f3ry mia\u0142 lokal przy ul. Smolnej, gdzie otwarcie zaprasza\u0142 wszystkich ch\u0119tnych i ciekawych odno\u015bnie dzia\u0142alno\u015bci. Po pierwszym otwartym spotkaniu Tomasz Chachu\u0142a by\u0142 wielokrotnie zapraszany na spotkania bardziej konspiracyjne poznaj\u0105c \u015brodowisko SW. By\u0142 absolwentem Wydzia\u0142u Zarz\u0105dzania Uniwersytetu Warszawskiego. Od 1981 wsp\u00f3\u0142pracowa\u0142 [&hellip;]<\/p>\n","protected":false},"featured_media":5087,"template":"","meta":[],"_links":{"self":[{"href":"http:\/\/ludzie.fundacja-pih.pl\/index.php\/wp-json\/wp\/v2\/product\/5086"}],"collection":[{"href":"http:\/\/ludzie.fundacja-pih.pl\/index.php\/wp-json\/wp\/v2\/product"}],"about":[{"href":"http:\/\/ludzie.fundacja-pih.pl\/index.php\/wp-json\/wp\/v2\/types\/product"}],"wp:featuredmedia":[{"embeddable":true,"href":"http:\/\/ludzie.fundacja-pih.pl\/index.php\/wp-json\/wp\/v2\/media\/5087"}],"wp:attachment":[{"href":"http:\/\/ludzie.fundacja-pih.pl\/index.php\/wp-json\/wp\/v2\/media?parent=5086"}],"curies":[{"name":"wp","href":"https:\/\/api.w.org\/{rel}","templated":true}]}}