{"id":5134,"date":"2022-01-18T08:03:37","date_gmt":"2022-01-18T08:03:37","guid":{"rendered":"http:\/\/ludzie.fundacja-pih.pl\/?post_type=product&#038;p=5134"},"modified":"2025-05-16T14:23:22","modified_gmt":"2025-05-16T14:23:22","slug":"belz-tadeusz-boleslaw","status":"publish","type":"product","link":"http:\/\/ludzie.fundacja-pih.pl\/index.php\/product\/belz-tadeusz-boleslaw\/","title":{"rendered":"Be\u0142z Tadeusz Boles\u0142aw"},"content":{"rendered":"<p>Urodzi\u0142 si\u0119 14 sierpnia 1950 roku w Gorzowie Wielkopolskim, a zmar\u0142 28 lipca 2013 roku w Gliwicach.<\/p>\n<p>W 1969 roku uko\u0144czy\u0142 Technikum Elektromechaniczne w Gliwicach.<br \/>\nW latatch 1975\u20131990 pe\u0142ni\u0142 funkcj\u0119 kierownika Wydzia\u0142u Remontu Sprz\u0119tu Budowlanego w gliwickim Przedsi\u0119biorstwie Rob\u00f3t In\u017cynieryjnych. Pod koniec sierpnia 1980 roku zosta\u0142  przewodnicz\u0105cym Komitetu Strajkowego w trakcie kilkugodzinnego protestu w GPRI. We wrze\u015bniu 1980 roku wst\u0105pi\u0142 do NSZZ  \u201eSolidarno\u015b\u0107\u201d. By\u0142 przewodnicz\u0105cym Komitetu Za\u0142o\u017cycielskiego, a nast\u0119pnie przewodnicz\u0105cym Komitetu Zak\u0142adowego. W 1981 roku zosta\u0142 cz\u0142onkiem Polskiej Partii Demokratycznej. Po wprowadzeniu stanu wojennego, w grudniu 1981 roku zosta\u0142 cz\u0142onkiem \u201eDrugiego Garnituru Delegatury Gliwickiej\u201d, kolporterem wydawnictw podziemnych (m.in. \u201eManifestacji Gliwickiej\u201d), drukarzem oraz wytw\u00f3rc\u0105 urz\u0105dze\u0144 do druku z matryc i na sicie. W sierpniu 1982 roku uczestniczy\u0142 w instalowaniu nadajnika radiowego II GDG. Wykonywa\u0142 tak\u017ce p\u00f3\u0142metrowe piecz\u0119cie, kt\u00f3rymi 8 pa\u017adziernika 1982 roku ostemplowano 150 autobus\u00f3w komunikacji miejskiej w gliwickiej zajezdni. W 1983 roku zosta\u0142 wsp\u00f3\u0142tw\u00f3rc\u0105 gliwickiego oddzia\u0142u \u201eSolidarno\u015bci Walcz\u0105cej\u201d. Organizowa\u0142 r\u00f3wnie\u017c druk i kolporta\u017c wydawnictw \u201eSW\u201d (we wsp\u00f3\u0142pracy m.in. z Jadwig\u0105 Chmielowsk\u0105 i Tadeuszem Drzazgowskim). By\u0142 kilkakrotnie zatrzymany na 48 godzin, szykanowany w pracy (przesuni\u0119cie na gorzej p\u0142atne stanowisko, pogr\u00f3\u017cki, pr\u00f3by zastraszenia). Od grudnia 1981 roku do roku 1989 bra\u0142 udzia\u0142 w dzia\u0142alno\u015bci nieformalnej grupy pomagaj\u0105cej represjonowanym w znalezieniu pracy. W latach 1983 \u20131984 by\u0142 rozpracowywany przez Wydz. V-2 WUSW w Katowicach w ramach SOS o kryptonimie \u201eKooperacja\u201d.<\/p>\n","protected":false},"excerpt":{"rendered":"<p>Urodzi\u0142 si\u0119 14 sierpnia 1950 roku w Gorzowie Wielkopolskim, a zmar\u0142 28 lipca 2013 roku w Gliwicach. W 1969 roku uko\u0144czy\u0142 Technikum Elektromechaniczne w Gliwicach. W latatch 1975\u20131990 pe\u0142ni\u0142 funkcj\u0119 kierownika Wydzia\u0142u Remontu Sprz\u0119tu Budowlanego w gliwickim Przedsi\u0119biorstwie Rob\u00f3t In\u017cynieryjnych. Pod koniec sierpnia 1980 roku zosta\u0142 przewodnicz\u0105cym Komitetu Strajkowego w trakcie kilkugodzinnego protestu w GPRI. [&hellip;]<\/p>\n","protected":false},"featured_media":5135,"template":"","meta":[],"_links":{"self":[{"href":"http:\/\/ludzie.fundacja-pih.pl\/index.php\/wp-json\/wp\/v2\/product\/5134"}],"collection":[{"href":"http:\/\/ludzie.fundacja-pih.pl\/index.php\/wp-json\/wp\/v2\/product"}],"about":[{"href":"http:\/\/ludzie.fundacja-pih.pl\/index.php\/wp-json\/wp\/v2\/types\/product"}],"wp:featuredmedia":[{"embeddable":true,"href":"http:\/\/ludzie.fundacja-pih.pl\/index.php\/wp-json\/wp\/v2\/media\/5135"}],"wp:attachment":[{"href":"http:\/\/ludzie.fundacja-pih.pl\/index.php\/wp-json\/wp\/v2\/media?parent=5134"}],"curies":[{"name":"wp","href":"https:\/\/api.w.org\/{rel}","templated":true}]}}