{"id":5138,"date":"2022-01-18T09:23:24","date_gmt":"2022-01-18T09:23:24","guid":{"rendered":"http:\/\/ludzie.fundacja-pih.pl\/?post_type=product&#038;p=5138"},"modified":"2025-05-16T14:23:23","modified_gmt":"2025-05-16T14:23:23","slug":"blaszczyk-ewa-jadwiga","status":"publish","type":"product","link":"http:\/\/ludzie.fundacja-pih.pl\/index.php\/product\/blaszczyk-ewa-jadwiga\/","title":{"rendered":"B\u0142aszczyk Ewa Jadwiga"},"content":{"rendered":"<p>Urodzi\u0142a si\u0119 w 1952 roku w m. \u0141\u00f3d\u017a<\/p>\n<p>Maj\u0105c kontakty z \u0142\u00f3dzkimi przedstawicielami Komitetu Obrony Robotnik\u00f3w, przechowywa\u0142a oraz kolportowa\u0142a niezale\u017cne tytu\u0142y: \u201ePuls\u201d, \u201eRobotnik\u201d, \u201eSolidarno\u015b\u0107 z Gda\u0144skiem\u201d, wydawnictwa Instytutu Literackiego w Pary\u017cu. By\u0142a cz\u0142onkiem NSZZ \u201eSolidarno\u015b\u0107\u201d w Instytucie Techniki Cieplnej w \u0141odzi. Uczestniczy\u0142a w akcjach ulotkowych. W stanie wojennym wsp\u00f3\u0142organizowa\u0142a mieszkania dla os\u00f3b ukrywaj\u0105cych si\u0119 i wsparcie finansowe dla os\u00f3b zwi\u0105zanych z NSZZ \u201eSolidarno\u015b\u0107\u201d. 20 lutego 1982 roku zosta\u0142a zatrzymana pod zarzutem rozpowszechniania &#8211; w okresie od 13 grudnia 1981 roku do 20 lutego 1982 roku &#8211; nielegalnego biuletynu \u201eSolidarno\u015b\u0107 Walcz\u0105ca\u201d. Wyrokiem z 13 maja 1982 roku, S\u0105d Pomorski Okr\u0119gu Wojskowego w Bydgoszczy skaza\u0142 j\u0105 na kar\u0119 1 roku pozbawienia wolno\u015bci w zawieszeniu na 3 lata oraz 20000 z\u0142 grzywny. W tym samym dniu opu\u015bci\u0142a Zak\u0142ad Karny w Bydgoszczy-Fordonie. W 2016 roku  na podstawie postanowienia Prezydenta RP \u2013 nr 548\/2016 &#8211;  nadano mu Krzy\u017c Wolno\u015bci i Solidarno\u015bci. <\/p>\n","protected":false},"excerpt":{"rendered":"<p>Urodzi\u0142a si\u0119 w 1952 roku w m. \u0141\u00f3d\u017a Maj\u0105c kontakty z \u0142\u00f3dzkimi przedstawicielami Komitetu Obrony Robotnik\u00f3w, przechowywa\u0142a oraz kolportowa\u0142a niezale\u017cne tytu\u0142y: \u201ePuls\u201d, \u201eRobotnik\u201d, \u201eSolidarno\u015b\u0107 z Gda\u0144skiem\u201d, wydawnictwa Instytutu Literackiego w Pary\u017cu. By\u0142a cz\u0142onkiem NSZZ \u201eSolidarno\u015b\u0107\u201d w Instytucie Techniki Cieplnej w \u0141odzi. Uczestniczy\u0142a w akcjach ulotkowych. W stanie wojennym wsp\u00f3\u0142organizowa\u0142a mieszkania dla os\u00f3b ukrywaj\u0105cych si\u0119 i [&hellip;]<\/p>\n","protected":false},"featured_media":5139,"template":"","meta":[],"_links":{"self":[{"href":"http:\/\/ludzie.fundacja-pih.pl\/index.php\/wp-json\/wp\/v2\/product\/5138"}],"collection":[{"href":"http:\/\/ludzie.fundacja-pih.pl\/index.php\/wp-json\/wp\/v2\/product"}],"about":[{"href":"http:\/\/ludzie.fundacja-pih.pl\/index.php\/wp-json\/wp\/v2\/types\/product"}],"wp:featuredmedia":[{"embeddable":true,"href":"http:\/\/ludzie.fundacja-pih.pl\/index.php\/wp-json\/wp\/v2\/media\/5139"}],"wp:attachment":[{"href":"http:\/\/ludzie.fundacja-pih.pl\/index.php\/wp-json\/wp\/v2\/media?parent=5138"}],"curies":[{"name":"wp","href":"https:\/\/api.w.org\/{rel}","templated":true}]}}