{"id":5143,"date":"2022-01-18T10:04:01","date_gmt":"2022-01-18T10:04:01","guid":{"rendered":"http:\/\/ludzie.fundacja-pih.pl\/?post_type=product&#038;p=5143"},"modified":"2025-05-16T14:23:24","modified_gmt":"2025-05-16T14:23:24","slug":"brzezniak-stanislaw","status":"publish","type":"product","link":"http:\/\/ludzie.fundacja-pih.pl\/index.php\/product\/brzezniak-stanislaw\/","title":{"rendered":"Brze\u017aniak Stanis\u0142aw"},"content":{"rendered":"<p>Urodzi\u0142 si\u0119\u00a05 czerwca 1962 roku w m. O\u015bwi\u0119cim<\/p>\n<p>Od jesieni 1980 roku, jako pracownik Zak\u0142ad\u00f3w Chemicznych w O\u015bwi\u0119cimiu, a nast\u0119pnie Kopalni W\u0119gla Kamiennego \u201eBrzeszcze\u201d nale\u017ca\u0142 do NSZZ \u201eSolidarno\u015b\u0107\u201d. Po wprowadzeniu stanu wojennego bra\u0142 udzia\u0142 w strajku w ww. kopalni. Nast\u0119pnie by\u0142 zaanga\u017cowany w dzia\u0142alno\u015b\u0107 podziemnych struktur \u201eSolidarno\u015bci\u201d. Od 1984 roku nale\u017ca\u0142 do Konfederacji Polski Niepodleg\u0142ej, zwi\u0105zany by\u0142 tak\u017ce z \u201eSolidarno\u015bci\u0105 Walcz\u0105c\u0105\u201d. Kolportowa\u0142 wydawnictwa podziemne, uczestniczy\u0142 w antyre\u017cimowych manifestacjach. W 2019 roku  na podstawie postanowienia Prezydenta RP \u2013 nr 456\/2019 &#8211;  nadano mu Krzy\u017c Wolno\u015bci i Solidarno\u015bci.<\/p>\n","protected":false},"excerpt":{"rendered":"<p>Urodzi\u0142 si\u0119\u00a05 czerwca 1962 roku w m. O\u015bwi\u0119cim Od jesieni 1980 roku, jako pracownik Zak\u0142ad\u00f3w Chemicznych w O\u015bwi\u0119cimiu, a nast\u0119pnie Kopalni W\u0119gla Kamiennego \u201eBrzeszcze\u201d nale\u017ca\u0142 do NSZZ \u201eSolidarno\u015b\u0107\u201d. Po wprowadzeniu stanu wojennego bra\u0142 udzia\u0142 w strajku w ww. kopalni. Nast\u0119pnie by\u0142 zaanga\u017cowany w dzia\u0142alno\u015b\u0107 podziemnych struktur \u201eSolidarno\u015bci\u201d. Od 1984 roku nale\u017ca\u0142 do Konfederacji Polski Niepodleg\u0142ej, [&hellip;]<\/p>\n","protected":false},"featured_media":5268,"template":"","meta":[],"_links":{"self":[{"href":"http:\/\/ludzie.fundacja-pih.pl\/index.php\/wp-json\/wp\/v2\/product\/5143"}],"collection":[{"href":"http:\/\/ludzie.fundacja-pih.pl\/index.php\/wp-json\/wp\/v2\/product"}],"about":[{"href":"http:\/\/ludzie.fundacja-pih.pl\/index.php\/wp-json\/wp\/v2\/types\/product"}],"wp:featuredmedia":[{"embeddable":true,"href":"http:\/\/ludzie.fundacja-pih.pl\/index.php\/wp-json\/wp\/v2\/media\/5268"}],"wp:attachment":[{"href":"http:\/\/ludzie.fundacja-pih.pl\/index.php\/wp-json\/wp\/v2\/media?parent=5143"}],"curies":[{"name":"wp","href":"https:\/\/api.w.org\/{rel}","templated":true}]}}