{"id":519,"date":"2020-12-02T11:55:09","date_gmt":"2020-12-02T11:55:09","guid":{"rendered":"http:\/\/ludzie.fundacja-pih.pl\/?post_type=product&#038;p=519"},"modified":"2025-05-16T14:10:24","modified_gmt":"2025-05-16T14:10:24","slug":"fiecko-jerzy","status":"publish","type":"product","link":"http:\/\/ludzie.fundacja-pih.pl\/index.php\/product\/fiecko-jerzy\/","title":{"rendered":"Fie\u0107ko Jerzy"},"content":{"rendered":"<p>Urodzi\u0142a si\u0119 10 marca 1960 roku w Krasnopolu.<\/p>\n<p>W 1985 roku uko\u0144czy\u0142 studia polonistyczne na Uniwersyetcie im. Adama Mickiewicza w Poznaniu. W 2014 roku otrzyma\u0142 tytu\u0142 profesora tej uczelni. W latach 1979 \u2013 1980 by\u0142 uczniem Technikum Mechanicznego w Suwa\u0142kach i kolporterem niezale\u017cnych wydawnictw na Suwalszczy\u017anie w tym. m.in. pism \u201eBiuletyn Informacyjny\u201d KOR\/KSS KOR, \u201eKultura\u201d (Pary\u017c), \u201eZapis\u201d, \u201eKrytyka\u201d czy ksi\u0105\u017cek NOW-ej. W pa\u017adzierniku 1980 roku zosta\u0142 cz\u0142onkiem Komitetu Za\u0142o\u017cycielskiego Niezale\u017cnego Zrzeszenia Student\u00f3w Uniwersytetu im. Adama Mickiewicza w Poznaniu. W latach 1981 \u2013 1985 pracowa\u0142 dorywczo m.in. jako pracownik ZR Pojezierze. W dniach 8 \u2013 18 lutego 1981 roku uczestniczy\u0142 w strajku og\u0142oszonym w sprawie rejestracji NZS na UAM. W dniach 24 listopada \u2013 12 grudnia 1981 roku by\u0142 wsp\u00f3\u0142organizatorem strajku solidarno\u015bciowego ze studentami radomskiej WSI, by\u0142 r\u00f3wnie\u017c wsp\u00f3\u0142odpowiedzialny za bezpiecze\u0144stwo i porz\u0105dek w gmachu Collegium Novum UAM. Od momentu wprowadzenia stanu wojennego tj. od 13 grudnia 1981 roku do 10 lutego 1982 roku ukrywa\u0142 si\u0119. 12 lutego 1982 roku zosta\u0142 internowany. By\u0142 przetrzymywany w O\u015brodku Odosobnienia  w G\u0119barzewie. W lutym i maju 1982 roku bra\u0142 udzia\u0142 w tamtejszych buncie i g\u0142od\u00f3wkach. 7 lipca tego samego roku zosta\u0142 zwolniony z internowania. W latach 1982 \u2013 1985 wsp\u00f3\u0142organizowa\u0142 samorz\u0105d studencki na UAM. W 1983 zosta\u0142 przewodnicz\u0105cym samorz\u0105du studenckiego na Wydziale Filologicznym i cz\u0142onkiem Senatu UAM. W latach 1984 \u20131989 by\u0142 wsp\u00f3\u0142autorem (ps. Jan Arciszewski, Grzegorz Darski), redaktorem i organizatorem dzia\u0142alno\u015bci wydawniczej podziemnego pisma \u201eSolidarno\u015b\u0107 Walcz\u0105ca\u201d. Od pocz\u0105tku stanu wojennego do 1989 roku kolportowa\u0142 wydawnictwa podziemne w tym m.in. \u201eObserwatora Wielkopolskiego\u201d, \u201eTygodnika Mazowsze\u201d, \u201eWeto\u201d, \u201ePWA\u201d. W latatch 1981 \u2013 1987 by\u0142 wielokrotnie zatrzymywany i przes\u0142uchiwany. W latach 1984 \u2013 1987 wsp\u00f3\u0142tworzy\u0142, redagowa\u0142 i organizowa\u0142 prac\u0119 zespo\u0142u redakcyjnego podziemnego pisma \u201eCzas\u201d. W 1987 roku stworzy\u0142 teksty do podziemnego podr\u0119cznika historii literatury \u201eGlosariusz\u201d dedykowanego nauczycielom i uczniom szk\u00f3\u0142 \u015brednich. 3 grudnia 1987 roku zosta\u0142 ukarany grzywn\u0105 przez kolegium ds. wykrocze\u0144. W latach 1988 \u2013 1989 wsp\u00f3\u0142tworzy\u0142, redagowa\u0142 i publikowa\u0142 swoje teksty w podziemnym pi\u015bmie \u201eKomentarz\u201d. Od 1985 roku pracowa\u0142 jako asystent, a nast\u0119pnie adiunkt i wreszcie profesor na UAM w Poznaniu. W latach 1985 \u2013 1988 sporadycznie po\u015bredniczy\u0142 w kontaktach dzia\u0142aczy opozycji z dziennikarzami i dyplomatami zachodnimi, przekazywa\u0142 informacje o sytuacji w kraju.  W roku 1988 by\u0142 cz\u0142onkiem KZ UAM w Poznaniu. Mi\u0119dzy 1989 a 1993 rokiem czy\u0142 cz\u0142onkiem KZ UAM w Poznaniu. Autor ksi\u0105\u017cek m.in. \u201ePolska, Rosja i misja zes\u0142a\u0144c\u00f3w\u201d, \u201eRosja Krasi\u0144skiego. Rzecz o nieprzejednaniu\u201d, \u201eKrasi\u0144ski przeciw Mickiewiczowi. Najwa\u017cniejszy sp\u00f3r romantyk\u00f3w\u201d oraz rozpraw i artyku\u0142\u00f3w naukowych. Redaktor po\u015bmiertnie wydanej ksi\u0105\u017cki W\u0142odzimierza Filipka \u201eDziennikarz w \u015bwiecie klerk\u00f3w\u201d i wsp\u00f3\u0142autor suplementu do niej \u201eBy\u0142 sobie Czas\u201d. W 2002 roku zosta\u0142 wyr\u00f3\u017cniony odznak\u0105 Zas\u0142u\u017cony Dzia\u0142acz Kultury, w 2012 roku odznaczony Krzy\u017cem Kawalerskim Orderu Odrodzenia Polski. W 2007 i 2012 roku by\u0142 laureatem nagrody Ministra Nauki i Szkolnictwa Wy\u017cszego. Od 2 maja do 28 pa\u017adziernika 1980 roku by\u0142 rozpracowywany przez Wydzia\u0142 III KWMO w Suwa\u0142kach w ramach SOR o kryptonimie \u201eTechnik\u201d. Od 10 listopada 1980 roku do 28 marca 1985 roku rozpracowywany przez Wydzia\u0142 III\/III-1 KWMO w Poznaniu w ramach SOR\/KE o kryptonimie \u201eTechnik\u201d.  Od 28 marca 1985 roku do 25 czerwca 1987 roku rozpracowywany przez Wydzia\u0142 III-1 Sek. III KW MO\/WUSW w ramach SOR o kryptonimie KOS.<\/p>\n","protected":false},"excerpt":{"rendered":"<p>Urodzi\u0142a si\u0119 10 marca 1960 roku w Krasnopolu. W 1985 roku uko\u0144czy\u0142 studia polonistyczne na Uniwersyetcie im. Adama Mickiewicza w Poznaniu. W 2014 roku otrzyma\u0142 tytu\u0142 profesora tej uczelni. W latach 1979 \u2013 1980 by\u0142 uczniem Technikum Mechanicznego w Suwa\u0142kach i kolporterem niezale\u017cnych wydawnictw na Suwalszczy\u017anie w tym. m.in. pism \u201eBiuletyn Informacyjny\u201d KOR\/KSS KOR, \u201eKultura\u201d [&hellip;]<\/p>\n","protected":false},"featured_media":520,"template":"","meta":[],"_links":{"self":[{"href":"http:\/\/ludzie.fundacja-pih.pl\/index.php\/wp-json\/wp\/v2\/product\/519"}],"collection":[{"href":"http:\/\/ludzie.fundacja-pih.pl\/index.php\/wp-json\/wp\/v2\/product"}],"about":[{"href":"http:\/\/ludzie.fundacja-pih.pl\/index.php\/wp-json\/wp\/v2\/types\/product"}],"wp:featuredmedia":[{"embeddable":true,"href":"http:\/\/ludzie.fundacja-pih.pl\/index.php\/wp-json\/wp\/v2\/media\/520"}],"wp:attachment":[{"href":"http:\/\/ludzie.fundacja-pih.pl\/index.php\/wp-json\/wp\/v2\/media?parent=519"}],"curies":[{"name":"wp","href":"https:\/\/api.w.org\/{rel}","templated":true}]}}