{"id":5205,"date":"2022-02-08T09:41:48","date_gmt":"2022-02-08T09:41:48","guid":{"rendered":"http:\/\/ludzie.fundacja-pih.pl\/?post_type=product&#038;p=5205"},"modified":"2025-05-16T14:23:30","modified_gmt":"2025-05-16T14:23:30","slug":"harendarz-mariusz-kalisz","status":"publish","type":"product","link":"http:\/\/ludzie.fundacja-pih.pl\/index.php\/product\/harendarz-mariusz-kalisz\/","title":{"rendered":"Harendarz Mariusz (Kalisz)"},"content":{"rendered":"<p>Urodzi\u0142 si\u0119 8 czerwca 1960 roku w Kaliszu.<\/p>\n<p>W 1985 roku uko\u0144czy\u0142 studia na Wydziale Budownictwa L\u0105dowego  Politechniki Pozna\u0144skiej. Od wrze\u015bnia 1980 roku nale\u017ca\u0142 do NZS, dostarcza\u0142 z Poznania do Kalisza wydawnictwa niezale\u017cne. Po wprowadzeniu stanu wojennego zaj\u0105\u0142 si\u0119 kolporta\u017cem prasy podziemnej. Od grudnia 1984 roku by\u0142 zaprzysi\u0119\u017conym cz\u0142onkiem pozna\u0144skiego oddzia\u0142u \u201eSolidarno\u015bci Walcz\u0105cej\u201d. Wsp\u00f3\u0142organizowa\u0142 grupy SW w Kaliszu. Od 1985 roku drukowa\u0142 \u2013 m.in. w swoim mieszkaniu &#8211; ulotki oraz pismo kaliskiego oddzia\u0142u SW pt. \u201eSolidarno\u015b\u0107 Walcz\u0105ca\u201d. Wydrukowany nak\u0142ad dostarcza\u0142 przedstawicielom kaliskich zak\u0142ad\u00f3w, a tak\u017ce zawozi\u0142 do Poznania. Przywozi\u0142 r\u00f3wnie\u017c do Kalisza wydawnictwa podziemne wydawane w Poznaniu i r\u00f3\u017cnych miastach Polski. Uczestniczy\u0142 w manifestacjach po Mszach za Ojczyzn\u0119 w ko\u015bciele oo. Jezuit\u00f3w w Kaliszu. 13 stycznia 1983 roku, podczas jednej z nich, zosta\u0142 pobity przez SB i przewieziony do Izby Wytrze\u017awie\u0144. <\/p>\n","protected":false},"excerpt":{"rendered":"<p>Urodzi\u0142 si\u0119 8 czerwca 1960 roku w Kaliszu. W 1985 roku uko\u0144czy\u0142 studia na Wydziale Budownictwa L\u0105dowego Politechniki Pozna\u0144skiej. Od wrze\u015bnia 1980 roku nale\u017ca\u0142 do NZS, dostarcza\u0142 z Poznania do Kalisza wydawnictwa niezale\u017cne. Po wprowadzeniu stanu wojennego zaj\u0105\u0142 si\u0119 kolporta\u017cem prasy podziemnej. Od grudnia 1984 roku by\u0142 zaprzysi\u0119\u017conym cz\u0142onkiem pozna\u0144skiego oddzia\u0142u \u201eSolidarno\u015bci Walcz\u0105cej\u201d. Wsp\u00f3\u0142organizowa\u0142 grupy [&hellip;]<\/p>\n","protected":false},"featured_media":0,"template":"","meta":[],"_links":{"self":[{"href":"http:\/\/ludzie.fundacja-pih.pl\/index.php\/wp-json\/wp\/v2\/product\/5205"}],"collection":[{"href":"http:\/\/ludzie.fundacja-pih.pl\/index.php\/wp-json\/wp\/v2\/product"}],"about":[{"href":"http:\/\/ludzie.fundacja-pih.pl\/index.php\/wp-json\/wp\/v2\/types\/product"}],"wp:attachment":[{"href":"http:\/\/ludzie.fundacja-pih.pl\/index.php\/wp-json\/wp\/v2\/media?parent=5205"}],"curies":[{"name":"wp","href":"https:\/\/api.w.org\/{rel}","templated":true}]}}