{"id":5208,"date":"2022-02-11T13:11:35","date_gmt":"2022-02-11T13:11:35","guid":{"rendered":"http:\/\/ludzie.fundacja-pih.pl\/?post_type=product&#038;p=5208"},"modified":"2025-05-16T14:23:31","modified_gmt":"2025-05-16T14:23:31","slug":"biezunski-henryk","status":"publish","type":"product","link":"http:\/\/ludzie.fundacja-pih.pl\/index.php\/product\/biezunski-henryk\/","title":{"rendered":"Bie\u017cu\u0144ski Henryk"},"content":{"rendered":"<p>Urodzi\u0142 si\u0119 13 stycznia 1926 roku w Cieksynie, zm. 5 lipca 2002 roku we Wroc\u0142awiu.<\/p>\n<p>W latach czterdziestych XX wieku, po uko\u0144czeniu 14 roku \u017cycia, zosta\u0142 zes\u0142any na przymusowe roboty do Kr\u00f3lewca. Pocz\u0105tkowo ukrywa\u0142 si\u0119 przed  Niemcami, jednak na gro\u017ab\u0119  wywiezienia  zamiast niego ,jego starszej siostry Henryki Bie\u017cu\u0144skiej zg\u0142osi\u0142 si\u0119 do Arbeitsamtu. W Kr\u00f3lewcu przyuczy\u0142 si\u0119 do zawodu krawieckiego. W szwalni uprawia\u0142 tzw. ma\u0142y sabota\u017c m.in. podcina\u0142 szwy w mundurach, kt\u00f3re szy\u0142 dla Wermachtu, aby zbyt d\u0142ugo nie s\u0142u\u017cy\u0142y niemieckim \u017co\u0142nierzom, zw\u0142aszcza na froncie. W mie\u015bcie przebywa\u0142 do zdobycia go przez Armi\u0119 Sowieck\u0105. Jeszcze przed jej wkroczeniem zmuszony by\u0142, tak jak inni robotnicy przymusowi, do budowania umocnie\u0144 obronnych, po przekszta\u0142ceniu na rozkaz Hitlera, Kr\u00f3lewca w miasto twierdz\u0119. Po wojnie osiedli\u0142 si\u0119 wraz z rodzin\u0105 we Wroc\u0142awiu. Jako elektryk pracowa\u0142 w r\u00f3\u017cnych przedsi\u0119biorstwach wroc\u0142awskich, w tym w Przedsi\u0119biorstwie Rob\u00f3t Kolejowych nr 8. We wrze\u015bniu 1980 roku wst\u0105pi\u0142 do NSZZ \u201eSolidarno\u015b\u0107\u201d. W latach 1982 &#8211; 1988 w swoim zak\u0142adzie pracy kolportowa\u0142 podziemne wydawnictwa, zw\u0142aszcza te, kt\u00f3re by\u0142y sygnowane przez \u201eSolidarno\u015b\u0107 Walcz\u0105c\u0105\u201d. Rozprowadza\u0142 tak\u017ce konspiracyjne ksi\u0105\u017cki, kalendarze, znaczki pocztowe i inne materia\u0142y drukowane w podziemiu.<br \/>\nPo \u201eOkr\u0105g\u0142ym Stole\u201d, w pierwszych wyborach do kontraktowego Sejmu, a tak\u017ce Senatu g\u0142osowa\u0142 na kandydat\u00f3w Obywatelskiego Komitetu Wyborczego.<br \/>\nNa emerytur\u0119 w PRK (w latach 90-tych ubieg\u0142ego wieku przekszta\u0142cone w Zak\u0142ady Budownictwa Kolejowego) przeszed\u0142 w styczniu 1991 roku.<\/p>\n","protected":false},"excerpt":{"rendered":"<p>Urodzi\u0142 si\u0119 13 stycznia 1926 roku w Cieksynie, zm. 5 lipca 2002 roku we Wroc\u0142awiu. W latach czterdziestych XX wieku, po uko\u0144czeniu 14 roku \u017cycia, zosta\u0142 zes\u0142any na przymusowe roboty do Kr\u00f3lewca. Pocz\u0105tkowo ukrywa\u0142 si\u0119 przed Niemcami, jednak na gro\u017ab\u0119 wywiezienia zamiast niego ,jego starszej siostry Henryki Bie\u017cu\u0144skiej zg\u0142osi\u0142 si\u0119 do Arbeitsamtu. W Kr\u00f3lewcu przyuczy\u0142 [&hellip;]<\/p>\n","protected":false},"featured_media":5271,"template":"","meta":[],"_links":{"self":[{"href":"http:\/\/ludzie.fundacja-pih.pl\/index.php\/wp-json\/wp\/v2\/product\/5208"}],"collection":[{"href":"http:\/\/ludzie.fundacja-pih.pl\/index.php\/wp-json\/wp\/v2\/product"}],"about":[{"href":"http:\/\/ludzie.fundacja-pih.pl\/index.php\/wp-json\/wp\/v2\/types\/product"}],"wp:featuredmedia":[{"embeddable":true,"href":"http:\/\/ludzie.fundacja-pih.pl\/index.php\/wp-json\/wp\/v2\/media\/5271"}],"wp:attachment":[{"href":"http:\/\/ludzie.fundacja-pih.pl\/index.php\/wp-json\/wp\/v2\/media?parent=5208"}],"curies":[{"name":"wp","href":"https:\/\/api.w.org\/{rel}","templated":true}]}}