{"id":5209,"date":"2022-02-11T13:13:15","date_gmt":"2022-02-11T13:13:15","guid":{"rendered":"http:\/\/ludzie.fundacja-pih.pl\/?post_type=product&#038;p=5209"},"modified":"2025-05-16T14:23:32","modified_gmt":"2025-05-16T14:23:32","slug":"bryk-andrzej","status":"publish","type":"product","link":"http:\/\/ludzie.fundacja-pih.pl\/index.php\/product\/bryk-andrzej\/","title":{"rendered":"Bryk Andrzej"},"content":{"rendered":"<p>Urodzi\u0142 si\u0119 12 maja 1966 roku w Wa\u0142brzychu.<\/p>\n<p>31 sierpnia 1982 roku wzi\u0105\u0142 udzia\u0142 w demonstracji antyre\u017cimowej w Wa\u0142brzychu. W zwi\u0105zku z jego uczestnictwem w niej, S\u0142u\u017cba Bezpiecze\u0144stwa rozpocz\u0119\u0142a intensywne rozpracowywanie jego osoby w sprawie o kryptonimie \u201eAltanka\u201d. W wyniku pracy operacyjnej, zosta\u0142 zatrzymany i przes\u0142uchany 12 lutego 1983 roku. 31 sierpnia 1983 roku uczestniczy\u0142 w kolejnej antykomunistycznej demonstracji w Nowej Hucie. Od 9 stycznia 1985 roku do 28 czerwca 1985 roku by\u0142 rozpracowywany przez Wydzia\u0142 II WUSW w Wa\u0142brzychu. Od pa\u017adziernika 1985 roku, wsp\u00f3\u0142pracowa\u0142 z Niezale\u017cnym Zwi\u0105zkiem Student\u00f3w wroc\u0142awskiej Akademii Rolniczej i Akademii Medycznej praz Uniwersytetu Wroc\u0142awskiego. Od listopada 1985 roku dzia\u0142a\u0142 jako kurier \u201eSolidarno\u015bci Walcz\u0105cej\u201d, a tak\u017ce koordynator kolporta\u017cu niezale\u017cnych wydawnictw w rejonie Wa\u0142brzycha. W 1988 roku zosta\u0142 skazany przez Kolegium ds. Wykrocze\u0144 za odmow\u0119 s\u0142u\u017cby wojskowej.<\/p>\n","protected":false},"excerpt":{"rendered":"<p>Urodzi\u0142 si\u0119 12 maja 1966 roku w Wa\u0142brzychu. 31 sierpnia 1982 roku wzi\u0105\u0142 udzia\u0142 w demonstracji antyre\u017cimowej w Wa\u0142brzychu. W zwi\u0105zku z jego uczestnictwem w niej, S\u0142u\u017cba Bezpiecze\u0144stwa rozpocz\u0119\u0142a intensywne rozpracowywanie jego osoby w sprawie o kryptonimie \u201eAltanka\u201d. W wyniku pracy operacyjnej, zosta\u0142 zatrzymany i przes\u0142uchany 12 lutego 1983 roku. 31 sierpnia 1983 roku uczestniczy\u0142 [&hellip;]<\/p>\n","protected":false},"featured_media":0,"template":"","meta":[],"_links":{"self":[{"href":"http:\/\/ludzie.fundacja-pih.pl\/index.php\/wp-json\/wp\/v2\/product\/5209"}],"collection":[{"href":"http:\/\/ludzie.fundacja-pih.pl\/index.php\/wp-json\/wp\/v2\/product"}],"about":[{"href":"http:\/\/ludzie.fundacja-pih.pl\/index.php\/wp-json\/wp\/v2\/types\/product"}],"wp:attachment":[{"href":"http:\/\/ludzie.fundacja-pih.pl\/index.php\/wp-json\/wp\/v2\/media?parent=5209"}],"curies":[{"name":"wp","href":"https:\/\/api.w.org\/{rel}","templated":true}]}}