{"id":5213,"date":"2022-02-14T08:33:04","date_gmt":"2022-02-14T08:33:04","guid":{"rendered":"http:\/\/ludzie.fundacja-pih.pl\/?post_type=product&#038;p=5213"},"modified":"2025-05-16T14:23:32","modified_gmt":"2025-05-16T14:23:32","slug":"wawrzyniak-tomasz","status":"publish","type":"product","link":"http:\/\/ludzie.fundacja-pih.pl\/index.php\/product\/wawrzyniak-tomasz\/","title":{"rendered":"Wawrzyniak Tomasz"},"content":{"rendered":"<p>Urodzi\u0142 si\u0119 w 1964 r. <\/p>\n<p>By\u0142 cz\u0142onkiem wroc\u0142awskiego zespo\u0142u Radia \u201eSolidarno\u015b\u0107 Walcz\u0105ca\u201d, kierowanego przez Jana Krusi\u0144skiego. W latach 1984 &#8211; 1990 by\u0142 dysponentem jednego z nadajnik\u00f3w wykorzystywanych przede wszystkim do emisji z r\u00f3wnoczesnym u\u017cyciem kilku \u017ar\u00f3de\u0142 sygna\u0142u.<\/p>\n","protected":false},"excerpt":{"rendered":"<p>Urodzi\u0142 si\u0119 w 1964 r. By\u0142 cz\u0142onkiem wroc\u0142awskiego zespo\u0142u Radia \u201eSolidarno\u015b\u0107 Walcz\u0105ca\u201d, kierowanego przez Jana Krusi\u0144skiego. W latach 1984 &#8211; 1990 by\u0142 dysponentem jednego z nadajnik\u00f3w wykorzystywanych przede wszystkim do emisji z r\u00f3wnoczesnym u\u017cyciem kilku \u017ar\u00f3de\u0142 sygna\u0142u.<\/p>\n","protected":false},"featured_media":0,"template":"","meta":[],"_links":{"self":[{"href":"http:\/\/ludzie.fundacja-pih.pl\/index.php\/wp-json\/wp\/v2\/product\/5213"}],"collection":[{"href":"http:\/\/ludzie.fundacja-pih.pl\/index.php\/wp-json\/wp\/v2\/product"}],"about":[{"href":"http:\/\/ludzie.fundacja-pih.pl\/index.php\/wp-json\/wp\/v2\/types\/product"}],"wp:attachment":[{"href":"http:\/\/ludzie.fundacja-pih.pl\/index.php\/wp-json\/wp\/v2\/media?parent=5213"}],"curies":[{"name":"wp","href":"https:\/\/api.w.org\/{rel}","templated":true}]}}