{"id":5216,"date":"2022-02-14T09:21:17","date_gmt":"2022-02-14T09:21:17","guid":{"rendered":"http:\/\/ludzie.fundacja-pih.pl\/?post_type=product&#038;p=5216"},"modified":"2025-05-16T14:23:33","modified_gmt":"2025-05-16T14:23:33","slug":"jarzebowski-zdzislaw","status":"publish","type":"product","link":"http:\/\/ludzie.fundacja-pih.pl\/index.php\/product\/jarzebowski-zdzislaw\/","title":{"rendered":"Jarz\u0119bowski Zdzis\u0142aw"},"content":{"rendered":"<p>Urodzi\u0142 si\u0119 9 maja 1958 roku we Wroc\u0142awiu.<\/p>\n<p>W latach 1981 &#8211; 1988 wsp\u00f3\u0142uczestniczy\u0142 w powstawaniu wydawnictw podziemnych sygnowanych przez \u201eSolidarno\u015b\u0107 Walcz\u0105c\u0105\u201d. Przygotowywa\u0142 matryce do tych publikacji oraz opracowywa\u0142 dokumentacj\u0119 specjalistycznej elektronicznej maszyny do pisania u\u017cywanej w tym procesie. Zajmowa\u0142 si\u0119 kolporta\u017cem wydawnictw konspiracyjnych oraz nagra\u0144 audycji radiowych SW na kasetach magnetofonowych. Udost\u0119pnia\u0142 r\u00f3wnie\u017c swoje mieszkanie do emitowania takich audycji. Zorganizowa\u0142 produkcj\u0119 wyspecjalizowanych skaner\u00f3w do s\u0142uchania cz\u0119stotliwo\u015bci zarezerwowanych dla SB. Zorganizowa\u0142 produkcj\u0119 znak\u00f3w plastikowych\/metalowych popularyzuj\u0105cych osoby oraz idee solidarno\u015bciowe. Wspiera\u0142 pod wzgl\u0119dem logistycznym mieszkanie, gdzie ukrywa\u0142 si\u0119 Kornel Morawiecki. Za swoj\u0105 dzia\u0142alno\u015b\u0107 by\u0142 represjonowany przez SB. Dwukrotnie zosta\u0142 zatrzymany, dwukrotnie te\u017c przeprowadzano rewizje w jego mieszkaniu i w obydwu przypadkach zako\u0144czy\u0142o si\u0119 to konfiskat\u0105 materia\u0142\u00f3w solidarno\u015bciowych. W czasie pierwszego przes\u0142uchania zosta\u0142 pobity, wskutek pobicia cz\u0119\u015bciowo utraci\u0142 s\u0142uch.<\/p>\n","protected":false},"excerpt":{"rendered":"<p>Urodzi\u0142 si\u0119 9 maja 1958 roku we Wroc\u0142awiu. W latach 1981 &#8211; 1988 wsp\u00f3\u0142uczestniczy\u0142 w powstawaniu wydawnictw podziemnych sygnowanych przez \u201eSolidarno\u015b\u0107 Walcz\u0105c\u0105\u201d. Przygotowywa\u0142 matryce do tych publikacji oraz opracowywa\u0142 dokumentacj\u0119 specjalistycznej elektronicznej maszyny do pisania u\u017cywanej w tym procesie. Zajmowa\u0142 si\u0119 kolporta\u017cem wydawnictw konspiracyjnych oraz nagra\u0144 audycji radiowych SW na kasetach magnetofonowych. Udost\u0119pnia\u0142 r\u00f3wnie\u017c swoje [&hellip;]<\/p>\n","protected":false},"featured_media":0,"template":"","meta":[],"_links":{"self":[{"href":"http:\/\/ludzie.fundacja-pih.pl\/index.php\/wp-json\/wp\/v2\/product\/5216"}],"collection":[{"href":"http:\/\/ludzie.fundacja-pih.pl\/index.php\/wp-json\/wp\/v2\/product"}],"about":[{"href":"http:\/\/ludzie.fundacja-pih.pl\/index.php\/wp-json\/wp\/v2\/types\/product"}],"wp:attachment":[{"href":"http:\/\/ludzie.fundacja-pih.pl\/index.php\/wp-json\/wp\/v2\/media?parent=5216"}],"curies":[{"name":"wp","href":"https:\/\/api.w.org\/{rel}","templated":true}]}}