{"id":5219,"date":"2022-02-14T09:58:33","date_gmt":"2022-02-14T09:58:33","guid":{"rendered":"http:\/\/ludzie.fundacja-pih.pl\/?post_type=product&#038;p=5219"},"modified":"2025-05-16T14:23:35","modified_gmt":"2025-05-16T14:23:35","slug":"tracz-andrzej","status":"publish","type":"product","link":"http:\/\/ludzie.fundacja-pih.pl\/index.php\/product\/tracz-andrzej\/","title":{"rendered":"Tracz Andrzej"},"content":{"rendered":"<p>Urodzi\u0142 si\u0119 w 1966 r. <\/p>\n<p>By\u0142 wsp\u00f3\u0142pracownikiem \u201eSolidarno\u015bci Walcz\u0105cej\u201d dzia\u0142aj\u0105cym g\u0142\u00f3wnie we Wroc\u0142awiu. Bra\u0142 udzia\u0142 w pierwszej wielkiej demonstracji<br \/>\nstanu wojennego, jaka mia\u0142a miejsce w Gda\u0144sku w grudniu 1981 roku. Od 1983 roku by\u0142 kolporterem wydawnictw podziemnych nale\u017c\u0105cym do siatki kierowanej przez Adama Lipi\u0144skiego. Rozpowszechnia\u0142 w\u00f3wczas m.in. publikacje sygnowane przez \u201eSolidarno\u015b\u0107 Walcz\u0105c\u0105\u201d. W 1987 roku by\u0142 jednym z najbli\u017cszych wsp\u00f3\u0142pracownik\u00f3w W. Fydrycha. Wsp\u00f3\u0142organizowa\u0142 i bra\u0142 udzia\u0142 w pierwszych happeningach Pomara\u0144czowej Alternatywy. W 1988 roku uczestniczy\u0142 w podr\u00f3\u017cach kurierskich z pras\u0105 \u201eSolidarno\u015bci Walcz\u0105cej\u201d na trasie Wroc\u0142aw &#8211; Gdynia.<\/p>\n","protected":false},"excerpt":{"rendered":"<p>Urodzi\u0142 si\u0119 w 1966 r. By\u0142 wsp\u00f3\u0142pracownikiem \u201eSolidarno\u015bci Walcz\u0105cej\u201d dzia\u0142aj\u0105cym g\u0142\u00f3wnie we Wroc\u0142awiu. Bra\u0142 udzia\u0142 w pierwszej wielkiej demonstracji stanu wojennego, jaka mia\u0142a miejsce w Gda\u0144sku w grudniu 1981 roku. Od 1983 roku by\u0142 kolporterem wydawnictw podziemnych nale\u017c\u0105cym do siatki kierowanej przez Adama Lipi\u0144skiego. Rozpowszechnia\u0142 w\u00f3wczas m.in. publikacje sygnowane przez \u201eSolidarno\u015b\u0107 Walcz\u0105c\u0105\u201d. W 1987 roku [&hellip;]<\/p>\n","protected":false},"featured_media":0,"template":"","meta":[],"_links":{"self":[{"href":"http:\/\/ludzie.fundacja-pih.pl\/index.php\/wp-json\/wp\/v2\/product\/5219"}],"collection":[{"href":"http:\/\/ludzie.fundacja-pih.pl\/index.php\/wp-json\/wp\/v2\/product"}],"about":[{"href":"http:\/\/ludzie.fundacja-pih.pl\/index.php\/wp-json\/wp\/v2\/types\/product"}],"wp:attachment":[{"href":"http:\/\/ludzie.fundacja-pih.pl\/index.php\/wp-json\/wp\/v2\/media?parent=5219"}],"curies":[{"name":"wp","href":"https:\/\/api.w.org\/{rel}","templated":true}]}}