{"id":5221,"date":"2022-02-14T10:25:55","date_gmt":"2022-02-14T10:25:55","guid":{"rendered":"http:\/\/ludzie.fundacja-pih.pl\/?post_type=product&#038;p=5221"},"modified":"2025-05-16T14:23:37","modified_gmt":"2025-05-16T14:23:37","slug":"chmielarczyk-robert","status":"publish","type":"product","link":"http:\/\/ludzie.fundacja-pih.pl\/index.php\/product\/chmielarczyk-robert\/","title":{"rendered":"Chmielarczyk Robert"},"content":{"rendered":"<p>Urodzi\u0142 si\u0119 23 kwietnia 1964 roku we Wroc\u0142awiu.<\/p>\n<p>By\u0142 wsp\u00f3\u0142pracownikiem \u201eSolidarno\u015bci Walcz\u0105cej\u201d, dzia\u0142aj\u0105cym g\u0142\u00f3wnie na terenie Wroc\u0142awia. Bra\u0142 udzia\u0142 w akcjach malowania antyre\u017ciomowych napis\u00f3w na murach oraz w akcji wsp\u00f3\u0142tworzenia grupy samokszta\u0142ceniowej. Jesieni\u0105 1980 roku zosta\u0142 wsp\u00f3\u0142pracownikiem Uczniowskiego Komitetu Odnowy Spo\u0142ecznej oraz jego pism &#8220;Quo Vadis&#8221; i &#8220;Ukosem&#8221;. Od grudnia 1981 roku kolportowa\u0142 wydawnictwa podziemne. W maju 1982 roku zosta\u0142 wsp\u00f3\u0142za\u0142o\u017cycielem i przewodnicz\u0105cym Polskiej Niezale\u017cnej Organizacji M\u0142odzie\u017cowej. Od grudnia 1982 roku do grudnia 1983 roku pe\u0142ni\u0142 funkcj\u0119 redaktora naczelnego podziemnego pisma \u201eM\u0142odzie\u017c\u201d. Organizowa\u0142 szkolenia drukarskie prowadzone przez \u201eSolidarno\u015b\u0107 Walcz\u0105c\u0105\u201d, kolportowa\u0142 pras\u0119 SW. W grudniu 1983 roku zosta\u0142 zatrzymany przez SB po rewizji przeprowadzonej w jego mieszkaniu. Zosta\u0142 zwolniony po 48 godzinach w zwi\u0105zku z brakiem dostatecznych dowod\u00f3w na prowadzenie dzia\u0142alno\u015bci podziemnej. Od 1984 roku wsp\u00f3\u0142pracowa\u0142, a nast\u0119pnie sta\u0142 si\u0119 jedn\u0105 z najwa\u017cniejszych postaci podziemnego Niezale\u017cnego Zrzeszenia Student\u00f3w na Uniwersytecie Wroc\u0142awskim. Robert Chmielarczyk zosta\u0142 odznaczony Krzy\u017cem Kawalerskim Polonia Restituta.<\/p>\n","protected":false},"excerpt":{"rendered":"<p>Urodzi\u0142 si\u0119 23 kwietnia 1964 roku we Wroc\u0142awiu. By\u0142 wsp\u00f3\u0142pracownikiem \u201eSolidarno\u015bci Walcz\u0105cej\u201d, dzia\u0142aj\u0105cym g\u0142\u00f3wnie na terenie Wroc\u0142awia. Bra\u0142 udzia\u0142 w akcjach malowania antyre\u017ciomowych napis\u00f3w na murach oraz w akcji wsp\u00f3\u0142tworzenia grupy samokszta\u0142ceniowej. Jesieni\u0105 1980 roku zosta\u0142 wsp\u00f3\u0142pracownikiem Uczniowskiego Komitetu Odnowy Spo\u0142ecznej oraz jego pism &#8220;Quo Vadis&#8221; i &#8220;Ukosem&#8221;. Od grudnia 1981 roku kolportowa\u0142 wydawnictwa podziemne. [&hellip;]<\/p>\n","protected":false},"featured_media":0,"template":"","meta":[],"_links":{"self":[{"href":"http:\/\/ludzie.fundacja-pih.pl\/index.php\/wp-json\/wp\/v2\/product\/5221"}],"collection":[{"href":"http:\/\/ludzie.fundacja-pih.pl\/index.php\/wp-json\/wp\/v2\/product"}],"about":[{"href":"http:\/\/ludzie.fundacja-pih.pl\/index.php\/wp-json\/wp\/v2\/types\/product"}],"wp:attachment":[{"href":"http:\/\/ludzie.fundacja-pih.pl\/index.php\/wp-json\/wp\/v2\/media?parent=5221"}],"curies":[{"name":"wp","href":"https:\/\/api.w.org\/{rel}","templated":true}]}}