{"id":5228,"date":"2022-02-14T14:16:16","date_gmt":"2022-02-14T14:16:16","guid":{"rendered":"http:\/\/ludzie.fundacja-pih.pl\/?post_type=product&#038;p=5228"},"modified":"2025-05-16T14:23:39","modified_gmt":"2025-05-16T14:23:39","slug":"lewandowski-janusz-2","status":"publish","type":"product","link":"http:\/\/ludzie.fundacja-pih.pl\/index.php\/product\/lewandowski-janusz-2\/","title":{"rendered":"Lewandowski Janusz"},"content":{"rendered":"<p>Urodzi\u0142 si\u0119 1 stycznia 1947 roku w Mennheim(Niemcy).<\/p>\n<p>Nale\u017ca\u0142 do \u201eSolidarno\u015bci Walcz\u0105cej\u201d, w ramach dzia\u0142alno\u015bci w niej, w latach 1983 &#8211; 1990, by\u0142 zaanga\u017cowany w prac\u0119 Radia \u201eSolidarno\u015bci Walcz\u0105cej\u201d jako nadawca audycji. Od 5 maja do sierpnia 1982 roku, a nast\u0119pnie od 8 listopada 1982 roku do 2 lutego 1983 roku by\u0142  internowany w jednostce wojskowej Nr 1431 w Rawiczu.<\/p>\n","protected":false},"excerpt":{"rendered":"<p>Urodzi\u0142 si\u0119 1 stycznia 1947 roku w Mennheim(Niemcy). Nale\u017ca\u0142 do \u201eSolidarno\u015bci Walcz\u0105cej\u201d, w ramach dzia\u0142alno\u015bci w niej, w latach 1983 &#8211; 1990, by\u0142 zaanga\u017cowany w prac\u0119 Radia \u201eSolidarno\u015bci Walcz\u0105cej\u201d jako nadawca audycji. Od 5 maja do sierpnia 1982 roku, a nast\u0119pnie od 8 listopada 1982 roku do 2 lutego 1983 roku by\u0142 internowany w jednostce [&hellip;]<\/p>\n","protected":false},"featured_media":0,"template":"","meta":[],"_links":{"self":[{"href":"http:\/\/ludzie.fundacja-pih.pl\/index.php\/wp-json\/wp\/v2\/product\/5228"}],"collection":[{"href":"http:\/\/ludzie.fundacja-pih.pl\/index.php\/wp-json\/wp\/v2\/product"}],"about":[{"href":"http:\/\/ludzie.fundacja-pih.pl\/index.php\/wp-json\/wp\/v2\/types\/product"}],"wp:attachment":[{"href":"http:\/\/ludzie.fundacja-pih.pl\/index.php\/wp-json\/wp\/v2\/media?parent=5228"}],"curies":[{"name":"wp","href":"https:\/\/api.w.org\/{rel}","templated":true}]}}